{"id":4182,"date":"2014-01-08T21:03:08","date_gmt":"2014-01-08T20:03:08","guid":{"rendered":"http:\/\/jhcakes.com\/shop\/termek\/piros-nyilas-sziv-keksz-kiszuro\/"},"modified":"2024-01-27T19:31:31","modified_gmt":"2024-01-27T18:31:31","slug":"piros-nyilas-sziv-kiszuro","status":"publish","type":"product","link":"https:\/\/jhcakes.com\/shop\/termek\/piros-nyilas-sziv-kiszuro\/","title":{"rendered":"Piros nyilas sz\u00edv kisz\u00far\u00f3"},"content":{"rendered":"<h3 style=\"text-align: justify;\"><span style=\"color: #ec008c;\"><strong>Piros, nyilas sz\u00edv kisz\u00far\u00f3nk<\/strong><\/span>\u00a0haszn\u00e1lhat\u00f3 egymag\u00e1ban, vagy \u00f6sszeragasztott linzerek eset\u00e9ben <span style=\"color: #1ba6b4;\"><strong><a style=\"color: #1ba6b4;\" href=\"https:\/\/jhcakes.com\/shop\/termek\/mini-nyilas-sziv-kiszuro\/\" target=\"_blank\" rel=\"noopener noreferrer\">mini testv\u00e9r\u00e9vel<\/a><\/strong><\/span> egy\u00fctt is.\u00a0<span style=\"font-size: 13px;\">\u00a0<\/span><\/h3>\n<p>&nbsp;<\/p>\n<h3><strong>Mihez aj\u00e1nljuk a kisz\u00far\u00f3t?<\/strong><\/h3>\n<ul>\n<li>\n<h3>m\u00e9zes \u00e9s egy\u00e9b t\u00e9sztaf\u00e9l\u00e9khez<\/h3>\n<\/li>\n<li>\n<h3>fondant, cukormassza \u00e9s marcip\u00e1n form\u00e1k kisz\u00far\u00e1s\u00e1hoz<\/h3>\n<\/li>\n<\/ul>\n<h3><strong>Alapanyag:<\/strong><\/h3>\n<ul>\n<li>\n<h3>festett \u00f3nozott lemez, haszn\u00e1latkor formatart\u00f3 marad<\/h3>\n<\/li>\n<\/ul>\n<h3 id=\"tab-description\"><strong>Kezel\u00e9si \u00fatmutat\u00f3:<\/strong><\/h3>\n<ul>\n<li>\n<h3>k\u00e9zzel\u00a0\u00e9s a mosogat\u00f3g\u00e9p fels\u0151 polc\u00e1n mosogat\u00f3g\u00e9pben is moshat\u00f3, leveg\u0151n sz\u00e1r\u00edtand\u00f3<\/h3>\n<\/li>\n<\/ul>\n<div id=\"themify_builder_content-4182\" data-postid=\"4182\" class=\"themify_builder_content themify_builder_content-4182 themify_builder\">\n    <\/div>\n<!-- \/themify_builder_content -->","protected":false},"excerpt":{"rendered":"<h3><strong>Kisz\u00far\u00f3 m\u00e9rete:<\/strong><\/h3>\n<ul>\n<li>\n<h3>sz\u00e9less\u00e9g: \u00a0 \u00a0110 mm<\/h3>\n<\/li>\n<li>\n<h3>magass\u00e1g: \u00a0\u00a060 mm<\/h3>\n<\/li>\n<\/ul>\n","protected":false},"featured_media":12943,"comment_status":"open","ping_status":"closed","template":"","meta":[],"builder_content":"","_links":{"self":[{"href":"https:\/\/jhcakes.com\/shop\/wp-json\/wp\/v2\/product\/4182"}],"collection":[{"href":"https:\/\/jhcakes.com\/shop\/wp-json\/wp\/v2\/product"}],"about":[{"href":"https:\/\/jhcakes.com\/shop\/wp-json\/wp\/v2\/types\/product"}],"replies":[{"embeddable":true,"href":"https:\/\/jhcakes.com\/shop\/wp-json\/wp\/v2\/comments?post=4182"}],"wp:featuredmedia":[{"embeddable":true,"href":"https:\/\/jhcakes.com\/shop\/wp-json\/wp\/v2\/media\/12943"}],"wp:attachment":[{"href":"https:\/\/jhcakes.com\/shop\/wp-json\/wp\/v2\/media?parent=4182"}],"curies":[{"name":"wp","href":"https:\/\/api.w.org\/{rel}","templated":true}]}}