{"id":4165,"date":"2014-01-08T18:29:29","date_gmt":"2014-01-08T17:29:29","guid":{"rendered":"http:\/\/jhcakes.com\/shop\/termek\/nagy-piros-sziv-keksz-kiszuro\/"},"modified":"2024-06-03T13:17:37","modified_gmt":"2024-06-03T11:17:37","slug":"piros-sziv-kiszuro-100-mm","status":"publish","type":"product","link":"https:\/\/jhcakes.com\/shop\/termek\/piros-sziv-kiszuro-100-mm\/","title":{"rendered":"Piros sz\u00edv kisz\u00far\u00f3 100 mm"},"content":{"rendered":"<h3 style=\"text-align: justify;\"><span style=\"color: #ec008c;\"><strong>Piros, sz\u00edv alak\u00fa kisz\u00far\u00f3,<\/strong>\u00a0<\/span><span style=\"color: #878787;\">mely stabil, formatart\u00f3 \u00e9s nagyon k\u00f6nnyen tiszt\u00edthat\u00f3.<\/span><\/h3>\n<h3><span style=\"font-size: 13px;\">\u00a0<\/span><\/h3>\n<h3><span style=\"color: #878787;\"><strong>Mihez aj\u00e1nljuk a kisz\u00far\u00f3t?<\/strong><\/span><\/h3>\n<ul>\n<li>\n<h3><span style=\"color: #878787;\">m\u00e9zes \u00e9s egy\u00e9b t\u00e9sztaf\u00e9l\u00e9khez<\/span><\/h3>\n<\/li>\n<li>\n<h3><span style=\"color: #878787;\">fondant, cukormassza \u00e9s marcip\u00e1n form\u00e1k kisz\u00far\u00e1s\u00e1hoz<\/span><\/h3>\n<\/li>\n<\/ul>\n<h3><span style=\"color: #878787;\"><strong>Alapanyag:<\/strong><\/span><\/h3>\n<ul>\n<li>\n<h3><span style=\"color: #878787;\">festett \u00f3nozott lemez, haszn\u00e1latkor formatart\u00f3 marad<\/span><\/h3>\n<\/li>\n<\/ul>\n<h3 id=\"tab-description\"><span style=\"color: #878787;\"><strong>Kezel\u00e9si \u00fatmutat\u00f3:<\/strong><\/span><\/h3>\n<ul>\n<li>\n<h3><span style=\"color: #878787;\">k\u00e9zzel\u00a0<\/span>\u00e9s a mosogat\u00f3g\u00e9p fels\u0151 polc\u00e1n mosogat\u00f3g\u00e9pben is moshat\u00f3, leveg\u0151n sz\u00e1r\u00edtand\u00f3<\/h3>\n<\/li>\n<\/ul>\n<div id=\"themify_builder_content-4165\" data-postid=\"4165\" class=\"themify_builder_content themify_builder_content-4165 themify_builder\">\n    <\/div>\n<!-- \/themify_builder_content -->","protected":false},"excerpt":{"rendered":"<h3><strong>Kisz\u00far\u00f3 m\u00e9rete:<\/strong><\/h3>\n<ul>\n<li>\n<h3>sz\u00e9less\u00e9g: \u00a0 \u00a0 100 mm<\/h3>\n<\/li>\n<li>\n<h3>magass\u00e1g: \u00a0 100 mm<\/h3>\n<\/li>\n<\/ul>\n","protected":false},"featured_media":7789,"comment_status":"open","ping_status":"closed","template":"","meta":[],"builder_content":"","_links":{"self":[{"href":"https:\/\/jhcakes.com\/shop\/wp-json\/wp\/v2\/product\/4165"}],"collection":[{"href":"https:\/\/jhcakes.com\/shop\/wp-json\/wp\/v2\/product"}],"about":[{"href":"https:\/\/jhcakes.com\/shop\/wp-json\/wp\/v2\/types\/product"}],"replies":[{"embeddable":true,"href":"https:\/\/jhcakes.com\/shop\/wp-json\/wp\/v2\/comments?post=4165"}],"wp:featuredmedia":[{"embeddable":true,"href":"https:\/\/jhcakes.com\/shop\/wp-json\/wp\/v2\/media\/7789"}],"wp:attachment":[{"href":"https:\/\/jhcakes.com\/shop\/wp-json\/wp\/v2\/media?parent=4165"}],"curies":[{"name":"wp","href":"https:\/\/api.w.org\/{rel}","templated":true}]}}