{"id":3700,"date":"2013-10-23T02:16:50","date_gmt":"2013-10-23T00:16:50","guid":{"rendered":"http:\/\/jhcakes.com\/shop\/termek\/kalapos-hoember-kiszuro\/"},"modified":"2020-01-07T22:24:15","modified_gmt":"2020-01-07T21:24:15","slug":"kalapos-hoember-kiszuro","status":"publish","type":"product","link":"https:\/\/jhcakes.com\/shop\/termek\/kalapos-hoember-kiszuro\/","title":{"rendered":"Kalapos h\u00f3ember kisz\u00far\u00f3"},"content":{"rendered":"<h3><span style=\"color: #878787;\"><span style=\"color: #ec008c;\"><strong>Kalapos h\u00f3ember kisz\u00far\u00f3&#8230;<\/strong><span style=\"color: #878787;\">van t\u00e1rsa, t\u00f6bb is :)!<\/span><\/span><\/span><\/h3>\n<p>&nbsp;<\/p>\n<h3><strong>Mihez aj\u00e1nljuk a kisz\u00far\u00f3t?<\/strong><\/h3>\n<ul>\n<li>\n<h3>m\u00e9zes \u00e9s egy\u00e9b t\u00e9sztaf\u00e9l\u00e9khez<\/h3>\n<\/li>\n<li>\n<h3>fondant, cukormassza \u00e9s marcip\u00e1n form\u00e1k kisz\u00far\u00e1s\u00e1hoz<\/h3>\n<\/li>\n<\/ul>\n<h3><strong>Alapanyag:<\/strong><\/h3>\n<ul>\n<li>\n<h3>\u00f3nozott lemez, haszn\u00e1latkor formatart\u00f3 marad<\/h3>\n<\/li>\n<\/ul>\n<h3><strong>Kezel\u00e9si \u00fatmutat\u00f3:<\/strong><\/h3>\n<ul>\n<li>\n<h3>k\u00e9zzel moshat\u00f3, leveg\u0151n sz\u00e1r\u00edtand\u00f3<\/h3>\n<\/li>\n<\/ul>\n<div id=\"themify_builder_content-3700\" data-postid=\"3700\" class=\"themify_builder_content themify_builder_content-3700 themify_builder\">\n    <\/div>\n<!-- \/themify_builder_content -->","protected":false},"excerpt":{"rendered":"<h3>\n\t<!-- shortcode box --> <div class=\"shortcode clearfix box   pink info\"><div class=\"su-animate\" style=\"visibility:hidden;-webkit-animation-duration:1s;-webkit-animation-delay:0s;animation-duration:1s;animation-delay:0s;\" data-animation=\"slideInDown\" data-duration=\"1\" data-delay=\"0\"><strong><span style=\"color: #ec008c;\">Utols\u00f3 darab, ami m\u00e1r nem lesz t\u00f6bbet \ud83d\ude41<\/span><\/div><\/strong><\/div> <!-- \/shortcode box --><\/h3>\n<h3><strong>Kisz\u00far\u00f3 m\u00e9rete:<\/strong><\/h3>\n<ul>\n<li>\n<h3>sz\u00e9less\u00e9g: \u00a0 \u00a0 48 mm<\/h3>\n<\/li>\n<li>\n<h3>magass\u00e1g: \u00a0 \u00a090 mm<\/h3>\n<\/li>\n<\/ul>\n","protected":false},"featured_media":3701,"comment_status":"open","ping_status":"closed","template":"","meta":[],"builder_content":"","_links":{"self":[{"href":"https:\/\/jhcakes.com\/shop\/wp-json\/wp\/v2\/product\/3700"}],"collection":[{"href":"https:\/\/jhcakes.com\/shop\/wp-json\/wp\/v2\/product"}],"about":[{"href":"https:\/\/jhcakes.com\/shop\/wp-json\/wp\/v2\/types\/product"}],"replies":[{"embeddable":true,"href":"https:\/\/jhcakes.com\/shop\/wp-json\/wp\/v2\/comments?post=3700"}],"wp:featuredmedia":[{"embeddable":true,"href":"https:\/\/jhcakes.com\/shop\/wp-json\/wp\/v2\/media\/3701"}],"wp:attachment":[{"href":"https:\/\/jhcakes.com\/shop\/wp-json\/wp\/v2\/media?parent=3700"}],"curies":[{"name":"wp","href":"https:\/\/api.w.org\/{rel}","templated":true}]}}