{"id":3630,"date":"2013-10-20T22:28:43","date_gmt":"2013-10-20T20:28:43","guid":{"rendered":"http:\/\/jhcakes.com\/shop\/termek\/kis-meretu-karacsonyi-bot-kiszuro\/"},"modified":"2023-05-31T22:52:24","modified_gmt":"2023-05-31T20:52:24","slug":"mini-karacsonyi-bot-kiszuro","status":"publish","type":"product","link":"https:\/\/jhcakes.com\/shop\/termek\/mini-karacsonyi-bot-kiszuro\/","title":{"rendered":"Mini kar\u00e1csonyi bot kisz\u00far\u00f3"},"content":{"rendered":"<h3><span style=\"color: #ec008c;\"><span style=\"color: #878787;\">Van <strong><span style=\"color: #ec008c;\">mini<\/span><\/strong><\/span><strong><span style=\"color: #ec008c;\"><strong>\u00a0k<\/strong>ar\u00e1csonyi<\/span>\u00a0bot kisz\u00far\u00f3nk&#8230;\u00a0<\/strong><span style=\"color: #878787;\">\u00e9s vannak nagyobbak is! <\/span><\/span><\/h3>\n<h3><span style=\"color: #ec008c;\"><span style=\"color: #878787;\">N\u00e9zz k\u00f6r\u00fcl n\u00e1lunk:).<\/span><\/span><\/h3>\n<p>&nbsp;<\/p>\n<h3><span style=\"color: #7a7a7a;\"><strong>Mihez aj\u00e1nljuk a kisz\u00far\u00f3t?<\/strong><\/span><\/h3>\n<ul>\n<li>\n<h3><span style=\"color: #878787;\">m\u00e9zes \u00e9s egy\u00e9b t\u00e9sztaf\u00e9l\u00e9khez<\/span><\/h3>\n<\/li>\n<li>\n<h3><span style=\"color: #878787;\">fondant, cukormassza \u00e9s marcip\u00e1n form\u00e1k kisz\u00far\u00e1s\u00e1hoz<\/span><\/h3>\n<\/li>\n<\/ul>\n<h3><strong><span style=\"color: #7a7a7a;\">Alapanyag:<\/span><\/strong><\/h3>\n<ul>\n<li>\n<h3><span style=\"color: #878787;\">\u00f3nozott lemez, haszn\u00e1latkor forma tart\u00f3 marad<\/span><\/h3>\n<\/li>\n<\/ul>\n<h3><strong>Kezel\u00e9si \u00fatmutat\u00f3:<\/strong><\/h3>\n<ul>\n<li>\n<h3>k\u00e9zzel moshat\u00f3, leveg\u0151n sz\u00e1r\u00edtand\u00f3<\/h3>\n<\/li>\n<\/ul>\n<div id=\"themify_builder_content-3630\" data-postid=\"3630\" class=\"themify_builder_content themify_builder_content-3630 themify_builder\">\n    <\/div>\n<!-- \/themify_builder_content -->","protected":false},"excerpt":{"rendered":"<h3><strong>Kisz\u00far\u00f3 m\u00e9rete:<\/strong><\/h3>\n<ul>\n<li>\n<h3>sz\u00e9less\u00e9g: \u00a0 \u00a0 \u00a025 mm<\/h3>\n<\/li>\n<li>\n<h3>magass\u00e1g: \u00a0 \u00a042 mm<\/h3>\n<\/li>\n<\/ul>\n","protected":false},"featured_media":7866,"comment_status":"open","ping_status":"closed","template":"","meta":[],"builder_content":"","_links":{"self":[{"href":"https:\/\/jhcakes.com\/shop\/wp-json\/wp\/v2\/product\/3630"}],"collection":[{"href":"https:\/\/jhcakes.com\/shop\/wp-json\/wp\/v2\/product"}],"about":[{"href":"https:\/\/jhcakes.com\/shop\/wp-json\/wp\/v2\/types\/product"}],"replies":[{"embeddable":true,"href":"https:\/\/jhcakes.com\/shop\/wp-json\/wp\/v2\/comments?post=3630"}],"wp:featuredmedia":[{"embeddable":true,"href":"https:\/\/jhcakes.com\/shop\/wp-json\/wp\/v2\/media\/7866"}],"wp:attachment":[{"href":"https:\/\/jhcakes.com\/shop\/wp-json\/wp\/v2\/media?parent=3630"}],"curies":[{"name":"wp","href":"https:\/\/api.w.org\/{rel}","templated":true}]}}