{"id":3613,"date":"2013-10-18T05:59:06","date_gmt":"2013-10-18T03:59:06","guid":{"rendered":"http:\/\/jhcakes.com\/shop\/termek\/5-hopehely-kiszuro-szett-fem-dobozban\/"},"modified":"2024-12-12T11:06:16","modified_gmt":"2024-12-12T10:06:16","slug":"5-darabos-hopehelyszett","status":"publish","type":"product","link":"https:\/\/jhcakes.com\/shop\/termek\/5-darabos-hopehelyszett\/","title":{"rendered":"5 darabos h\u00f3pehelyszett"},"content":{"rendered":"<h3 style=\"text-align: justify;\"><span style=\"color: #ec008c;\"><span style=\"color: #878787;\">Amikor 1 vagy 2 h\u00f3pehely kisz\u00far\u00f3 nem t\u0171nik elegend\u0151nek, az\u00a0<strong><span style=\"color: #ec008c;\">5<strong>\u00a0d<\/strong>arabos, f\u00e9mdobozos h\u00f3pehely kisz\u00far\u00f3szett\u00fcnk\u00a0<\/span><\/strong><\/span><\/span><span style=\"color: #878787;\">j\u00f3l j\u00f6het. A szett darabjai remek\u00fcl kombin\u00e1lhat\u00f3k egym\u00e1ssal \u00e9s egy\u00e9b, k\u00fcl\u00f6nb\u00f6z\u0151 m\u00e9ret\u0171 \u00e9s form\u00e1j\u00fa h\u00f3pehely kisz\u00far\u00f3inkkal is.<\/span><\/h3>\n<p>&nbsp;<\/p>\n<h3><span style=\"color: #7a7a7a;\"><strong>Mihez aj\u00e1nljuk a kisz\u00far\u00f3kat?<\/strong><\/span><\/h3>\n<ul>\n<li>\n<h3><span style=\"color: #878787;\">m\u00e9zes \u00e9s egy\u00e9b t\u00e9sztaf\u00e9l\u00e9khez<\/span><\/h3>\n<\/li>\n<li>\n<h3><span style=\"color: #878787;\">fondant, cukormassza \u00e9s marcip\u00e1n form\u00e1k kisz\u00far\u00e1s\u00e1hoz<\/span><\/h3>\n<\/li>\n<\/ul>\n<h3><span style=\"color: #7a7a7a;\"><strong>Alapanyag:<\/strong><\/span><\/h3>\n<ul>\n<li>\n<h3><span style=\"color: #878787;\">\u00f3nozott lemez, haszn\u00e1latkor formatart\u00f3 marad<\/span><\/h3>\n<\/li>\n<\/ul>\n<h3><strong>Kezel\u00e9si \u00fatmutat\u00f3:<\/strong><\/h3>\n<ul>\n<li>\n<h3>k\u00e9zzel moshat\u00f3, leveg\u0151n sz\u00e1r\u00edtand\u00f3<\/h3>\n<\/li>\n<\/ul>\n<div id=\"themify_builder_content-3613\" data-postid=\"3613\" class=\"themify_builder_content themify_builder_content-3613 themify_builder\">\n    <\/div>\n<!-- \/themify_builder_content -->","protected":false},"excerpt":{"rendered":"<h3><strong><span style=\"color: #7a7a7a;\">Kisz\u00far\u00f3k m\u00e9rete:<\/span><\/strong><\/h3>\n<ul>\n<li>\n<h3><span style=\"color: #878787;\">3 db kis h\u00f3pehely kisz\u00far\u00f3: 45 mm<\/span><\/h3>\n<\/li>\n<li>\n<h3><span style=\"color: #878787;\">1 db k\u00f6zepes h\u00f3pehely kisz\u00far\u00f3: 50 mm<\/span><\/h3>\n<\/li>\n<li>\n<h3><span style=\"color: #878787;\">1 db nagy h\u00f3pehely kisz\u00far\u00f3: 80 mm<\/span><span style=\"font-size: 16px;\">\u00a0<\/span><\/h3>\n<\/li>\n<\/ul>\n","protected":false},"featured_media":21212,"comment_status":"open","ping_status":"closed","template":"","meta":[],"builder_content":"","_links":{"self":[{"href":"https:\/\/jhcakes.com\/shop\/wp-json\/wp\/v2\/product\/3613"}],"collection":[{"href":"https:\/\/jhcakes.com\/shop\/wp-json\/wp\/v2\/product"}],"about":[{"href":"https:\/\/jhcakes.com\/shop\/wp-json\/wp\/v2\/types\/product"}],"replies":[{"embeddable":true,"href":"https:\/\/jhcakes.com\/shop\/wp-json\/wp\/v2\/comments?post=3613"}],"wp:featuredmedia":[{"embeddable":true,"href":"https:\/\/jhcakes.com\/shop\/wp-json\/wp\/v2\/media\/21212"}],"wp:attachment":[{"href":"https:\/\/jhcakes.com\/shop\/wp-json\/wp\/v2\/media?parent=3613"}],"curies":[{"name":"wp","href":"https:\/\/api.w.org\/{rel}","templated":true}]}}