{"id":3605,"date":"2013-10-18T03:43:35","date_gmt":"2013-10-18T01:43:35","guid":{"rendered":"http:\/\/jhcakes.com\/shop\/termek\/muanyag-karacsonyfa-kiszuro\/"},"modified":"2022-11-01T18:30:29","modified_gmt":"2022-11-01T17:30:29","slug":"muanyag-fenyofa-kiszuro","status":"publish","type":"product","link":"https:\/\/jhcakes.com\/shop\/termek\/muanyag-fenyofa-kiszuro\/","title":{"rendered":"M\u0171anyag feny\u0151fa kisz\u00far\u00f3"},"content":{"rendered":"<h3 style=\"text-align: justify;\"><span style=\"color: #888888;\">Nagyon sz\u00e9pen, apr\u00f3l\u00e9kosan form\u00e1zott <\/span><span style=\"color: #ec008c;\"><strong>feny\u0151fa<\/strong><\/span><strong><strong>\u00a0<\/strong><span style=\"color: #ec008c;\">kisz\u00far\u00f3. <\/span><\/strong><span style=\"color: #878787;\">F\u0151k\u00e9nt fondantb\u00f3l, marcip\u00e1nb\u00f3l<\/span><span style=\"color: #878787;\"> k\u00e9sz\u00edtett dekor\u00e1ci\u00f3k k\u00e9sz\u00edt\u00e9s\u00e9re aj\u00e1nljuk, de \u00e9rdemes kipr\u00f3b\u00e1lni maximum 5 mm vastagra ny\u00fajtott linzerek\u00a0k\u00e9sz\u00edt\u00e9s\u00e9re is.<\/span><span style=\"color: #878787;\"><br \/>\n<\/span><\/h3>\n<p>&nbsp;<\/p>\n<h3><span style=\"color: #7a7a7a;\"><strong>Mihez aj\u00e1nljuk a kisz\u00far\u00f3t?<\/strong><\/span><\/h3>\n<ul>\n<li>\n<h3><span style=\"color: #878787;\">fondant, cukormassza \u00e9s marcip\u00e1n kisz\u00far\u00e1s\u00e1hoz, cupcakek, tort\u00e1k d\u00edsz\u00edt\u00e9s\u00e9re<\/span><\/h3>\n<\/li>\n<li>\n<h3>maximum 5 mm vastag kekszek, linzerek kisz\u00far\u00e1s\u00e1hoz<\/h3>\n<\/li>\n<\/ul>\n<h3><span style=\"color: #7a7a7a;\"><strong>Alapanyag:<\/strong><\/span><\/h3>\n<ul>\n<li>\n<h3><span style=\"color: #878787;\">m\u0171anyag, kiv\u00e1l\u00f3 v\u00e1g\u00f3\u00e9llel ell\u00e1tva<\/span><\/h3>\n<\/li>\n<\/ul>\n<h3 id=\"tab-description\"><strong>Kezel\u00e9si \u00fatmutat\u00f3:<\/strong><\/h3>\n<ul>\n<li>\n<h3>k\u00e9zzel moshat\u00f3, leveg\u0151n sz\u00e1r\u00edtand\u00f3<\/h3>\n<\/li>\n<\/ul>\n<div id=\"themify_builder_content-3605\" data-postid=\"3605\" class=\"themify_builder_content themify_builder_content-3605 themify_builder\">\n    <\/div>\n<!-- \/themify_builder_content -->","protected":false},"excerpt":{"rendered":"<h3><strong>Kisz\u00far\u00f3 m\u00e9rete:<\/strong><\/h3>\n<ul>\n<li>\n<h3>sz\u00e9less\u00e9g: \u00a0 \u00a0 \u00a0 \u00a0 \u00a0 \u00a0 \u00a0 \u00a0 \u00a038 mm<\/h3>\n<\/li>\n<li>\n<h3>magass\u00e1g: \u00a0 \u00a0 \u00a0 \u00a0 \u00a0 \u00a0 \u00a0 \u00a0 57 mm<\/h3>\n<\/li>\n<li>\n<h3>v\u00e1g\u00f3\u00e9l magass\u00e1g: \u00a0 \u00a0 5 mm<\/h3>\n<\/li>\n<\/ul>\n","protected":false},"featured_media":3607,"comment_status":"open","ping_status":"closed","template":"","meta":[],"builder_content":"","_links":{"self":[{"href":"https:\/\/jhcakes.com\/shop\/wp-json\/wp\/v2\/product\/3605"}],"collection":[{"href":"https:\/\/jhcakes.com\/shop\/wp-json\/wp\/v2\/product"}],"about":[{"href":"https:\/\/jhcakes.com\/shop\/wp-json\/wp\/v2\/types\/product"}],"replies":[{"embeddable":true,"href":"https:\/\/jhcakes.com\/shop\/wp-json\/wp\/v2\/comments?post=3605"}],"wp:featuredmedia":[{"embeddable":true,"href":"https:\/\/jhcakes.com\/shop\/wp-json\/wp\/v2\/media\/3607"}],"wp:attachment":[{"href":"https:\/\/jhcakes.com\/shop\/wp-json\/wp\/v2\/media?parent=3605"}],"curies":[{"name":"wp","href":"https:\/\/api.w.org\/{rel}","templated":true}]}}