{"id":3595,"date":"2013-10-17T22:16:11","date_gmt":"2013-10-17T20:16:11","guid":{"rendered":"http:\/\/jhcakes.com\/shop\/termek\/kis-meretu-hopehely-kiszuro-2\/"},"modified":"2023-05-31T22:53:26","modified_gmt":"2023-05-31T20:53:26","slug":"mini-hopehely-kiszuro-2","status":"publish","type":"product","link":"https:\/\/jhcakes.com\/shop\/termek\/mini-hopehely-kiszuro-2\/","title":{"rendered":"Mini H\u00f3pehely Kisz\u00far\u00f3 #2"},"content":{"rendered":"<h3 style=\"text-align: justify\"><span style=\"color: #878787\"><span style=\"color: #ec008c\"><strong>Mini H\u00f3pehely #2 Kisz\u00far\u00f3nk <\/strong><\/span>nagyon aranyos \u00f6nmag\u00e1ban is, de remek\u00fcl<\/span>\u00a0kombin\u00e1lhat\u00f3 k\u00fcl\u00f6nb\u00f6z\u0151 m\u00e9ret\u0171 h\u00f3pehely kisz\u00far\u00f3inkkal is.<\/h3>\n<p>&nbsp;<\/p>\n<h3><strong>Mihez Aj\u00e1nljuk a Kisz\u00far\u00f3t?<\/strong><\/h3>\n<ul>\n<li>\n<h3>M\u00e9zes \u00e9s egy\u00e9b t\u00e9sztaf\u00e9l\u00e9khez<\/h3>\n<\/li>\n<li>\n<h3>Fondant, cukormassza \u00e9s marcip\u00e1n form\u00e1k kisz\u00far\u00e1s\u00e1hoz<\/h3>\n<\/li>\n<\/ul>\n<h3><strong>Alapanyag:<\/strong><\/h3>\n<ul>\n<li>\n<h3>\u00d3nozott lemez, haszn\u00e1latkor formatart\u00f3 marad<\/h3>\n<\/li>\n<\/ul>\n<h3 id=\"tab-description\"><strong>Kezel\u00e9si \u00datmutat\u00f3:<\/strong><\/h3>\n<ul>\n<li>\n<h3>K\u00e9zzel moshat\u00f3, leveg\u0151n sz\u00e1r\u00edtand\u00f3<\/h3>\n<\/li>\n<\/ul>\n<div id=\"themify_builder_content-3595\" data-postid=\"3595\" class=\"themify_builder_content themify_builder_content-3595 themify_builder\">\n    <\/div>\n<!-- \/themify_builder_content -->","protected":false},"excerpt":{"rendered":"<h3><strong>Kisz\u00far\u00f3 M\u00e9rete:<\/strong><\/h3>\n<ul>\n<li>\n<h3>\u00c1tm\u00e9r\u0151: 46 mm<\/h3>\n<\/li>\n<\/ul>\n","protected":false},"featured_media":7964,"comment_status":"open","ping_status":"closed","template":"","meta":[],"builder_content":"","_links":{"self":[{"href":"https:\/\/jhcakes.com\/shop\/wp-json\/wp\/v2\/product\/3595"}],"collection":[{"href":"https:\/\/jhcakes.com\/shop\/wp-json\/wp\/v2\/product"}],"about":[{"href":"https:\/\/jhcakes.com\/shop\/wp-json\/wp\/v2\/types\/product"}],"replies":[{"embeddable":true,"href":"https:\/\/jhcakes.com\/shop\/wp-json\/wp\/v2\/comments?post=3595"}],"wp:featuredmedia":[{"embeddable":true,"href":"https:\/\/jhcakes.com\/shop\/wp-json\/wp\/v2\/media\/7964"}],"wp:attachment":[{"href":"https:\/\/jhcakes.com\/shop\/wp-json\/wp\/v2\/media?parent=3595"}],"curies":[{"name":"wp","href":"https:\/\/api.w.org\/{rel}","templated":true}]}}