{"id":3594,"date":"2013-10-17T22:12:45","date_gmt":"2013-10-17T20:12:45","guid":{"rendered":"http:\/\/jhcakes.com\/shop\/termek\/kis-meretu-hopehely-kiszuro-3\/"},"modified":"2022-11-23T18:03:38","modified_gmt":"2022-11-23T17:03:38","slug":"kis-meretu-hopehely-kiszuro-3","status":"publish","type":"product","link":"https:\/\/jhcakes.com\/shop\/termek\/kis-meretu-hopehely-kiszuro-3\/","title":{"rendered":"Mini h\u00f3pehely kisz\u00far\u00f3 #3"},"content":{"rendered":"<h3 style=\"text-align: justify;\"><span style=\"color: #878787;\"><span style=\"color: #ec008c;\"><strong>Mini h\u00f3pehely k<\/strong><\/span><\/span><span style=\"color: #878787;\"><span style=\"color: #ec008c;\"><strong>isz\u00far\u00f3nk\u00a0<\/strong><\/span><\/span>nagyon aranyon \u00f6nmag\u00e1ban is de remek\u00fcl\u00a0kombin\u00e1lhat\u00f3 k\u00fcl\u00f6nb\u00f6z\u0151 m\u00e9ret\u0171 f\u00e9m h\u00f3pehely kisz\u00far\u00f3inkkal is.<\/h3>\n<p>&nbsp;<\/p>\n<h3><strong>Mihez aj\u00e1nljuk a kisz\u00far\u00f3t?<\/strong><\/h3>\n<ul>\n<li>\n<h3>m\u00e9zes \u00e9s egy\u00e9b t\u00e9sztaf\u00e9l\u00e9khez<\/h3>\n<\/li>\n<li>\n<h3>fondant, cukormassza \u00e9s marcip\u00e1n form\u00e1k kisz\u00far\u00e1s\u00e1hoz<\/h3>\n<\/li>\n<\/ul>\n<h3><strong>Alapanyag:<\/strong><\/h3>\n<ul>\n<li>\n<h3>\u00f3nozott lemez, haszn\u00e1latkor formatart\u00f3 marad<\/h3>\n<\/li>\n<\/ul>\n<h3 id=\"tab-description\"><strong>Kezel\u00e9si \u00fatmutat\u00f3:<\/strong><\/h3>\n<ul>\n<li>\n<h3>k\u00e9zzel moshat\u00f3, leveg\u0151n sz\u00e1r\u00edtand\u00f3<\/h3>\n<\/li>\n<\/ul>\n<div id=\"themify_builder_content-3594\" data-postid=\"3594\" class=\"themify_builder_content themify_builder_content-3594 themify_builder\">\n    <\/div>\n<!-- \/themify_builder_content -->","protected":false},"excerpt":{"rendered":"<h3><strong>Kisz\u00far\u00f3 m\u00e9rete:<\/strong><\/h3>\n<ul>\n<li>\n<h3>\u00e1tm\u00e9r\u0151: 42 mm<\/h3>\n<\/li>\n<\/ul>\n","protected":false},"featured_media":7965,"comment_status":"open","ping_status":"closed","template":"","meta":[],"builder_content":"","_links":{"self":[{"href":"https:\/\/jhcakes.com\/shop\/wp-json\/wp\/v2\/product\/3594"}],"collection":[{"href":"https:\/\/jhcakes.com\/shop\/wp-json\/wp\/v2\/product"}],"about":[{"href":"https:\/\/jhcakes.com\/shop\/wp-json\/wp\/v2\/types\/product"}],"replies":[{"embeddable":true,"href":"https:\/\/jhcakes.com\/shop\/wp-json\/wp\/v2\/comments?post=3594"}],"wp:featuredmedia":[{"embeddable":true,"href":"https:\/\/jhcakes.com\/shop\/wp-json\/wp\/v2\/media\/7965"}],"wp:attachment":[{"href":"https:\/\/jhcakes.com\/shop\/wp-json\/wp\/v2\/media?parent=3594"}],"curies":[{"name":"wp","href":"https:\/\/api.w.org\/{rel}","templated":true}]}}