{"id":3554,"date":"2013-10-17T15:29:13","date_gmt":"2013-10-17T13:29:13","guid":{"rendered":"http:\/\/jhcakes.com\/shop\/termek\/marokkoi-ablak-disz-kiszuro\/"},"modified":"2018-03-02T08:27:34","modified_gmt":"2018-03-02T07:27:34","slug":"ali-baba-fem-disz-kiszuro","status":"publish","type":"product","link":"https:\/\/jhcakes.com\/shop\/termek\/ali-baba-fem-disz-kiszuro\/","title":{"rendered":"Ali Baba F\u00e9m D\u00edsz Kisz\u00far\u00f3"},"content":{"rendered":"<p>Egyedi, kiv\u00e1l\u00f3 min\u0151s\u00e9g\u0171 f\u00e9m d\u00edsz kisz\u00far\u00f3, amelyet legink\u00e1bb cukormassza \u00e9s fondant d\u00edszek k\u00e9sz\u00edt\u00e9s\u00e9hez aj\u00e1nlunk.<\/p>\n<p>&nbsp;<\/p>\n<div id=\"themify_builder_content-3554\" data-postid=\"3554\" class=\"themify_builder_content themify_builder_content-3554 themify_builder\">\n    <\/div>\n<!-- \/themify_builder_content -->","protected":false},"excerpt":{"rendered":"<p>Egyedi, kiv\u00e1l\u00f3 min\u0151s\u00e9g\u0171 f\u00e9m d\u00edsz kisz\u00far\u00f3, amelyet legink\u00e1bb cukormassza \u00e9s fondant d\u00edszek k\u00e9sz\u00edt\u00e9s\u00e9hez aj\u00e1nlunk. &nbsp;<\/p>\n","protected":false},"featured_media":3577,"comment_status":"open","ping_status":"closed","template":"","meta":[],"builder_content":"","_links":{"self":[{"href":"https:\/\/jhcakes.com\/shop\/wp-json\/wp\/v2\/product\/3554"}],"collection":[{"href":"https:\/\/jhcakes.com\/shop\/wp-json\/wp\/v2\/product"}],"about":[{"href":"https:\/\/jhcakes.com\/shop\/wp-json\/wp\/v2\/types\/product"}],"replies":[{"embeddable":true,"href":"https:\/\/jhcakes.com\/shop\/wp-json\/wp\/v2\/comments?post=3554"}],"wp:featuredmedia":[{"embeddable":true,"href":"https:\/\/jhcakes.com\/shop\/wp-json\/wp\/v2\/media\/3577"}],"wp:attachment":[{"href":"https:\/\/jhcakes.com\/shop\/wp-json\/wp\/v2\/media?parent=3554"}],"curies":[{"name":"wp","href":"https:\/\/api.w.org\/{rel}","templated":true}]}}