{"id":3500,"date":"2013-10-16T18:06:50","date_gmt":"2013-10-16T16:06:50","guid":{"rendered":"http:\/\/jhcakes.com\/shop\/termek\/ponkosdi-rozsa-szirom-szilikon-erezo\/"},"modified":"2024-11-23T20:02:53","modified_gmt":"2024-11-23T19:02:53","slug":"ponkosdi-rozsa-szirom-szilikon-erezo","status":"publish","type":"product","link":"https:\/\/jhcakes.com\/shop\/termek\/ponkosdi-rozsa-szirom-szilikon-erezo\/","title":{"rendered":"P\u00f6nk\u00f6sdi R\u00f3zsa Szirom Szilikon Erez\u0151"},"content":{"rendered":"<div id=\"themify_builder_content-3500\" data-postid=\"3500\" class=\"themify_builder_content themify_builder_content-3500 themify_builder\">\n    <\/div>\n<!-- \/themify_builder_content -->","protected":false},"excerpt":{"rendered":"","protected":false},"featured_media":3492,"comment_status":"open","ping_status":"closed","template":"","meta":[],"builder_content":"","_links":{"self":[{"href":"https:\/\/jhcakes.com\/shop\/wp-json\/wp\/v2\/product\/3500"}],"collection":[{"href":"https:\/\/jhcakes.com\/shop\/wp-json\/wp\/v2\/product"}],"about":[{"href":"https:\/\/jhcakes.com\/shop\/wp-json\/wp\/v2\/types\/product"}],"replies":[{"embeddable":true,"href":"https:\/\/jhcakes.com\/shop\/wp-json\/wp\/v2\/comments?post=3500"}],"wp:featuredmedia":[{"embeddable":true,"href":"https:\/\/jhcakes.com\/shop\/wp-json\/wp\/v2\/media\/3492"}],"wp:attachment":[{"href":"https:\/\/jhcakes.com\/shop\/wp-json\/wp\/v2\/media?parent=3500"}],"curies":[{"name":"wp","href":"https:\/\/api.w.org\/{rel}","templated":true}]}}