{"id":3237,"date":"2013-10-09T17:58:36","date_gmt":"2013-10-09T15:58:36","guid":{"rendered":"http:\/\/jhcakes.com\/shop\/product\/ciklamen-szolofurt-formaju-bibek\/"},"modified":"2026-03-31T21:10:41","modified_gmt":"2026-03-31T19:10:41","slug":"ciklamen-szolofurt-formaju-bibek","status":"publish","type":"product","link":"https:\/\/jhcakes.com\/shop\/termek\/ciklamen-szolofurt-formaju-bibek\/","title":{"rendered":"Fukszia sz\u0151l\u0151f\u00fcrt form\u00e1j\u00fa bib\u00e9k"},"content":{"rendered":"<h3 style=\"text-align: justify;\">A <span style=\"color: #ec008c;\"><strong>fukszia sz\u00edn\u0171 sz\u0151l\u0151f\u00fcrt bib\u00e9k<\/strong><\/span> \u00fajfajta megjelen\u00e9st adnak a cukorvir\u00e1goknak. Minden bibe sz\u00e1l 2 darab bibe fejben v\u00e9gz\u0151dik. Felhaszn\u00e1l\u00e1skor a sz\u00e1lakat elv\u00e1gjuk \u00e9s a bibe fejeket ak\u00e1r \u00f6sszefogva, ak\u00e1r egyes\u00e9vel is felhaszn\u00e1lhatjuk. Min\u00e9l t\u00f6bb bibe fejet fogunk \u00f6ssze, ann\u00e1l d\u00fasabb lesz a cukorvir\u00e1g k\u00f6zepe.\u00a0A bib\u00e9k kiv\u00e1laszt\u00e1s\u00e1n\u00e1l tartsuk szem el\u0151tt a szirmok nagys\u00e1g\u00e1t \u00e9s a vir\u00e1g \u00f6sszhat\u00e1s\u00e1t. Versenyre k\u00e9sz\u00fclve a botanikailag helyes bib\u00e9k haszn\u00e1lata elengedhetetlen.<\/h3>\n<h3><\/h3>\n<p>&nbsp;<\/p>\n<h3><span style=\"color: #7a7a7a;\"><strong>Bibefejek sz\u00e1ma a csomagban:<\/strong><\/span><\/h3>\n<ul>\n<li>\n<h3>170 fej<\/h3>\n<\/li>\n<\/ul>\n<p><span style=\"color: #7a7a7a;\"><strong style=\"color: #888888; font-size: 1.17em;\">Mihez aj\u00e1nljuk a sz\u0151l\u0151f\u00fcrt bib\u00e9ket?<\/strong><\/span><\/p>\n<ul>\n<li>\n<h3>f\u0151k\u00e9nt nagy fej\u0171 fant\u00e1zia vir\u00e1gok k\u00e9sz\u00edt\u00e9s\u00e9hez<b style=\"font-size: 19px;\">\u00a0<\/b><\/h3>\n<\/li>\n<\/ul>\n<div id=\"themify_builder_content-3237\" data-postid=\"3237\" class=\"themify_builder_content themify_builder_content-3237 themify_builder\">\n    <\/div>\n<!-- \/themify_builder_content -->","protected":false},"excerpt":{"rendered":"<p>A fukszia sz\u00edn\u0171 sz\u0151l\u0151f\u00fcrt bib\u00e9k \u00fajfajta megjelen\u00e9st adnak a cukorvir\u00e1goknak. Minden bibe sz\u00e1l 2 darab bibe fejben v\u00e9gz\u0151dik. Felhaszn\u00e1l\u00e1skor a sz\u00e1lakat elv\u00e1gjuk \u00e9s a bibe fejeket ak\u00e1r \u00f6sszefogva, ak\u00e1r egyes\u00e9vel is felhaszn\u00e1lhatjuk. Min\u00e9l t\u00f6bb bibe fejet fogunk \u00f6ssze, ann\u00e1l d\u00fasabb lesz a cukorvir\u00e1g k\u00f6zepe.\u00a0A bib\u00e9k kiv\u00e1laszt\u00e1s\u00e1n\u00e1l tartsuk szem el\u0151tt a szirmok nagys\u00e1g\u00e1t \u00e9s a vir\u00e1g [&hellip;]<\/p>\n","protected":false},"featured_media":25810,"comment_status":"open","ping_status":"closed","template":"","meta":[],"builder_content":"","_links":{"self":[{"href":"https:\/\/jhcakes.com\/shop\/wp-json\/wp\/v2\/product\/3237"}],"collection":[{"href":"https:\/\/jhcakes.com\/shop\/wp-json\/wp\/v2\/product"}],"about":[{"href":"https:\/\/jhcakes.com\/shop\/wp-json\/wp\/v2\/types\/product"}],"replies":[{"embeddable":true,"href":"https:\/\/jhcakes.com\/shop\/wp-json\/wp\/v2\/comments?post=3237"}],"wp:featuredmedia":[{"embeddable":true,"href":"https:\/\/jhcakes.com\/shop\/wp-json\/wp\/v2\/media\/25810"}],"wp:attachment":[{"href":"https:\/\/jhcakes.com\/shop\/wp-json\/wp\/v2\/media?parent=3237"}],"curies":[{"name":"wp","href":"https:\/\/api.w.org\/{rel}","templated":true}]}}