{"id":3208,"date":"2013-10-09T00:44:56","date_gmt":"2013-10-08T22:44:56","guid":{"rendered":"http:\/\/jhcakes.com\/shop\/product\/sarga-liliom-feju-bibek\/"},"modified":"2026-03-31T14:07:44","modified_gmt":"2026-03-31T12:07:44","slug":"kozepes-meretu-elenksarga-liliomfeju-bibek","status":"publish","type":"product","link":"https:\/\/jhcakes.com\/shop\/termek\/kozepes-meretu-elenksarga-liliomfeju-bibek\/","title":{"rendered":"K\u00f6zepes \u00e9l\u00e9nks\u00e1rga liliomfej\u0171 bib\u00e9k"},"content":{"rendered":"<h3>Kr\u00e9msz\u00edn\u0171 sz\u00e1lon,\u00a0<span style=\"color: #ec008c;\"><strong>k\u00f6zepes m\u00e9ret\u0171, \u00e9l\u00e9nks\u00e1rga, liliomfej\u0171 bib\u00e9k,<\/strong><\/span>\u00a0cukorvir\u00e1gok k\u00e9sz\u00edt\u00e9s\u00e9hez. Kiv\u00e1l\u00f3 min\u0151s\u00e9g N\u00e9metorsz\u00e1gb\u00f3l.<\/h3>\n<p>&nbsp;<\/p>\n<h3><strong>Bibefejek sz\u00e1ma:<\/strong><\/h3>\n<ul>\n<li>\n<h3>140 fej<\/h3>\n<\/li>\n<\/ul>\n<h3><strong>Bibefejek hossza:<\/strong><\/h3>\n<ul>\n<li>\n<h3>5 mm<\/h3>\n<\/li>\n<\/ul>\n<h3><strong>Bibesz\u00e1lak hossza:<\/strong><\/h3>\n<ul>\n<li>\n<h3>60 mm<\/h3>\n<\/li>\n<\/ul>\n<h3><strong>Gy\u00e1rt\u00f3:<\/strong><\/h3>\n<ul>\n<li>\n<h3>N\u00e9metorsz\u00e1g<\/h3>\n<\/li>\n<\/ul>\n<div id=\"themify_builder_content-3208\" data-postid=\"3208\" class=\"themify_builder_content themify_builder_content-3208 themify_builder\">\n    <\/div>\n<!-- \/themify_builder_content -->","protected":false},"excerpt":{"rendered":"<p>Kr\u00e9msz\u00edn\u0171 sz\u00e1lon,\u00a0k\u00f6zepes m\u00e9ret\u0171, \u00e9l\u00e9nks\u00e1rga, liliomfej\u0171 bib\u00e9k,\u00a0cukorvir\u00e1gok k\u00e9sz\u00edt\u00e9s\u00e9hez. Kiv\u00e1l\u00f3 min\u0151s\u00e9g N\u00e9metorsz\u00e1gb\u00f3l. &nbsp; Bibefejek sz\u00e1ma: 140 fej Bibefejek hossza: 5 mm Bibesz\u00e1lak hossza: 60 mm Gy\u00e1rt\u00f3: N\u00e9metorsz\u00e1g<\/p>\n","protected":false},"featured_media":21872,"comment_status":"open","ping_status":"closed","template":"","meta":[],"builder_content":"","_links":{"self":[{"href":"https:\/\/jhcakes.com\/shop\/wp-json\/wp\/v2\/product\/3208"}],"collection":[{"href":"https:\/\/jhcakes.com\/shop\/wp-json\/wp\/v2\/product"}],"about":[{"href":"https:\/\/jhcakes.com\/shop\/wp-json\/wp\/v2\/types\/product"}],"replies":[{"embeddable":true,"href":"https:\/\/jhcakes.com\/shop\/wp-json\/wp\/v2\/comments?post=3208"}],"wp:featuredmedia":[{"embeddable":true,"href":"https:\/\/jhcakes.com\/shop\/wp-json\/wp\/v2\/media\/21872"}],"wp:attachment":[{"href":"https:\/\/jhcakes.com\/shop\/wp-json\/wp\/v2\/media?parent=3208"}],"curies":[{"name":"wp","href":"https:\/\/api.w.org\/{rel}","templated":true}]}}