{"id":3173,"date":"2013-10-08T02:47:12","date_gmt":"2013-10-08T00:47:12","guid":{"rendered":"http:\/\/jhcakes.com\/shop\/product\/fagyal-muanyag-kiszuro-szett\/"},"modified":"2022-12-29T15:54:23","modified_gmt":"2022-12-29T14:54:23","slug":"magyal-kiszuroszett-fmm","status":"publish","type":"product","link":"https:\/\/jhcakes.com\/shop\/termek\/magyal-kiszuroszett-fmm\/","title":{"rendered":"Magyal kisz\u00far\u00f3szett FMM"},"content":{"rendered":"<h3 style=\"text-align: justify;\"><span style=\"color: #ec008c;\"><strong>3 darabos magyal kisz\u00f3r\u00f3szett\u00a0<\/strong><\/span>az angliai FMM c\u00e9gt\u0151l. A szettet haszn\u00e1lhatjuk kekszek \u00e9s tort\u00e1k dekor\u00e1l\u00e1s\u00e1ra is.<\/h3>\n<p>&nbsp;<\/p>\n<h3><\/h3>\n<h3><strong>Mihez haszn\u00e1ljuk a kisz\u00far\u00f3szettet?<\/strong><\/h3>\n<ul>\n<li>\n<h3>fondant, cukormassza \u00e9s marcip\u00e1n form\u00e1k kisz\u00far\u00e1s\u00e1hoz<\/h3>\n<\/li>\n<li>\n<h3>5 mm-n\u00e9l nem vastagabb kekszek kisz\u00far\u00e1s\u00e1hoz<\/h3>\n<\/li>\n<\/ul>\n<h3><strong>Alapanyag:<\/strong><\/h3>\n<ul>\n<li>\n<h3>m\u0171anyag, kiv\u00e1l\u00f3 v\u00e1g\u00f3 \u00e9llel ell\u00e1tva<\/h3>\n<\/li>\n<\/ul>\n<h3 id=\"tab-description\"><strong>Kezel\u00e9si \u00fatmutat\u00f3:<\/strong><\/h3>\n<ul>\n<li>\n<h3>k\u00e9zzel moshat\u00f3, leveg\u0151n sz\u00e1r\u00edtand\u00f3<\/h3>\n<\/li>\n<\/ul>\n<h3><strong>Gy\u00e1rt\u00f3:<\/strong><\/h3>\n<ul>\n<li>\n<h3>FMM &#8211; Anglia<\/h3>\n<\/li>\n<\/ul>\n<div id=\"themify_builder_content-3173\" data-postid=\"3173\" class=\"themify_builder_content themify_builder_content-3173 themify_builder\">\n    <\/div>\n<!-- \/themify_builder_content -->","protected":false},"excerpt":{"rendered":"<h3><strong>Kisz\u00far\u00f3k m\u00e9rete:<\/strong><\/h3>\n<ul>\n<li>\n<h3>kis magyal &#8211; sz: 10 mm x m: 20 mm<\/h3>\n<\/li>\n<li>\n<h3>k\u00f6zepes magyal\u00a0&#8211; sz: 13 mm x m: 25 mm<\/h3>\n<\/li>\n<li>\n<h3>nagy magyal &#8211; sz: 16 mm x m: 30 mm<\/h3>\n<\/li>\n<\/ul>\n<h3><strong>V\u00e1g\u00f3\u00e9l magass\u00e1ga: <\/strong><\/h3>\n<ul>\n<li>\n<h3>5 mm<\/h3>\n<\/li>\n<\/ul>\n","protected":false},"featured_media":3178,"comment_status":"open","ping_status":"closed","template":"","meta":[],"builder_content":"","_links":{"self":[{"href":"https:\/\/jhcakes.com\/shop\/wp-json\/wp\/v2\/product\/3173"}],"collection":[{"href":"https:\/\/jhcakes.com\/shop\/wp-json\/wp\/v2\/product"}],"about":[{"href":"https:\/\/jhcakes.com\/shop\/wp-json\/wp\/v2\/types\/product"}],"replies":[{"embeddable":true,"href":"https:\/\/jhcakes.com\/shop\/wp-json\/wp\/v2\/comments?post=3173"}],"wp:featuredmedia":[{"embeddable":true,"href":"https:\/\/jhcakes.com\/shop\/wp-json\/wp\/v2\/media\/3178"}],"wp:attachment":[{"href":"https:\/\/jhcakes.com\/shop\/wp-json\/wp\/v2\/media?parent=3173"}],"curies":[{"name":"wp","href":"https:\/\/api.w.org\/{rel}","templated":true}]}}