{"id":3095,"date":"2013-10-06T21:26:32","date_gmt":"2013-10-06T19:26:32","guid":{"rendered":"http:\/\/jhcakes.com\/shop\/product\/fagyal-level-erezo-nagy-meret\/"},"modified":"2021-05-11T19:49:24","modified_gmt":"2021-05-11T17:49:24","slug":"fagyal-level-erezo-szett-nagy-meret","status":"publish","type":"product","link":"https:\/\/jhcakes.com\/shop\/termek\/fagyal-level-erezo-szett-nagy-meret\/","title":{"rendered":"Fagyal Lev\u00e9l Erez\u0151 Szett &#8211; Nagy M\u00e9ret"},"content":{"rendered":"<div id=\"themify_builder_content-3095\" data-postid=\"3095\" class=\"themify_builder_content themify_builder_content-3095 themify_builder\">\n    <\/div>\n<!-- \/themify_builder_content -->","protected":false},"excerpt":{"rendered":"","protected":false},"featured_media":3096,"comment_status":"open","ping_status":"closed","template":"","meta":[],"builder_content":"","_links":{"self":[{"href":"https:\/\/jhcakes.com\/shop\/wp-json\/wp\/v2\/product\/3095"}],"collection":[{"href":"https:\/\/jhcakes.com\/shop\/wp-json\/wp\/v2\/product"}],"about":[{"href":"https:\/\/jhcakes.com\/shop\/wp-json\/wp\/v2\/types\/product"}],"replies":[{"embeddable":true,"href":"https:\/\/jhcakes.com\/shop\/wp-json\/wp\/v2\/comments?post=3095"}],"wp:featuredmedia":[{"embeddable":true,"href":"https:\/\/jhcakes.com\/shop\/wp-json\/wp\/v2\/media\/3096"}],"wp:attachment":[{"href":"https:\/\/jhcakes.com\/shop\/wp-json\/wp\/v2\/media?parent=3095"}],"curies":[{"name":"wp","href":"https:\/\/api.w.org\/{rel}","templated":true}]}}