{"id":2897,"date":"2013-10-04T21:12:45","date_gmt":"2013-10-04T19:12:45","guid":{"rendered":"http:\/\/jhcakes.com\/shop\/product\/babarozsaszin-dekor-gyongy-1-mm-2\/"},"modified":"2025-09-01T22:07:18","modified_gmt":"2025-09-01T20:07:18","slug":"babapink-szorocukorka","status":"publish","type":"product","link":"https:\/\/jhcakes.com\/shop\/termek\/babapink-szorocukorka\/","title":{"rendered":"Matt babapink sz\u00f3r\u00f3cukorka"},"content":{"rendered":"<h3><strong><span style=\"color: #ec008c;\">Matt, babapink sz\u00f3r\u00f3cukork\u00e1k\u00a0<\/span><\/strong>ak\u00e1r a legkisebb m\u00e9zesek, apr\u00f3s\u00fctik \u00e9s cupcake-ek d\u00edsz\u00edt\u00e9s\u00e9re is kiv\u00e1l\u00f3an alkalmasak. Term\u00e9szetesen kiv\u00e1l\u00f3an mutatnak tort\u00e1kon is:).<\/h3>\n<p>&nbsp;<\/p>\n<h3><strong>\u00d6sszetev\u0151k:<\/strong><\/h3>\n<ul>\n<li>\n<h3>cukor, b\u00faza- \u00e9s kukoricakem\u00e9ny\u00edt\u0151, gluk\u00f3zszirup, k\u00f3kusz- \u00e9s repceolaj, f\u00e9nyes\u00edt\u0151anyag: E901<\/h3>\n<\/li>\n<li>\n<h3>sz\u00ednez\u00e9k: E120<\/h3>\n<\/li>\n<\/ul>\n<h3><strong>T\u00e1rol\u00e1si javaslat:<\/strong><\/h3>\n<ul>\n<li>\n<h3>alacsony p\u00e1ratartalommal rendelkez\u0151, sz\u00e1raz, h\u0171v\u00f6s helyen t\u00e1roland\u00f3<\/h3>\n<\/li>\n<\/ul>\n<h3><strong>Lej\u00e1rati id\u0151:<\/strong><\/h3>\n<ul>\n<li>\n<h3>2027. augusztus 31.<\/h3>\n<\/li>\n<\/ul>\n<h3><strong>Nett\u00f3 s\u00faly:<\/strong><\/h3>\n<ul>\n<li>\n<h3>40 gramm<\/h3>\n<\/li>\n<\/ul>\n<div id=\"themify_builder_content-2897\" data-postid=\"2897\" class=\"themify_builder_content themify_builder_content-2897 themify_builder\">\n    <\/div>\n<!-- \/themify_builder_content -->","protected":false},"excerpt":{"rendered":"<h3><strong>Cukorszemek m\u00e9rete:<\/strong><\/h3>\n<ul>\n<li>\n<h3>kb 1 mm<\/h3>\n<\/li>\n<\/ul>\n","protected":false},"featured_media":13186,"comment_status":"open","ping_status":"closed","template":"","meta":[],"builder_content":"","_links":{"self":[{"href":"https:\/\/jhcakes.com\/shop\/wp-json\/wp\/v2\/product\/2897"}],"collection":[{"href":"https:\/\/jhcakes.com\/shop\/wp-json\/wp\/v2\/product"}],"about":[{"href":"https:\/\/jhcakes.com\/shop\/wp-json\/wp\/v2\/types\/product"}],"replies":[{"embeddable":true,"href":"https:\/\/jhcakes.com\/shop\/wp-json\/wp\/v2\/comments?post=2897"}],"wp:featuredmedia":[{"embeddable":true,"href":"https:\/\/jhcakes.com\/shop\/wp-json\/wp\/v2\/media\/13186"}],"wp:attachment":[{"href":"https:\/\/jhcakes.com\/shop\/wp-json\/wp\/v2\/media?parent=2897"}],"curies":[{"name":"wp","href":"https:\/\/api.w.org\/{rel}","templated":true}]}}