{"id":2855,"date":"2013-09-26T23:38:13","date_gmt":"2013-09-26T21:38:13","guid":{"rendered":"http:\/\/jhcakes.com\/shop\/product\/erezo-es-fodrozo-modellezo-eszkoz\/"},"modified":"2024-11-23T20:02:53","modified_gmt":"2024-11-23T19:02:53","slug":"erezo-es-fodrozo-palcika-jem","status":"publish","type":"product","link":"https:\/\/jhcakes.com\/shop\/termek\/erezo-es-fodrozo-palcika-jem\/","title":{"rendered":"Erez\u0151 \u00e9s fodroz\u00f3 p\u00e1lcika JEM"},"content":{"rendered":"<h3>Az <strong><span style=\"color: #ec008c;\">erez\u0151 \u00e9s fodroz\u00f3 eszk\u00f6z<\/span><\/strong>\u00a0az egyik legkedveltebb cukorvir\u00e1g k\u00e9sz\u00edt\u0151 \u00e9s dekor\u00e1l\u00f3 eszk\u00f6z\u00f6k egyike, a j\u00f3l ismert JEM c\u00e9gt\u0151l. A p\u00e1lcika egyik v\u00e9ge erezettel ell\u00e1tott, mely kiv\u00e1l\u00f3 \u00e1ltal\u00e1nos erezetek k\u00e9sz\u00edt\u00e9s\u00e9re. A p\u00e1lcika m\u00e1sik v\u00e9g\u00e9n f\u00e9lk\u00f6r alak\u00fa ki\u00e1ll\u00e1s tal\u00e1lhat\u00f3, mely figur\u00e1k k\u00e9sz\u00edt\u00e9s\u00e9hez aj\u00e1nlott &#8211; sz\u00e1jak, szem\u00f6ld\u00f6kek, halpikkelyek \u00e9s egy\u00e9b dekor\u00e1ci\u00f3s elemek k\u00e9sz\u00edt\u00e9s\u00e9re k\u00fcl\u00f6n\u00f6sen kiv\u00e1l\u00f3.<\/h3>\n<h3>A p\u00e1lcika remek\u00fcl haszn\u00e1lhat\u00f3 fodrok k\u00e9sz\u00edt\u00e9s\u00e9re is.<\/h3>\n<h3><\/h3>\n<p>&nbsp;<\/p>\n<h3><strong>Milyen alapanyagokhoz aj\u00e1nljuk az erez\u0151 \u00e9s fodroz\u00f3 eszk\u00f6zt?<\/strong><\/h3>\n<ul>\n<li>\n<h3>cukormassz\u00e1hoz<\/h3>\n<\/li>\n<li>\n<h3>CMC vagy Tylo porral meger\u0151s\u00edtett fondanthoz<\/h3>\n<\/li>\n<li>\n<h3>modellez\u0151 csokol\u00e1d\u00e9hoz<\/h3>\n<\/li>\n<\/ul>\n<h3><strong>Alapanyag:<\/strong><\/h3>\n<ul>\n<li>\n<h3>\u00e9telk\u00e9sz\u00edt\u00e9sre alkalmas m\u0171anyag<\/h3>\n<\/li>\n<\/ul>\n<h3><strong>Kezel\u00e9si \u00fatmutat\u00f3:<\/strong><\/h3>\n<ul>\n<li>\n<h3>k\u00e9zzel moshat\u00f3, leveg\u0151n sz\u00e1r\u00edtand\u00f3<\/h3>\n<\/li>\n<\/ul>\n<div id=\"themify_builder_content-2855\" data-postid=\"2855\" class=\"themify_builder_content themify_builder_content-2855 themify_builder\">\n    <\/div>\n<!-- \/themify_builder_content -->","protected":false},"excerpt":{"rendered":"<h3><strong>Eszk\u00f6z teljes hossza:<\/strong><\/h3>\n<ul>\n<li>\n<h3>140 mm<\/h3>\n<\/li>\n<\/ul>\n","protected":false},"featured_media":10546,"comment_status":"open","ping_status":"closed","template":"","meta":[],"builder_content":"","_links":{"self":[{"href":"https:\/\/jhcakes.com\/shop\/wp-json\/wp\/v2\/product\/2855"}],"collection":[{"href":"https:\/\/jhcakes.com\/shop\/wp-json\/wp\/v2\/product"}],"about":[{"href":"https:\/\/jhcakes.com\/shop\/wp-json\/wp\/v2\/types\/product"}],"replies":[{"embeddable":true,"href":"https:\/\/jhcakes.com\/shop\/wp-json\/wp\/v2\/comments?post=2855"}],"wp:featuredmedia":[{"embeddable":true,"href":"https:\/\/jhcakes.com\/shop\/wp-json\/wp\/v2\/media\/10546"}],"wp:attachment":[{"href":"https:\/\/jhcakes.com\/shop\/wp-json\/wp\/v2\/media?parent=2855"}],"curies":[{"name":"wp","href":"https:\/\/api.w.org\/{rel}","templated":true}]}}