{"id":25883,"date":"2026-04-04T21:58:20","date_gmt":"2026-04-04T19:58:20","guid":{"rendered":"https:\/\/jhcakes.com\/shop\/?post_type=product&#038;p=25883"},"modified":"2026-04-05T15:31:38","modified_gmt":"2026-04-05T13:31:38","slug":"klasszikus-viragok-szilikon-formazo","status":"publish","type":"product","link":"https:\/\/jhcakes.com\/shop\/termek\/klasszikus-viragok-szilikon-formazo\/","title":{"rendered":"Klasszikus vir\u00e1gok szilikon form\u00e1z\u00f3"},"content":{"rendered":"<h3><span style=\"color: #333333;\">3 darabos, nagyon sz\u00e9p r\u00e9szletekkel ell\u00e1tott<\/span> <strong><span style=\"color: #ec008c;\">klasszikus vir\u00e1gok szilikon\u00a0<\/span><span style=\"color: #ec008c;\"><span style=\"caret-color: #ec008c;\">form\u00e1z\u00f3szett<\/span><\/span><\/strong>\u00a0<span style=\"color: #333333;\">tort\u00e1k, muffinok, m\u00e9zeskal\u00e1csok dekor\u00e1l\u00e1s\u00e1ra.<br \/>\nEz egy <strong>eredeti<\/strong>, amerik\u00e1ban k\u00e9sz\u00fclt szilikon form\u00e1z\u00f3.<\/span><\/h3>\n<p>&nbsp;<\/p>\n<h3><span style=\"color: #333333;\"><strong>Milyen alapanyagot haszn\u00e1lhatunk a szilikon form\u00e1z\u00f3hoz?<\/strong><\/span><\/h3>\n<ul>\n<li>\n<h3><span style=\"color: #333333;\">fondantot<\/span><\/h3>\n<\/li>\n<li>\n<h3><span style=\"color: #333333;\">cukormassz\u00e1t<\/span><\/h3>\n<\/li>\n<li>\n<h3><span style=\"color: #333333;\">marcip\u00e1nt<\/span><\/h3>\n<\/li>\n<li>\n<h3><span style=\"color: #333333;\">modellez\u0151 csokol\u00e1d\u00e9t<\/span><\/h3>\n<\/li>\n<li>\n<h3><span style=\"color: #333333;\">felolvasztott csokol\u00e1d\u00e9t<\/span><\/h3>\n<\/li>\n<\/ul>\n<h3><span style=\"color: #333333;\"><strong>Kezel\u00e9si \u00fatmutat\u00f3:<\/strong><\/span><\/h3>\n<ul>\n<li>\n<h3><span style=\"color: #333333;\">k\u00e9zzel moshat\u00f3, leveg\u0151n sz\u00e1r\u00edtand\u00f3<\/span><\/h3>\n<\/li>\n<\/ul>\n<h3><span style=\"color: #333333;\"><strong>Alapanyag sz\u00edne \u00e9s min\u0151s\u00edt\u00e9se:<\/strong><\/span><\/h3>\n<ul>\n<li>\n<h3><span style=\"color: #333333;\">s\u00f6t\u00e9tk\u00e9k sz\u00edn\u0171, \u00e9telk\u00e9sz\u00edt\u00e9sre alkalmas szilikon term\u00e9k<\/span><\/h3>\n<\/li>\n<\/ul>\n<h3><span style=\"color: #333333;\"><strong>Sz\u00e1rmaz\u00e1si hely:<\/strong><\/span><\/h3>\n<ul>\n<li>\n<h3><span style=\"color: #333333;\">USA<\/span><\/h3>\n<\/li>\n<\/ul>\n<div id=\"themify_builder_content-25883\" data-postid=\"25883\" class=\"themify_builder_content themify_builder_content-25883 themify_builder\">\n    <\/div>\n<!-- \/themify_builder_content -->","protected":false},"excerpt":{"rendered":"<h3><span style=\"color: #333333;\"><strong>Mint\u00e1k m\u00e9rete:<\/strong><\/span><\/h3>\n<ul>\n<li>\n<h3><span style=\"color: #333333;\">\u00e1tm\u00e9r\u0151k: \u00a0 \u00a0 \u00a030 &#8211; 35 mm<\/span><\/h3>\n<\/li>\n<\/ul>\n","protected":false},"featured_media":25884,"comment_status":"open","ping_status":"closed","template":"","meta":[],"builder_content":"","_links":{"self":[{"href":"https:\/\/jhcakes.com\/shop\/wp-json\/wp\/v2\/product\/25883"}],"collection":[{"href":"https:\/\/jhcakes.com\/shop\/wp-json\/wp\/v2\/product"}],"about":[{"href":"https:\/\/jhcakes.com\/shop\/wp-json\/wp\/v2\/types\/product"}],"replies":[{"embeddable":true,"href":"https:\/\/jhcakes.com\/shop\/wp-json\/wp\/v2\/comments?post=25883"}],"wp:featuredmedia":[{"embeddable":true,"href":"https:\/\/jhcakes.com\/shop\/wp-json\/wp\/v2\/media\/25884"}],"wp:attachment":[{"href":"https:\/\/jhcakes.com\/shop\/wp-json\/wp\/v2\/media?parent=25883"}],"curies":[{"name":"wp","href":"https:\/\/api.w.org\/{rel}","templated":true}]}}