{"id":25877,"date":"2026-04-04T21:27:48","date_gmt":"2026-04-04T19:27:48","guid":{"rendered":"https:\/\/jhcakes.com\/shop\/?post_type=product&#038;p=25877"},"modified":"2026-04-05T16:46:06","modified_gmt":"2026-04-05T14:46:06","slug":"nagy-rozsa-girland-formazo","status":"publish","type":"product","link":"https:\/\/jhcakes.com\/shop\/termek\/nagy-rozsa-girland-formazo\/","title":{"rendered":"Nagy r\u00f3zsa girland form\u00e1z\u00f3"},"content":{"rendered":"<h3><span style=\"color: #333333;\">Gy\u00f6ny\u00f6r\u0171 r\u00e9szletekkel ell\u00e1tott, nagyon nagy m\u00e9ret\u0171<\/span> <strong><span style=\"color: #ec008c;\">r\u00f3zsa girland<\/span><\/strong><strong><span style=\"color: #ec008c;\">\u00a0szilikon form\u00e1z\u00f3<\/span><\/strong> <span style=\"color: #333333;\">tortadekor\u00e1l\u00e1shoz. A szilikon form\u00e1z\u00f3 nagyon j\u00f3 min\u0151s\u00e9g\u0171 alapanyagb\u00f3l k\u00e9sz\u00fclt, ez\u00e9rt a massz\u00e1k k\u00f6nnyen kiemelhet\u0151k a m\u00e9lyed\u00e9sekb\u0151l. Tart\u00f3s min\u0151s\u00e9g, \u00f6r\u00f6m ezt az eszk\u00f6zt k\u00e9zbevenni :). Ez egy <strong>eredeti<\/strong>, amerik\u00e1ban k\u00e9sz\u00fclt szilikon form\u00e1z\u00f3.<\/span><\/h3>\n<h3><span style=\"color: #333333;\">\u00a0<\/span><\/h3>\n<p>&nbsp;<\/p>\n<h3><span style=\"color: #333333;\"><strong>Milyen alapanyagot haszn\u00e1lhatunk a szilikon form\u00e1z\u00f3hoz?<\/strong><\/span><\/h3>\n<ul>\n<li>\n<h3><span style=\"color: #333333;\">fondantot<\/span><\/h3>\n<\/li>\n<li>\n<h3><span style=\"color: #333333;\">cukormassz\u00e1t<\/span><\/h3>\n<\/li>\n<li>\n<h3><span style=\"color: #333333;\">marcip\u00e1nt<\/span><\/h3>\n<\/li>\n<li>\n<h3><span style=\"color: #333333;\">modellez\u0151 csokol\u00e1d\u00e9t<\/span><\/h3>\n<\/li>\n<li>\n<h3><span style=\"color: #333333;\">felolvasztott csokol\u00e1d\u00e9t<\/span><\/h3>\n<\/li>\n<\/ul>\n<h3><span style=\"color: #333333;\"><strong>Kezel\u00e9si \u00fatmutat\u00f3:<\/strong><\/span><\/h3>\n<ul>\n<li>\n<h3><span style=\"color: #333333;\">k\u00e9zzel moshat\u00f3, leveg\u0151n sz\u00e1r\u00edtand\u00f3<\/span><\/h3>\n<\/li>\n<\/ul>\n<h3><span style=\"color: #333333;\"><strong>Alapanyag sz\u00edne \u00e9s min\u0151s\u00edt\u00e9se:<\/strong><\/span><\/h3>\n<ul>\n<li>\n<h3><span style=\"color: #333333;\">h\u00f3feh\u00e9r sz\u00edn\u0171, \u00e9telk\u00e9sz\u00edt\u00e9sre alkalmas szilikon term\u00e9k<\/span><\/h3>\n<\/li>\n<\/ul>\n<h3><span style=\"color: #333333;\"><strong>Sz\u00e1rmaz\u00e1si hely:<\/strong><\/span><\/h3>\n<ul>\n<li>\n<h3><span style=\"color: #333333;\">USA<\/span><\/h3>\n<\/li>\n<\/ul>\n<div id=\"themify_builder_content-25877\" data-postid=\"25877\" class=\"themify_builder_content themify_builder_content-25877 themify_builder\">\n    <\/div>\n<!-- \/themify_builder_content -->","protected":false},"excerpt":{"rendered":"<h3><span style=\"color: #333333;\"><strong>Minta m\u00e9rete:<\/strong><\/span><\/h3>\n<ul>\n<li>\n<h3><span style=\"color: #333333;\">sz\u00e9less\u00e9g: \u00a0 \u00a0 \u00a0 \u00a0 \u00a0 130 mm<\/span><\/h3>\n<\/li>\n<li>\n<h3><span style=\"color: #333333;\">magass\u00e1g: \u00a0 \u00a0 \u00a0 \u00a0 \u00a0 55 mm<\/span><\/h3>\n<\/li>\n<\/ul>\n","protected":false},"featured_media":25878,"comment_status":"open","ping_status":"closed","template":"","meta":[],"builder_content":"","_links":{"self":[{"href":"https:\/\/jhcakes.com\/shop\/wp-json\/wp\/v2\/product\/25877"}],"collection":[{"href":"https:\/\/jhcakes.com\/shop\/wp-json\/wp\/v2\/product"}],"about":[{"href":"https:\/\/jhcakes.com\/shop\/wp-json\/wp\/v2\/types\/product"}],"replies":[{"embeddable":true,"href":"https:\/\/jhcakes.com\/shop\/wp-json\/wp\/v2\/comments?post=25877"}],"wp:featuredmedia":[{"embeddable":true,"href":"https:\/\/jhcakes.com\/shop\/wp-json\/wp\/v2\/media\/25878"}],"wp:attachment":[{"href":"https:\/\/jhcakes.com\/shop\/wp-json\/wp\/v2\/media?parent=25877"}],"curies":[{"name":"wp","href":"https:\/\/api.w.org\/{rel}","templated":true}]}}