{"id":25863,"date":"2026-04-04T17:49:44","date_gmt":"2026-04-04T15:49:44","guid":{"rendered":"https:\/\/jhcakes.com\/shop\/?post_type=product&#038;p=25863"},"modified":"2026-04-05T16:01:56","modified_gmt":"2026-04-05T14:01:56","slug":"bambusz-mintas-ridikul-ful-szilikon","status":"publish","type":"product","link":"https:\/\/jhcakes.com\/shop\/termek\/bambusz-mintas-ridikul-ful-szilikon\/","title":{"rendered":"Bambusz mint\u00e1s ridik\u00fcl f\u00fcl szilikon"},"content":{"rendered":"<h3 data-start=\"0\" data-end=\"97\"><span style=\"color: #333333;\"><strong><span style=\"color: #ec008c;\">Bambusz mint\u00e1s ridik\u00fcl f\u00fcl<\/span><\/strong> szilikon form\u00e1z\u00f3 csajos tort\u00e1k, ridik\u00fcl form\u00e1j\u00fa tort\u00e1k k\u00e9sz\u00edt\u00e9s\u00e9hez. Ez egy nagyon sz\u00e9p, nagy m\u00e9ret\u0171 form\u00e1z\u00f3, mely nagyon mutat\u00f3s v\u00e9geredm\u00e9nyt eredm\u00e9nyez.\u00a0Ez egy <strong>eredeti<\/strong>, amerik\u00e1ban k\u00e9sz\u00fclt szilikon form\u00e1z\u00f3.<\/span><\/h3>\n<h3><\/h3>\n<p>&nbsp;<\/p>\n<h3><span style=\"color: #333333;\"><strong>Milyen alapanyagot haszn\u00e1lhatunk a szilikon form\u00e1z\u00f3hoz?<\/strong><\/span><\/h3>\n<ul>\n<li>\n<h3><span style=\"color: #333333;\">fondantot<\/span><\/h3>\n<\/li>\n<li>\n<h3><span style=\"color: #333333;\">cukormassz\u00e1t<\/span><\/h3>\n<\/li>\n<li>\n<h3><span style=\"color: #333333;\">marcip\u00e1nt<\/span><\/h3>\n<\/li>\n<li>\n<h3><span style=\"color: #333333;\">modellez\u0151 csokol\u00e1d\u00e9t<\/span><\/h3>\n<\/li>\n<\/ul>\n<h3><span style=\"color: #333333;\"><strong>Alapanyag sz\u00edne \u00e9s min\u0151s\u00edt\u00e9se:<\/strong><\/span><\/h3>\n<ul>\n<li>\n<h3><span style=\"color: #333333;\">h\u00f3feh\u00e9r sz\u00edn\u0171, \u00e9telk\u00e9sz\u00edt\u00e9sre alkalmas szilikon term\u00e9k<\/span><\/h3>\n<\/li>\n<\/ul>\n<h3><span style=\"color: #333333;\"><strong>Kezel\u00e9si \u00fatmutat\u00f3:<\/strong><\/span><\/h3>\n<ul>\n<li>\n<h3><span style=\"color: #333333;\">k\u00e9zzel moshat\u00f3, leveg\u0151n sz\u00e1r\u00edtand\u00f3<\/span><\/h3>\n<\/li>\n<\/ul>\n<h3><span style=\"color: #333333;\"><strong>Sz\u00e1rmaz\u00e1si hely:<\/strong><\/span><\/h3>\n<ul>\n<li>\n<h3><span style=\"color: #333333;\">USA<\/span><\/h3>\n<\/li>\n<\/ul>\n<div id=\"themify_builder_content-25863\" data-postid=\"25863\" class=\"themify_builder_content themify_builder_content-25863 themify_builder\">\n    <\/div>\n<!-- \/themify_builder_content -->","protected":false},"excerpt":{"rendered":"<h3><span style=\"color: #333333;\"><strong>Ridik\u00fcl f\u00fcl teljes m\u00e9rete:<\/strong><\/span><\/h3>\n<ul>\n<li>\n<h3><span style=\"color: #333333;\">sz\u00e9less\u00e9g: \u00a0 \u00a0 \u00a0 \u00a0 \u00a0 115 cm<\/span><\/h3>\n<\/li>\n<li>\n<h3><span style=\"color: #333333;\">magass\u00e1g: \u00a0 \u00a0 \u00a0 \u00a0 80 cm<\/span><\/h3>\n<\/li>\n<\/ul>\n","protected":false},"featured_media":25862,"comment_status":"open","ping_status":"closed","template":"","meta":[],"builder_content":"","_links":{"self":[{"href":"https:\/\/jhcakes.com\/shop\/wp-json\/wp\/v2\/product\/25863"}],"collection":[{"href":"https:\/\/jhcakes.com\/shop\/wp-json\/wp\/v2\/product"}],"about":[{"href":"https:\/\/jhcakes.com\/shop\/wp-json\/wp\/v2\/types\/product"}],"replies":[{"embeddable":true,"href":"https:\/\/jhcakes.com\/shop\/wp-json\/wp\/v2\/comments?post=25863"}],"wp:featuredmedia":[{"embeddable":true,"href":"https:\/\/jhcakes.com\/shop\/wp-json\/wp\/v2\/media\/25862"}],"wp:attachment":[{"href":"https:\/\/jhcakes.com\/shop\/wp-json\/wp\/v2\/media?parent=25863"}],"curies":[{"name":"wp","href":"https:\/\/api.w.org\/{rel}","templated":true}]}}