{"id":25856,"date":"2026-04-04T16:26:02","date_gmt":"2026-04-04T14:26:02","guid":{"rendered":"https:\/\/jhcakes.com\/shop\/?post_type=product&#038;p=25856"},"modified":"2026-04-05T18:23:01","modified_gmt":"2026-04-05T16:23:01","slug":"4-fele-bibekeszito-szett","status":"publish","type":"product","link":"https:\/\/jhcakes.com\/shop\/termek\/4-fele-bibekeszito-szett\/","title":{"rendered":"4 f\u00e9le bibek\u00e9sz\u00edt\u0151 szilikonszett"},"content":{"rendered":"<h3><span style=\"color: #333333;\">Apr\u00f3l\u00e9kos r\u00e9szletekkel ell\u00e1tott,<\/span> <strong><span style=\"color: #ec008c;\">4 k\u00fcl\u00f6nb\u00f6z\u0151 bibe form\u00e1t k\u00e9sz\u00edt\u0151 szilikonszett<\/span><\/strong> <span style=\"color: #333333;\">cukorvir\u00e1gok, ehet\u0151 dekor\u00e1ci\u00f3k k\u00e9sz\u00edt\u00e9s\u00e9re. A szilikon form\u00e1z\u00f3 nagyon j\u00f3 min\u0151s\u00e9g\u0171 alapanyagb\u00f3l k\u00e9sz\u00fclt, ez\u00e9rt a massz\u00e1k k\u00f6nnyen kiemelhet\u0151k a m\u00e9lyed\u00e9sekb\u0151l.<br \/>\nEz egy <strong>eredeti<\/strong>, amerik\u00e1ban k\u00e9sz\u00fclt szilikon form\u00e1z\u00f3.<\/span><\/h3>\n<p>&nbsp;<\/p>\n<h3><span style=\"color: #333333;\"><strong>Milyen bib\u00e9k k\u00e9sz\u00edthet\u0151k a szilikonszettel?<\/strong><\/span><\/h3>\n<ul>\n<li>\n<h3><span style=\"color: #333333;\">liliom bib\u00e9k<\/span><\/h3>\n<\/li>\n<li>\n<h3><span style=\"color: #333333;\">tulip\u00e1n bib\u00e9k<\/span><\/h3>\n<\/li>\n<li>\n<h3><span style=\"color: #333333;\">kamilla\/sz\u00e1zszorsz\u00e9p bib\u00e9k<\/span><\/h3>\n<\/li>\n<li>\n<h3><span style=\"color: #333333;\">pipacs bib\u00e9k<\/span><\/h3>\n<\/li>\n<\/ul>\n<h3><span style=\"color: #333333;\"><strong>Milyen alapanyagot haszn\u00e1lhatunk a szilikon form\u00e1z\u00f3hoz?<\/strong><\/span><\/h3>\n<ul>\n<li>\n<h3><span style=\"color: #333333;\">fondantot<\/span><\/h3>\n<\/li>\n<li>\n<h3><span style=\"color: #333333;\">cukormassz\u00e1t<\/span><\/h3>\n<\/li>\n<li>\n<h3><span style=\"color: #333333;\">marcip\u00e1nt<\/span><\/h3>\n<\/li>\n<li>\n<h3><span style=\"color: #333333;\">modellez\u0151 csokol\u00e1d\u00e9t<\/span><\/h3>\n<\/li>\n<li>\n<h3><span style=\"color: #333333;\">felolvasztott csokol\u00e1d\u00e9t<\/span><\/h3>\n<\/li>\n<\/ul>\n<h3><span style=\"color: #333333;\"><strong>Kiszerel\u00e9s:<\/strong><\/span><\/h3>\n<ul>\n<li>\n<h3><span style=\"color: #333333;\">a szett 1 darab kerek szilikon form\u00e1z\u00f3b\u00f3l \u00e1ll<\/span><\/h3>\n<\/li>\n<\/ul>\n<h3><span style=\"color: #333333;\"><strong>Alapanyag sz\u00edne \u00e9s min\u0151s\u00edt\u00e9se:<\/strong><\/span><\/h3>\n<ul>\n<li>\n<h3><span style=\"color: #333333;\">h\u00f3feh\u00e9r sz\u00edn\u0171, \u00e9telk\u00e9sz\u00edt\u00e9sre alkalmas szilikon term\u00e9k<\/span><\/h3>\n<\/li>\n<\/ul>\n<h3><span style=\"color: #333333;\"><strong>Kezel\u00e9si \u00fatmutat\u00f3:<\/strong><\/span><\/h3>\n<ul>\n<li>\n<h3><span style=\"color: #333333;\">k\u00e9zzel moshat\u00f3, leveg\u0151n sz\u00e1r\u00edtand\u00f3<\/span><\/h3>\n<\/li>\n<\/ul>\n<h3><span style=\"color: #333333;\"><strong>Sz\u00e1rmaz\u00e1si hely:<\/strong><\/span><\/h3>\n<ul>\n<li>\n<h3><span style=\"color: #333333;\">USA<\/span><\/h3>\n<\/li>\n<\/ul>\n<div id=\"themify_builder_content-25856\" data-postid=\"25856\" class=\"themify_builder_content themify_builder_content-25856 themify_builder\">\n    <\/div>\n<!-- \/themify_builder_content -->","protected":false},"excerpt":{"rendered":"<h3><span style=\"color: #333333;\"><strong>Bib\u00e9k m\u00e9rete:<\/strong><\/span><\/h3>\n<ul>\n<li>\n<h3><span style=\"color: #333333;\">liliom: \u00a0 \u00a0 \u00a0 \u00a0 \u00a0 \u00a0 \u00a0 \u00a0 15 mm<\/span><\/h3>\n<\/li>\n<li>\n<h3><span style=\"color: #333333;\">tulip\u00e1n: \u00a0 \u00a0 \u00a0 \u00a0 \u00a0 \u00a0 \u00a0 8 mm<\/span><\/h3>\n<\/li>\n<li>\n<h3><span style=\"color: #333333;\">kamilla: \u00a0 \u00a0 \u00a0 \u00a0 \u00a0 \u00a0 \u00a0 8 mm<\/span><\/h3>\n<\/li>\n<li>\n<h3><span style=\"color: #333333;\">pipacs: \u00a0 \u00a0 \u00a0 \u00a0 \u00a0 \u00a0 \u00a0 \u00a06 mm<\/span><\/h3>\n<\/li>\n<\/ul>\n","protected":false},"featured_media":25857,"comment_status":"open","ping_status":"closed","template":"","meta":[],"builder_content":"","_links":{"self":[{"href":"https:\/\/jhcakes.com\/shop\/wp-json\/wp\/v2\/product\/25856"}],"collection":[{"href":"https:\/\/jhcakes.com\/shop\/wp-json\/wp\/v2\/product"}],"about":[{"href":"https:\/\/jhcakes.com\/shop\/wp-json\/wp\/v2\/types\/product"}],"replies":[{"embeddable":true,"href":"https:\/\/jhcakes.com\/shop\/wp-json\/wp\/v2\/comments?post=25856"}],"wp:featuredmedia":[{"embeddable":true,"href":"https:\/\/jhcakes.com\/shop\/wp-json\/wp\/v2\/media\/25857"}],"wp:attachment":[{"href":"https:\/\/jhcakes.com\/shop\/wp-json\/wp\/v2\/media?parent=25856"}],"curies":[{"name":"wp","href":"https:\/\/api.w.org\/{rel}","templated":true}]}}