{"id":25831,"date":"2026-03-31T23:23:09","date_gmt":"2026-03-31T21:23:09","guid":{"rendered":"https:\/\/jhcakes.com\/shop\/?post_type=product&#038;p=25831"},"modified":"2026-04-03T16:41:31","modified_gmt":"2026-04-03T14:41:31","slug":"anyagmintas-texturazoszett-6-db","status":"publish","type":"product","link":"https:\/\/jhcakes.com\/shop\/termek\/anyagmintas-texturazoszett-6-db\/","title":{"rendered":"Anyagmint\u00e1s text\u00far\u00e1z\u00f3szett 6 db"},"content":{"rendered":"<h3 data-start=\"0\" data-end=\"97\"><span style=\"color: #333333;\">Text\u00faralapok tort\u00e1k d\u00edsz\u00edt\u00e9s\u00e9hez, kekszek dekor\u00e1l\u00e1s\u00e1hoz vagy cupcake-ek tetej\u00e9nek textur\u00e1l\u00e1s\u00e1hoz.<\/span><\/h3>\n<h3 data-start=\"99\" data-end=\"204\"><span style=\"color: #333333;\">Minden text\u00faralap extra m\u00e9ly mint\u00e1zattal rendelkezik, mely rendk\u00edv\u00fcl r\u00e9szletgazdag eredm\u00e9nyt biztos\u00edt.<\/span><\/h3>\n<h3 data-start=\"206\" data-end=\"351\"><span style=\"color: #333333;\">A k\u00e9szlet 6 k\u00fcl\u00f6nb\u00f6z\u0151 text\u00faramint\u00e1s lapot tartalmaz, valamint k\u00f6nnyen k\u00f6vethet\u0151 \u00fatmutat\u00f3t \u00e9s mintap\u00e9ld\u00e1kat a k\u00e9szletekkel d\u00edsz\u00edtett projektekhez.<\/span><\/h3>\n<h3><span style=\"color: #333333;\"><strong>Mint\u00e1k:<\/strong><\/span><\/h3>\n<ul>\n<li>\n<h3><span style=\"color: #333333;\">kock\u00e1s (plaid)<\/span><\/h3>\n<\/li>\n<li>\n<h3><span style=\"color: #333333;\">rombuszmint\u00e1s (argyle)<\/span><\/h3>\n<\/li>\n<li>\n<h3><span style=\"color: #333333;\">k\u00f6t\u00f6tt hat\u00e1s\u00fa (knit)<\/span><\/h3>\n<\/li>\n<li>\n<h3><span style=\"color: #333333;\">krokodilb\u0151r mint\u00e1s (crocodile)<\/span><\/h3>\n<\/li>\n<li>\n<h3><span style=\"color: #333333;\">cs\u00edkos (stripe)<\/span><\/h3>\n<\/li>\n<li>\n<h3><span style=\"color: #333333;\">ty\u00fakl\u00e1bmint\u00e1s (houndstooth)<\/span><\/h3>\n<\/li>\n<\/ul>\n<h3><span style=\"color: #333333;\"><strong>Milyen alapanyagot haszn\u00e1lhatunk a text\u00far\u00e1z\u00f3lapokhoz?<\/strong><\/span><\/h3>\n<ul>\n<li>\n<h3><span style=\"color: #333333;\">fondantot<\/span><\/h3>\n<\/li>\n<li>\n<h3><span style=\"color: #333333;\">cukormassz\u00e1t<\/span><\/h3>\n<\/li>\n<li>\n<h3><span style=\"color: #333333;\">marcip\u00e1nt<\/span><\/h3>\n<\/li>\n<li>\n<h3><span style=\"color: #333333;\">modellez\u0151 csokol\u00e1d\u00e9t<\/span><\/h3>\n<\/li>\n<\/ul>\n<h3><span style=\"color: #333333;\"><strong>Alapanyag:<\/strong><\/span><\/h3>\n<ul>\n<li>\n<h3><span style=\"color: #333333;\">k\u00f6nny\u0171, hajl\u00edthat\u00f3 m\u0171anyag<\/span><\/h3>\n<\/li>\n<\/ul>\n<h3><span style=\"color: #333333;\"><strong>Kezel\u00e9si \u00fatmutat\u00f3:<\/strong><\/span><\/h3>\n<ul>\n<li>\n<h3><span style=\"color: #333333;\">k\u00e9zzel moshat\u00f3, leveg\u0151n sz\u00e1r\u00edtand\u00f3<\/span><\/h3>\n<\/li>\n<\/ul>\n<h3><span style=\"color: #333333;\"><strong>Gy\u00e1rt\u00f3:<\/strong><\/span><\/h3>\n<ul>\n<li>\n<h3><span style=\"color: #333333;\">Autumn Carpenter &#8211; USA<\/span><\/h3>\n<\/li>\n<\/ul>\n<div id=\"themify_builder_content-25831\" data-postid=\"25831\" class=\"themify_builder_content themify_builder_content-25831 themify_builder\">\n    <\/div>\n<!-- \/themify_builder_content -->","protected":false},"excerpt":{"rendered":"<h3><span style=\"color: #333333;\"><strong>Text\u00far\u00e1z\u00f3lapok teljes m\u00e9rete:<\/strong><\/span><\/h3>\n<ul>\n<li>\n<h3><span style=\"color: #333333;\">sz\u00e9less\u00e9g: \u00a0 \u00a0 \u00a0 \u00a0 \u00a025 cm<\/span><\/h3>\n<\/li>\n<li>\n<h3><span style=\"color: #333333;\">magass\u00e1g: \u00a0 \u00a0 \u00a0 \u00a0 18 cm<\/span><\/h3>\n<\/li>\n<\/ul>\n","protected":false},"featured_media":25843,"comment_status":"open","ping_status":"closed","template":"","meta":[],"builder_content":"","_links":{"self":[{"href":"https:\/\/jhcakes.com\/shop\/wp-json\/wp\/v2\/product\/25831"}],"collection":[{"href":"https:\/\/jhcakes.com\/shop\/wp-json\/wp\/v2\/product"}],"about":[{"href":"https:\/\/jhcakes.com\/shop\/wp-json\/wp\/v2\/types\/product"}],"replies":[{"embeddable":true,"href":"https:\/\/jhcakes.com\/shop\/wp-json\/wp\/v2\/comments?post=25831"}],"wp:featuredmedia":[{"embeddable":true,"href":"https:\/\/jhcakes.com\/shop\/wp-json\/wp\/v2\/media\/25843"}],"wp:attachment":[{"href":"https:\/\/jhcakes.com\/shop\/wp-json\/wp\/v2\/media?parent=25831"}],"curies":[{"name":"wp","href":"https:\/\/api.w.org\/{rel}","templated":true}]}}