{"id":25812,"date":"2026-03-31T21:19:24","date_gmt":"2026-03-31T19:19:24","guid":{"rendered":"https:\/\/jhcakes.com\/shop\/?post_type=product&#038;p=25812"},"modified":"2026-03-31T21:29:25","modified_gmt":"2026-03-31T19:29:25","slug":"nagy-fekete-liliomfeju-bibek","status":"publish","type":"product","link":"https:\/\/jhcakes.com\/shop\/termek\/nagy-fekete-liliomfeju-bibek\/","title":{"rendered":"Nagy fekete liliomfej\u0171 bib\u00e9k"},"content":{"rendered":"<h3>Fekete sz\u00e1lon, <span style=\"color: #ec008c;\"><strong>nagy m\u00e9ret\u0171, fekete, liliomfej\u0171 bib\u00e9k,<\/strong><\/span>\u00a0cukorvir\u00e1gok k\u00e9sz\u00edt\u00e9s\u00e9hez. Kiv\u00e1l\u00f3 min\u0151s\u00e9g Jap\u00e1nb\u00f3l.<\/h3>\n<p>&nbsp;<\/p>\n<h3><strong>Bibefejek sz\u00e1ma:<\/strong><\/h3>\n<ul>\n<li>\n<h3>144 fej<\/h3>\n<\/li>\n<\/ul>\n<h3><strong>Bibefejek hossza:<\/strong><\/h3>\n<ul>\n<li>\n<h3>5 mm<\/h3>\n<\/li>\n<\/ul>\n<h3><strong>Bibesz\u00e1lak hossza:<\/strong><\/h3>\n<ul>\n<li>\n<h3>50 mm<\/h3>\n<\/li>\n<\/ul>\n<h3><strong>Gy\u00e1rt\u00f3:<\/strong><\/h3>\n<ul>\n<li>\n<h3>Jap\u00e1n<\/h3>\n<\/li>\n<\/ul>\n<div id=\"themify_builder_content-25812\" data-postid=\"25812\" class=\"themify_builder_content themify_builder_content-25812 themify_builder\">\n    <\/div>\n<!-- \/themify_builder_content -->","protected":false},"excerpt":{"rendered":"<p>Fekete sz\u00e1lon, nagy m\u00e9ret\u0171, fekete, liliomfej\u0171 bib\u00e9k,\u00a0cukorvir\u00e1gok k\u00e9sz\u00edt\u00e9s\u00e9hez. Kiv\u00e1l\u00f3 min\u0151s\u00e9g Jap\u00e1nb\u00f3l. &nbsp; Bibefejek sz\u00e1ma: 144 fej Bibefejek hossza: 5 mm Bibesz\u00e1lak hossza: 50 mm Gy\u00e1rt\u00f3: Jap\u00e1n<\/p>\n","protected":false},"featured_media":25814,"comment_status":"open","ping_status":"closed","template":"","meta":[],"builder_content":"","_links":{"self":[{"href":"https:\/\/jhcakes.com\/shop\/wp-json\/wp\/v2\/product\/25812"}],"collection":[{"href":"https:\/\/jhcakes.com\/shop\/wp-json\/wp\/v2\/product"}],"about":[{"href":"https:\/\/jhcakes.com\/shop\/wp-json\/wp\/v2\/types\/product"}],"replies":[{"embeddable":true,"href":"https:\/\/jhcakes.com\/shop\/wp-json\/wp\/v2\/comments?post=25812"}],"wp:featuredmedia":[{"embeddable":true,"href":"https:\/\/jhcakes.com\/shop\/wp-json\/wp\/v2\/media\/25814"}],"wp:attachment":[{"href":"https:\/\/jhcakes.com\/shop\/wp-json\/wp\/v2\/media?parent=25812"}],"curies":[{"name":"wp","href":"https:\/\/api.w.org\/{rel}","templated":true}]}}