{"id":25805,"date":"2026-03-31T19:31:53","date_gmt":"2026-03-31T17:31:53","guid":{"rendered":"https:\/\/jhcakes.com\/shop\/?post_type=product&#038;p=25805"},"modified":"2026-04-03T17:24:25","modified_gmt":"2026-04-03T15:24:25","slug":"vintage-rozsa-lap-katy-sue","status":"publish","type":"product","link":"https:\/\/jhcakes.com\/shop\/termek\/vintage-rozsa-lap-katy-sue\/","title":{"rendered":"Vintage r\u00f3zsa lap &#8211; Katy Sue"},"content":{"rendered":"<h3 data-start=\"0\" data-end=\"391\"><span style=\"color: #333333;\">Ez az \u00e9lelmiszerbiztons\u00e1gos szilikon mint\u00e1z\u00f3 lap kifinomult csipketext\u00far\u00e1t hoz l\u00e9tre. A<\/span> <strong data-start=\"92\" data-end=\"121\"><span style=\"color: #ec008c;\">vintage r\u00f3zsa <\/span><\/strong><span style=\"color: #333333;\">szilikon forma <\/span><span style=\"color: #333333;\">r\u00e9szletgazdag r\u00f3zsamint\u00e1t biztos\u00edt tortad\u00edsz\u00edt\u00e9si projektjeidhez. A minta m\u00e9rete t\u00f6k\u00e9letes cupcake-ekhez \u00e9s kekszekhez, valamint nagyobb tort\u00e1khoz is. Leveg\u0151n sz\u00e1rad\u00f3 agyaggal \u00e9s m\u00e1s form\u00e1zhat\u00f3 anyagokkal is haszn\u00e1lhat\u00f3, \u00edgy leny\u0171g\u00f6z\u0151 k\u00e9zm\u0171ves alkot\u00e1sokat k\u00e9sz\u00edthetsz.<\/span><\/h3>\n<h3 data-start=\"393\" data-end=\"406\"><span style=\"color: #333333;\"><strong data-start=\"393\" data-end=\"406\">R\u00e9szletek<\/strong><\/span><\/h3>\n<ul data-start=\"408\" data-end=\"695\" data-is-last-node=\"\" data-is-only-node=\"\">\n<li data-section-id=\"wt7pkq\" data-start=\"408\" data-end=\"455\">\n<h3><span style=\"color: #333333;\">rendk\u00edv\u00fcl r\u00e9szletgazdag r\u00f3zsamint\u00e1t k\u00e9sz\u00edt<\/span><\/h3>\n<\/li>\n<li data-section-id=\"1kv0gwk\" data-start=\"529\" data-end=\"581\">\n<h3><span style=\"color: #333333;\">t\u00f6k\u00e9letes tort\u00e1khoz, cupcake-ekhez \u00e9s kekszekhez<\/span><\/h3>\n<\/li>\n<\/ul>\n<h3><span style=\"color: #333333;\"><strong>Felhaszn\u00e1l\u00e1s:<\/strong><\/span><\/h3>\n<ul>\n<li>\n<h3><span style=\"color: #333333;\">esk\u00fcv\u0151i \u00e9s egy\u00e9b ruh\u00e1k, valamint<\/span><\/h3>\n<\/li>\n<li>\n<h3><span style=\"color: #333333;\">bab\u00e1k takar\u00f3j\u00e1nak k\u00e9sz\u00edt\u00e9s\u00e9hez is aj\u00e1nlott<\/span><\/h3>\n<\/li>\n<\/ul>\n<h3><span style=\"color: #333333;\"><strong>Alapanyag:<\/strong><\/span><\/h3>\n<ul>\n<li>\n<h3><span style=\"color: #333333;\">\u00e9lelmiszerbiztons\u00e1gos szilikon<\/span><\/h3>\n<\/li>\n<\/ul>\n<h3><span style=\"color: #333333;\"><strong>Kezel\u00e9si \u00fatmutat\u00f3:<\/strong><\/span><\/h3>\n<ul>\n<li data-section-id=\"13iarbz\" data-start=\"608\" data-end=\"634\">\n<h3><span style=\"color: #333333;\">mosogat\u00f3g\u00e9pben moshat\u00f3<\/span><\/h3>\n<\/li>\n<li data-section-id=\"10ucvg8\" data-start=\"635\" data-end=\"660\">\n<h3><span style=\"color: #333333;\">s\u00fct\u0151ben h\u0151\u00e1ll\u00f3 ak\u00e1r 200 \u00b0C-ig<\/span><\/h3>\n<\/li>\n<\/ul>\n<h3><span style=\"color: #333333;\"><strong>Gy\u00e1rt\u00f3:<\/strong><\/span><\/h3>\n<ul>\n<li>\n<h3><span style=\"color: #333333;\">Katy Sue Design &#8211; Anglia<\/span><\/h3>\n<\/li>\n<\/ul>\n<div id=\"themify_builder_content-25805\" data-postid=\"25805\" class=\"themify_builder_content themify_builder_content-25805 themify_builder\">\n    <\/div>\n<!-- \/themify_builder_content -->","protected":false},"excerpt":{"rendered":"<h3><span style=\"color: #333333;\"><strong>Ism\u00e9tl\u0151d\u0151 minta teljes m\u00e9rete:<\/strong><\/span><\/h3>\n<ul>\n<li>\n<h3><span style=\"color: #333333;\">sz\u00e9less\u00e9g: \u00a0 \u00a0 \u00a0 \u00a0 \u00a0102 mm<\/span><\/h3>\n<\/li>\n<li>\n<h3><span style=\"color: #333333;\">hossz\u00fas\u00e1g: \u00a0 \u00a0 \u00a0 \u00a0102 mm<\/span><\/h3>\n<\/li>\n<li>\n<h3><span style=\"color: #333333;\">magass\u00e1g: \u00a0 \u00a0 \u00a0 \u00a0 \u00a0 \u00a04 mm<\/span><\/h3>\n<\/li>\n<\/ul>\n","protected":false},"featured_media":25822,"comment_status":"closed","ping_status":"closed","template":"","meta":[],"builder_content":"","_links":{"self":[{"href":"https:\/\/jhcakes.com\/shop\/wp-json\/wp\/v2\/product\/25805"}],"collection":[{"href":"https:\/\/jhcakes.com\/shop\/wp-json\/wp\/v2\/product"}],"about":[{"href":"https:\/\/jhcakes.com\/shop\/wp-json\/wp\/v2\/types\/product"}],"replies":[{"embeddable":true,"href":"https:\/\/jhcakes.com\/shop\/wp-json\/wp\/v2\/comments?post=25805"}],"wp:featuredmedia":[{"embeddable":true,"href":"https:\/\/jhcakes.com\/shop\/wp-json\/wp\/v2\/media\/25822"}],"wp:attachment":[{"href":"https:\/\/jhcakes.com\/shop\/wp-json\/wp\/v2\/media?parent=25805"}],"curies":[{"name":"wp","href":"https:\/\/api.w.org\/{rel}","templated":true}]}}