{"id":25618,"date":"2025-05-18T15:13:12","date_gmt":"2025-05-18T13:13:12","guid":{"rendered":"https:\/\/jhcakes.com\/shop\/?post_type=product&#038;p=25618"},"modified":"2025-12-17T01:28:33","modified_gmt":"2025-12-17T00:28:33","slug":"ateco-habzsakos-csotarto-doboz","status":"publish","type":"product","link":"https:\/\/jhcakes.com\/shop\/termek\/ateco-habzsakos-csotarto-doboz\/","title":{"rendered":"Ateco habzs\u00e1kos cs\u0151tart\u00f3 doboz"},"content":{"rendered":"<h3 style=\"text-align: justify;\"><strong><span style=\"color: #ec008c;\">26 darabos habzs\u00e1kos <span style=\"caret-color: #ec008c;\">dekor\u00e1l\u00f3 cs\u0151tart\u00f3 doboz<\/span>. <\/span><\/strong>Kiv\u00e1l\u00f3 mindenf\u00e9le dekor\u00e1l\u00f3 cs\u0151 elhelyez\u00e9s\u00e9re<\/h3>\n<h3><\/h3>\n<p>&nbsp;<\/p>\n<h3 style=\"text-align: justify;\"><strong>Doboz alapanyaga:<\/strong><\/h3>\n<ul>\n<li>\n<h3>m\u0171anyag<\/h3>\n<\/li>\n<\/ul>\n<h3><strong>Gy\u00e1rt\u00f3:<\/strong><\/h3>\n<ul>\n<li>\n<h3>Ateco &#8211; USA<\/h3>\n<\/li>\n<\/ul>\n<h3 id=\"tab-description\"><strong>Kezel\u00e9si \u00fatmutat\u00f3:<\/strong><\/h3>\n<ul>\n<li>\n<h3>k\u00e9zzel moshat\u00f3, leveg\u0151n sz\u00e1r\u00edtand\u00f3<\/h3>\n<\/li>\n<\/ul>\n<div id=\"themify_builder_content-25618\" data-postid=\"25618\" class=\"themify_builder_content themify_builder_content-25618 themify_builder\">\n    <\/div>\n<!-- \/themify_builder_content -->","protected":false},"excerpt":{"rendered":"<p>26 darabos habzs\u00e1kos dekor\u00e1l\u00f3 cs\u0151tart\u00f3 doboz. Kiv\u00e1l\u00f3 mindenf\u00e9le dekor\u00e1l\u00f3 cs\u0151 elhelyez\u00e9s\u00e9re &nbsp; Doboz alapanyaga: m\u0171anyag Gy\u00e1rt\u00f3: Ateco &#8211; USA Kezel\u00e9si \u00fatmutat\u00f3: k\u00e9zzel moshat\u00f3, leveg\u0151n sz\u00e1r\u00edtand\u00f3<\/p>\n","protected":false},"featured_media":25620,"comment_status":"closed","ping_status":"closed","template":"","meta":[],"builder_content":"","_links":{"self":[{"href":"https:\/\/jhcakes.com\/shop\/wp-json\/wp\/v2\/product\/25618"}],"collection":[{"href":"https:\/\/jhcakes.com\/shop\/wp-json\/wp\/v2\/product"}],"about":[{"href":"https:\/\/jhcakes.com\/shop\/wp-json\/wp\/v2\/types\/product"}],"replies":[{"embeddable":true,"href":"https:\/\/jhcakes.com\/shop\/wp-json\/wp\/v2\/comments?post=25618"}],"wp:featuredmedia":[{"embeddable":true,"href":"https:\/\/jhcakes.com\/shop\/wp-json\/wp\/v2\/media\/25620"}],"wp:attachment":[{"href":"https:\/\/jhcakes.com\/shop\/wp-json\/wp\/v2\/media?parent=25618"}],"curies":[{"name":"wp","href":"https:\/\/api.w.org\/{rel}","templated":true}]}}