{"id":25605,"date":"2025-05-18T12:40:52","date_gmt":"2025-05-18T10:40:52","guid":{"rendered":"https:\/\/jhcakes.com\/shop\/?post_type=product&#038;p=25605"},"modified":"2025-12-17T01:30:22","modified_gmt":"2025-12-17T00:30:22","slug":"ujrefelhasznalhato-habzsakgyuru","status":"publish","type":"product","link":"https:\/\/jhcakes.com\/shop\/termek\/ujrefelhasznalhato-habzsakgyuru\/","title":{"rendered":"\u00dajrefelhaszn\u00e1lhat\u00f3 habzs\u00e1kgy\u0171r\u0171"},"content":{"rendered":"<h3 style=\"text-align: justify;\"><strong><span style=\"color: #ec008c;\">Wilton \u00fajrefelhaszn\u00e1lhat\u00f3 habzs\u00e1klez\u00e1r\u00f3 gumigy\u0171r\u0171 <\/span><\/strong>habzs\u00e1kos dekor\u00e1l\u00e1s megk\u00f6nny\u00edt\u00e9s\u00e9hez. A z\u00e1r\u00f3k haszn\u00e1lhat\u00f3k vajkr\u00e9m, cukorm\u00e1z, habcs\u00f3k \u00e9s m\u00e1s anyagok kinyom\u00e1sakor is; biztos\u00edtj\u00e1k, hogy a zs\u00e1k teteje z\u00e1rva maradjon, \u00edgy semmi sem sziv\u00e1rog ki, amikor nyomjuk vagy letessz\u00fck a zs\u00e1kot.\u00a0<br data-start=\"382\" data-end=\"385\" \/>El\u0151nye, hogy a gumigy\u0171r\u0171k nem csak <strong>er\u0151sek<\/strong>, de <strong>\u00fajrafelhaszn\u00e1lhat\u00f3ak<\/strong> is.<\/h3>\n<h3><span style=\"color: #1ba6b4;\"><strong>HASZN\u00c1LATI TIPP<\/strong>:<\/span><\/h3>\n<ul>\n<li>\n<h3>R\u00f6gz\u00edt\u00e9shez csavarja el a zs\u00e1k tetej\u00e9t, majd tekerje k\u00f6r\u00e9 a z\u00e1r\u00f3gy\u0171r\u0171t<\/h3>\n<\/li>\n<\/ul>\n<h3><strong>Milyen habzs\u00e1khoz aj\u00e1nljuk a gy\u0171r\u0171ket?<\/strong><\/h3>\n<ul>\n<li>\n<h3>b\u00e1rmely m\u00e9ret\u0171 \u00e9s anyag\u00fa habzs\u00e1khoz, alkalmazhat\u00f3 k\u00f6nny\u0171 textil zs\u00e1kokhoz is<\/h3>\n<\/li>\n<\/ul>\n<h3><strong>Alapanyag:<\/strong><\/h3>\n<ul>\n<li>\n<h3>er\u0151s gumi<\/h3>\n<\/li>\n<\/ul>\n<h3><strong>Kiszerel\u00e9s:<\/strong><\/h3>\n<ul>\n<li>\n<h3>darabonk\u00e9nt rendelhet\u0151<\/h3>\n<\/li>\n<\/ul>\n<h3 id=\"tab-description\"><strong>Kezel\u00e9si \u00fatmutat\u00f3:<\/strong><\/h3>\n<ul>\n<li>\n<h3>k\u00e9zzel moshat\u00f3, leveg\u0151n sz\u00e1r\u00edtand\u00f3<\/h3>\n<\/li>\n<\/ul>\n<div id=\"themify_builder_content-25605\" data-postid=\"25605\" class=\"themify_builder_content themify_builder_content-25605 themify_builder\">\n    <\/div>\n<!-- \/themify_builder_content -->","protected":false},"excerpt":{"rendered":"<h3><strong>Gumigy\u0171r\u0171k \u00e1tm\u00e9r\u0151je:<\/strong><\/h3>\n<ul>\n<li>\n<h3>25 mm<\/h3>\n<\/li>\n<\/ul>\n","protected":false},"featured_media":25611,"comment_status":"closed","ping_status":"closed","template":"","meta":[],"builder_content":"","_links":{"self":[{"href":"https:\/\/jhcakes.com\/shop\/wp-json\/wp\/v2\/product\/25605"}],"collection":[{"href":"https:\/\/jhcakes.com\/shop\/wp-json\/wp\/v2\/product"}],"about":[{"href":"https:\/\/jhcakes.com\/shop\/wp-json\/wp\/v2\/types\/product"}],"replies":[{"embeddable":true,"href":"https:\/\/jhcakes.com\/shop\/wp-json\/wp\/v2\/comments?post=25605"}],"wp:featuredmedia":[{"embeddable":true,"href":"https:\/\/jhcakes.com\/shop\/wp-json\/wp\/v2\/media\/25611"}],"wp:attachment":[{"href":"https:\/\/jhcakes.com\/shop\/wp-json\/wp\/v2\/media?parent=25605"}],"curies":[{"name":"wp","href":"https:\/\/api.w.org\/{rel}","templated":true}]}}