{"id":25461,"date":"2025-03-01T16:20:59","date_gmt":"2025-03-01T15:20:59","guid":{"rendered":"https:\/\/jhcakes.com\/shop\/?post_type=product&#038;p=25461"},"modified":"2025-12-24T20:57:46","modified_gmt":"2025-12-24T19:57:46","slug":"fukszia-sugarflair-dekor-szirompor","status":"publish","type":"product","link":"https:\/\/jhcakes.com\/shop\/termek\/fukszia-sugarflair-dekor-szirompor\/","title":{"rendered":"Fukszia Sugarflair dekor szirompor"},"content":{"rendered":"<h3 style=\"text-align: center;\"><span style=\"color: #878787;\">Nagyon sz\u00e9p,<\/span><strong><span style=\"color: #ec008c;\"> fukszia sz\u00edn\u0171 matt szirompor <\/span><\/strong><span style=\"color: #878787;\">cukorvir\u00e1gok, aj\u00e1nd\u00e9k m\u00e9zesek dekor\u00e1l\u00e1s\u00e1ra, az angliai Sugarflair-t\u0151l<\/span><\/h3>\n<p>&nbsp;<\/p>\n<div id=\"themify_builder_content-25461\" data-postid=\"25461\" class=\"themify_builder_content themify_builder_content-25461 themify_builder\">\n    \t<!-- module_row -->\n\t<div  class=\"themify_builder_row module_row clearfix module_row_0 themify_builder_25461_row module_row_25461-0 tb_e1i9725\">\n\t    \t    <div class=\"row_inner col_align_top\" >\n\t\t\t<div  class=\"module_column tb-column col-full first tb_25461_column module_column_0 module_column_25461-0-0 tb_dmv3806\">\n\t    \t    \t        <div class=\"tb-column-inner\">\n\t\t    <!-- module text -->\n<div  class=\"module module-text tb_irzk855  repeat  \">\n            <div  class=\"tb_text_wrap\">\n    <h3><strong>\u00c1ltal\u00e1nos jellemz\u0151k a Sugarflair dekor\u00e1ci\u00f3s min\u0151s\u00edt\u00e9s\u0171 sziromfest\u00e9keire:<\/strong><\/h3>\n<ul>\n<li>\n<h3 style=\"text-align: justify;\">nagyon er\u0151s sz\u00ednez\u00e9si adotts\u00e1g\u00a0<\/h3>\n<\/li>\n<li style=\"text-align: justify;\">\n<h3>korl\u00e1tlan ideig megtartj\u00e1k er\u0151s sz\u00edn\u0171ket<\/h3>\n<\/li>\n<li>\n<h3>nem rendelkeznek lej\u00e1rati id\u0151vel, ez\u00e9rt b\u00e1rmeddig felhaszn\u00e1lhat\u00f3ak<\/h3>\n<\/li>\n<li>\n<h3 style=\"text-align: justify;\">k\u00f6nnyen felvihet\u0151ek<\/h3>\n<\/li>\n<li>\n<h3 style=\"text-align: justify;\">gazdas\u00e1goss\u00e1g &#8211; kis mennyis\u00e9g haszn\u00e1lata is kiv\u00e1l\u00f3 eredm\u00e9nyt hoz<\/h3>\n<\/li>\n<li>\n<h3>a dekor\u00e1ci\u00f3s sziromporok nem ehet\u0151ek, de nem m\u00e9rgez\u0151ek &#8211; csak dekor\u00e1ci\u00f3k k\u00e9sz\u00edt\u00e9s\u00e9re haszn\u00e1lhat\u00f3ak<\/h3>\n<\/li>\n<\/ul>\n<h3><strong>Hogyan haszn\u00e1ljuk a dekor\u00e1ci\u00f3s sziromporokat?<\/strong><\/h3>\n<ul>\n<li>\n<h3>sz\u00e1raz ecsettel fess\u00fck \u00e1t a k\u00edv\u00e1nt dekor\u00e1ci\u00f3s r\u00e9szletet, vagy<\/h3>\n<\/li>\n<li>\n<h3>keverj\u00fck \u00f6ssze a sziromport egy kis alkohollal \u00e9s az \u00edgy k\u00e9sz\u00edtett fest\u00e9kkel fess\u00fcnk<\/h3>\n<\/li>\n<\/ul>    <\/div>\n<\/div>\n<!-- \/module text -->\n\t        <\/div>\n\t    \t<\/div>\n\t\t    <\/div>\n\t    <!-- \/row_inner -->\n\t<\/div>\n\t<!-- \/module_row -->\n\t\t<!-- module_row -->\n\t<div  class=\"themify_builder_row module_row clearfix module_row_1 themify_builder_25461_row module_row_25461-1 tb_0rkf807\">\n\t    \t    <div class=\"row_inner col_align_top\" >\n\t\t\t<div  class=\"module_column tb-column col4-2 first tb_25461_column module_column_0 module_column_25461-1-0 tb_eywi768\">\n\t    \t    \t        <div class=\"tb-column-inner\">\n\t\t    <!-- module text -->\n<div  class=\"module module-text tb_c473078  repeat  \">\n            <div  class=\"tb_text_wrap\">\n    <h3><span style=\"color: #878787;\"><strong>Nett\u00f3 tartalom:<\/strong><\/span><\/h3>\n<ul>\n<li>\n<h3><strong><span style=\"color: #ec008c;\">7 ml<\/span><\/strong><\/h3>\n<\/li>\n<\/ul>    <\/div>\n<\/div>\n<!-- \/module text -->\n\t<div  class=\"themify_builder_sub_row module_subrow clearfix sub_row_1-0-1 tb_nj6h774\">\n\t    \t    <div class=\"subrow_inner col_align_top\" >\n\t\t\t<div  class=\"sub_column module_column col4-2 first sub_column_post_25461 sub_column_1-0-1-0 tb_pq0l933\"> \n\t    \t    \t<\/div>\n\t\t<div  class=\"sub_column module_column col4-2 last sub_column_post_25461 sub_column_1-0-1-1 tb_cglx887\"> \n\t    \t    \t<\/div>\n\t\t    <\/div>\n\t<\/div><!-- \/themify_builder_sub_row -->\n\t\t        <\/div>\n\t    \t<\/div>\n\t\t<div  class=\"module_column tb-column col4-2 last tb_25461_column module_column_1 module_column_25461-1-1 tb_jczz740\">\n\t    \t    \t        <div class=\"tb-column-inner\">\n\t\t    <!-- module text -->\n<div  class=\"module module-text tb_cume788  repeat  \">\n            <div  class=\"tb_text_wrap\">\n    <h3><span style=\"color: #878787;\"><strong>T\u00e1rol\u00e1si \u00fatmutat\u00f3:<\/strong><\/span><\/h3><ul><li><h3><span style=\"color: #878787;\">s\u00f6t\u00e9t, h\u0171v\u00f6s, sz\u00e1raz helyen t\u00e1roland\u00f3<\/span><\/h3><\/li><\/ul>    <\/div>\n<\/div>\n<!-- \/module text -->\n\t        <\/div>\n\t    \t<\/div>\n\t\t    <\/div>\n\t    <!-- \/row_inner -->\n\t<\/div>\n\t<!-- \/module_row -->\n\t<\/div>\n\n","protected":false},"excerpt":{"rendered":"<p>Nagyon sz\u00e9p, fukszia sz\u00edn\u0171 matt szirompor cukorvir\u00e1gok, aj\u00e1nd\u00e9k m\u00e9zesek dekor\u00e1l\u00e1s\u00e1ra, az angliai Sugarflair-t\u0151l &nbsp; \u00c1ltal\u00e1nos jellemz\u0151k a Sugarflair dekor\u00e1ci\u00f3s min\u0151s\u00edt\u00e9s\u0171 sziromfest\u00e9keire: nagyon er\u0151s sz\u00ednez\u00e9si adotts\u00e1g\u00a0 korl\u00e1tlan ideig megtartj\u00e1k er\u0151s sz\u00edn\u0171ket nem rendelkeznek lej\u00e1rati id\u0151vel, ez\u00e9rt b\u00e1rmeddig felhaszn\u00e1lhat\u00f3ak k\u00f6nnyen felvihet\u0151ek gazdas\u00e1goss\u00e1g &#8211; kis mennyis\u00e9g haszn\u00e1lata is kiv\u00e1l\u00f3 eredm\u00e9nyt hoz a dekor\u00e1ci\u00f3s sziromporok nem ehet\u0151ek, de nem [&hellip;]<\/p>\n","protected":false},"featured_media":25456,"comment_status":"open","ping_status":"closed","template":"","meta":[],"builder_content":"<h3><strong>\u00c1ltal\u00e1nos jellemz\u0151k a Sugarflair dekor\u00e1ci\u00f3s min\u0151s\u00edt\u00e9s\u0171 sziromfest\u00e9keire:<\/strong><\/h3> <ul> <li> <h3 style=\"text-align: justify;\">nagyon er\u0151s sz\u00ednez\u00e9si adotts\u00e1g\u00a0<\/h3> <\/li> <li style=\"text-align: justify;\"> <h3>korl\u00e1tlan ideig megtartj\u00e1k er\u0151s sz\u00edn\u0171ket<\/h3> <\/li> <li> <h3>nem rendelkeznek lej\u00e1rati id\u0151vel, ez\u00e9rt b\u00e1rmeddig felhaszn\u00e1lhat\u00f3ak<\/h3> <\/li> <li> <h3 style=\"text-align: justify;\">k\u00f6nnyen felvihet\u0151ek<\/h3> <\/li> <li> <h3 style=\"text-align: justify;\">gazdas\u00e1goss\u00e1g - kis mennyis\u00e9g haszn\u00e1lata is kiv\u00e1l\u00f3 eredm\u00e9nyt hoz<\/h3> <\/li> <li> <h3>a dekor\u00e1ci\u00f3s sziromporok nem ehet\u0151ek, de nem m\u00e9rgez\u0151ek - csak dekor\u00e1ci\u00f3k k\u00e9sz\u00edt\u00e9s\u00e9re haszn\u00e1lhat\u00f3ak<\/h3> <\/li> <\/ul> <h3><strong>Hogyan haszn\u00e1ljuk a dekor\u00e1ci\u00f3s sziromporokat?<\/strong><\/h3> <ul> <li> <h3>sz\u00e1raz ecsettel fess\u00fck \u00e1t a k\u00edv\u00e1nt dekor\u00e1ci\u00f3s r\u00e9szletet, vagy<\/h3> <\/li> <li> <h3>keverj\u00fck \u00f6ssze a sziromport egy kis alkohollal \u00e9s az \u00edgy k\u00e9sz\u00edtett fest\u00e9kkel fess\u00fcnk<\/h3> <\/li> <\/ul>\n<h3><strong>Nett\u00f3 tartalom:<\/strong><\/h3> <ul> <li> <h3><strong>7 ml<\/strong><\/h3> <\/li> <\/ul>\n<h3><strong>T\u00e1rol\u00e1si \u00fatmutat\u00f3:<\/strong><\/h3><ul><li><h3>s\u00f6t\u00e9t, h\u0171v\u00f6s, sz\u00e1raz helyen t\u00e1roland\u00f3<\/h3><\/li><\/ul>","_links":{"self":[{"href":"https:\/\/jhcakes.com\/shop\/wp-json\/wp\/v2\/product\/25461"}],"collection":[{"href":"https:\/\/jhcakes.com\/shop\/wp-json\/wp\/v2\/product"}],"about":[{"href":"https:\/\/jhcakes.com\/shop\/wp-json\/wp\/v2\/types\/product"}],"replies":[{"embeddable":true,"href":"https:\/\/jhcakes.com\/shop\/wp-json\/wp\/v2\/comments?post=25461"}],"wp:featuredmedia":[{"embeddable":true,"href":"https:\/\/jhcakes.com\/shop\/wp-json\/wp\/v2\/media\/25456"}],"wp:attachment":[{"href":"https:\/\/jhcakes.com\/shop\/wp-json\/wp\/v2\/media?parent=25461"}],"curies":[{"name":"wp","href":"https:\/\/api.w.org\/{rel}","templated":true}]}}