{"id":25074,"date":"2023-11-20T20:18:10","date_gmt":"2023-11-20T19:18:10","guid":{"rendered":"https:\/\/jhcakes.com\/shop\/?post_type=product&#038;p=25074"},"modified":"2025-10-16T23:30:22","modified_gmt":"2025-10-16T21:30:22","slug":"matt-ekru-szorocukorka","status":"publish","type":"product","link":"https:\/\/jhcakes.com\/shop\/termek\/matt-ekru-szorocukorka\/","title":{"rendered":"Matt ekr\u00fc sz\u00f3r\u00f3cukorka"},"content":{"rendered":"<h3 style=\"text-align: justify;\"><strong><span style=\"color: #ec008c;\">Matt ekr\u00fc sz\u00f3r\u00f3cukorka<\/span><\/strong>\u00a0a legkisebb m\u00e9zesek, apr\u00f3s\u00fctik, cupcake-ek d\u00edsz\u00edt\u00e9s\u00e9re is kiv\u00e1l\u00f3an alkalmasak. Term\u00e9szetesen tort\u00e1kon is remek\u00fcl mutatnak:).<\/h3>\n<p>&nbsp;<\/p>\n<h3><strong>\u00d6sszetev\u0151k:<\/strong><\/h3>\n<ul>\n<li>\n<h3>cukor, b\u00faza- \u00e9s kukoricakem\u00e9ny\u00edt\u0151, gl\u00fck\u00f3zszirup, karamell cukorszirup<\/h3>\n<\/li>\n<\/ul>\n<h3><strong>T\u00e1rol\u00e1si javaslat:<\/strong><\/h3>\n<ul>\n<li>\n<h3>alacsony p\u00e1ratartalommal rendelkez\u0151, sz\u00e1raz, h\u0171v\u00f6s helyen t\u00e1roland\u00f3<\/h3>\n<\/li>\n<\/ul>\n<h3><strong>Lej\u00e1rati id\u0151:<\/strong><\/h3>\n<ul>\n<li>\n<h3>2026. december 31.<\/h3>\n<\/li>\n<\/ul>\n<h3><strong>Nett\u00f3 s\u00faly:<\/strong><\/h3>\n<ul>\n<li>\n<h3>50 gramm<\/h3>\n<\/li>\n<\/ul>\n<div id=\"themify_builder_content-25074\" data-postid=\"25074\" class=\"themify_builder_content themify_builder_content-25074 themify_builder\">\n    <\/div>\n<!-- \/themify_builder_content -->","protected":false},"excerpt":{"rendered":"<h3><strong>Cukorszemek m\u00e9rete:<\/strong><\/h3>\n<ul>\n<li>\n<h3>kb 1 mm<\/h3>\n<\/li>\n<\/ul>\n","protected":false},"featured_media":25077,"comment_status":"open","ping_status":"closed","template":"","meta":[],"builder_content":"","_links":{"self":[{"href":"https:\/\/jhcakes.com\/shop\/wp-json\/wp\/v2\/product\/25074"}],"collection":[{"href":"https:\/\/jhcakes.com\/shop\/wp-json\/wp\/v2\/product"}],"about":[{"href":"https:\/\/jhcakes.com\/shop\/wp-json\/wp\/v2\/types\/product"}],"replies":[{"embeddable":true,"href":"https:\/\/jhcakes.com\/shop\/wp-json\/wp\/v2\/comments?post=25074"}],"wp:featuredmedia":[{"embeddable":true,"href":"https:\/\/jhcakes.com\/shop\/wp-json\/wp\/v2\/media\/25077"}],"wp:attachment":[{"href":"https:\/\/jhcakes.com\/shop\/wp-json\/wp\/v2\/media?parent=25074"}],"curies":[{"name":"wp","href":"https:\/\/api.w.org\/{rel}","templated":true}]}}