{"id":25019,"date":"2023-11-01T19:07:21","date_gmt":"2023-11-01T18:07:21","guid":{"rendered":"https:\/\/jhcakes.com\/shop\/?post_type=product&#038;p=25019"},"modified":"2026-04-04T18:06:19","modified_gmt":"2026-04-04T16:06:19","slug":"piros-ketvegu-etelfestektoll-2","status":"publish","type":"product","link":"https:\/\/jhcakes.com\/shop\/termek\/piros-ketvegu-etelfestektoll-2\/","title":{"rendered":"Piros k\u00e9tv\u00e9g\u0171 \u00e9telfest\u00e9ktoll"},"content":{"rendered":"<h3>Az angliai Rainbow Dust \u00e1ltal gy\u00e1rtott\u00a0<span style=\"color: #878787;\"><span style=\"color: #ec008c;\"><strong>k\u00e9tv\u00e9g\u0171 \u00e9telfest\u00e9ktollak<\/strong><\/span>\u00a0k\u00e9t k\u00fcl\u00fcnb\u00f6z\u0151 m\u00e9ret\u0171 v\u00e9ggel rendelkeznek. A vastagabb v\u00e9g lehet\u0151s\u00e9get ad karakteresebb bet\u0171k, mint\u00e1k megrajzol\u00e1s\u00e1ra, m\u00edg a v\u00e9konyabb v\u00e9g az eg\u00e9szen apr\u00f3l\u00e9kos d\u00edsz\u00edt\u00e9sek elk\u00e9sz\u00edt\u00e9s\u00e9t seg\u00edti.\u00a0<\/span><span style=\"color: #878787;\">A felvitt \u00e9telfest\u00e9k gyorsan sz\u00e1rad \u00e9s sz\u00e1rad\u00e1s ut\u00e1n nem maszatol\u00f3dik el. A\u00a0<\/span><span style=\"color: #878787;\"><span style=\"color: #ec008c;\"><strong>piros \u00e9telfest\u00e9ktollak\u00a0<\/strong><\/span><\/span><span style=\"color: #878787;\">nagyon sz\u00e9p, piros vonalakat k\u00e9sz\u00edtenek.<\/span><\/h3>\n<p>&nbsp;<\/p>\n<h3><strong>A Rainbow Dust \u00e1ltal gy\u00e1rtott \u00e9telfest\u00e9ktollak el\u0151nyei:<\/strong><\/h3>\n<ul>\n<li>\n<h3>m\u00e9g a vastagabb v\u00e9ggel is nagyon sz\u00e9p, olvashat\u00f3 bet\u0171k k\u00e9sz\u00fclnek<\/h3>\n<\/li>\n<li>\n<h3>nem sz\u00e1radnak be<\/h3>\n<\/li>\n<li>\n<h3>sokszori haszn\u00e1lat ut\u00e1n sem bolyhosodnak<\/h3>\n<\/li>\n<li>\n<h3>\u00e1r-\u00e9rt\u00e9k ar\u00e1nyuk kiv\u00e1l\u00f3<\/h3>\n<\/li>\n<\/ul>\n<h3 style=\"text-align: justify;\"><span style=\"color: #878787;\"><span style=\"color: #1ba6b4;\"><strong>TIPP:<\/strong><\/span><br \/>\n<\/span><span style=\"color: #878787;\">Az \u00e9telfest\u00e9ktollak legszebben kem\u00e9ny alapanyagon m\u0171k\u00f6dnek, ez\u00e9rt \u00e9rdemes megv\u00e1rni, m\u00edg a fondant illetve marcip\u00e1n kiss\u00e9 megkem\u00e9nyedik.\u00a0<\/span><\/h3>\n<h3>A tollat minden haszn\u00e1lat ut\u00e1n kupakoljuk vissza, mert a hegy besz\u00e1radhat. Ebben az esetben m\u00e1rtsuk a tollhegyet egy kis v\u00edzbe, majd t\u00f6r\u00f6lgess\u00fck meg.<\/h3>\n<h3><\/h3>\n<p>&nbsp;<\/p>\n<h3><strong>Tollv\u00e9gek m\u00e9rete:<\/strong><\/h3>\n<ul>\n<li>\n<h3>0,5 mm<\/h3>\n<\/li>\n<li>\n<h3>2,5 mm<\/h3>\n<\/li>\n<\/ul>\n<h3><strong>Mihez aj\u00e1nljuk az \u00e9telfest\u00e9ktollakat?<\/strong><\/h3>\n<ul>\n<li>\n<h3>cukormassza, fondant, glaz\u00far \u00e9s marcip\u00e1nra t\u00f6rt\u00e9n\u0151 \u00edr\u00e1sra, rajzol\u00e1sra<\/h3>\n<\/li>\n<li>\n<h3>megsz\u00e1radt glaz\u00far \u00e1tfest\u00e9s\u00e9re<\/h3>\n<\/li>\n<li>\n<h3>glaz\u00far\u00f3z\u00e1s el\u0151tt, m\u00e9zesek d\u00edsz\u00edt\u00e9s\u00e9nek el\u0151rajzol\u00e1s\u00e1ra<\/h3>\n<\/li>\n<\/ul>\n<div style=\"width: 1165px; \" class=\"wp-video\"><!--[if lt IE 9]><script>document.createElement('video');<\/script><![endif]-->\n<video class=\"wp-video-shortcode\" id=\"video-25019-1\" width=\"1165\" height=\"655\" preload=\"metadata\" controls=\"controls\"><source type=\"video\/mp4\" src=\"https:\/\/jhcakes.com\/shop\/wp-content\/uploads\/2019\/03\/Rainbow-Dust-Food-Art-Pens.mp4?_=1\" \/><a href=\"https:\/\/jhcakes.com\/shop\/wp-content\/uploads\/2019\/03\/Rainbow-Dust-Food-Art-Pens.mp4\">https:\/\/jhcakes.com\/shop\/wp-content\/uploads\/2019\/03\/Rainbow-Dust-Food-Art-Pens.mp4<\/a><\/video><\/div>\n<div id=\"themify_builder_content-25019\" data-postid=\"25019\" class=\"themify_builder_content themify_builder_content-25019 themify_builder\">\n    \t<!-- module_row -->\n\t<div  class=\"themify_builder_row module_row clearfix module_row_1 themify_builder_25019_row module_row_25019-1 tb_fyjy001\">\n\t    \t    <div class=\"row_inner col_align_top\" >\n\t\t\t<div  class=\"module_column tb-column col4-2 first tb_25019_column module_column_0 module_column_25019-1-0 tb_deyj013\">\n\t    \t    \t        <div class=\"tb-column-inner\">\n\t\t    <!-- module text -->\n<div  class=\"module module-text tb_lxgr801  repeat  \">\n            <div  class=\"tb_text_wrap\">\n    <h3><span style=\"color: #878787;\"><strong>Nett\u00f3 tartalom:<\/strong><\/span><\/h3>\n<ul>\n<li>\n<h3><strong><span style=\"color: #ec008c;\">5 g<\/span><\/strong><\/h3>\n<\/li>\n<\/ul>    <\/div>\n<\/div>\n<!-- \/module text -->\n<!-- module text -->\n<div  class=\"module module-text tb_uyvj800  repeat  \">\n            <div  class=\"tb_text_wrap\">\n    <h3><strong>\u00d6sszetev\u0151k:<\/strong><\/h3>\n<ul>\n<li>\n<h3>v\u00edz, glicerin, etanol<\/h3>\n<\/li>\n<li>\n<h3>sz\u00ednez\u00e9k: E124, mely k\u00e1ros hat\u00e1ssal lehet gyerekekre<\/h3>\n<\/li>\n<\/ul>    <\/div>\n<\/div>\n<!-- \/module text -->\n\t<div  class=\"themify_builder_sub_row module_subrow clearfix sub_row_1-0-2 tb_ovxu478\">\n\t    \t    <div class=\"subrow_inner col_align_top\" >\n\t\t\t<div  class=\"sub_column module_column col4-2 first sub_column_post_25019 sub_column_1-0-2-0 tb_p9as784\"> \n\t    \t    \t<\/div>\n\t\t<div  class=\"sub_column module_column col4-2 last sub_column_post_25019 sub_column_1-0-2-1 tb_9a3v091\"> \n\t    \t    \t<\/div>\n\t\t    <\/div>\n\t<\/div><!-- \/themify_builder_sub_row -->\n\t\t        <\/div>\n\t    \t<\/div>\n\t\t<div  class=\"module_column tb-column col4-2 last tb_25019_column module_column_1 module_column_25019-1-1 tb_ifgf891\">\n\t    \t    \t        <div class=\"tb-column-inner\">\n\t\t    <!-- module text -->\n<div  class=\"module module-text tb_123i005  repeat  \">\n            <div  class=\"tb_text_wrap\">\n    <h3><span style=\"color: #878787;\"><strong>Lej\u00e1rati id\u0151:<\/strong><\/span><\/h3>\n<ul>\n<li>\n<h3><strong><span style=\"color: #ec008c;\">2027. j\u00fanius 29.<\/span><\/strong><\/h3>\n<\/li>\n<\/ul>    <\/div>\n<\/div>\n<!-- \/module text -->\n<!-- module text -->\n<div  class=\"module module-text tb_qudj980  repeat  \">\n            <div  class=\"tb_text_wrap\">\n    <h3><span style=\"color: #878787;\"><strong>T\u00e1rol\u00e1si \u00fatmutat\u00f3:<\/strong><\/span><\/h3><ul><li><h3><span style=\"color: #878787;\">s\u00f6t\u00e9t, h\u0171v\u00f6s, sz\u00e1raz helyen t\u00e1roland\u00f3<\/span><\/h3><\/li><\/ul>    <\/div>\n<\/div>\n<!-- \/module text -->\n\t        <\/div>\n\t    \t<\/div>\n\t\t    <\/div>\n\t    <!-- \/row_inner -->\n\t<\/div>\n\t<!-- \/module_row -->\n\t<\/div>\n\n","protected":false},"excerpt":{"rendered":"<p>Az angliai Rainbow Dust \u00e1ltal gy\u00e1rtott\u00a0k\u00e9tv\u00e9g\u0171 \u00e9telfest\u00e9ktollak\u00a0k\u00e9t k\u00fcl\u00fcnb\u00f6z\u0151 m\u00e9ret\u0171 v\u00e9ggel rendelkeznek. A vastagabb v\u00e9g lehet\u0151s\u00e9get ad karakteresebb bet\u0171k, mint\u00e1k megrajzol\u00e1s\u00e1ra, m\u00edg a v\u00e9konyabb v\u00e9g az eg\u00e9szen apr\u00f3l\u00e9kos d\u00edsz\u00edt\u00e9sek elk\u00e9sz\u00edt\u00e9s\u00e9t seg\u00edti.\u00a0A felvitt \u00e9telfest\u00e9k gyorsan sz\u00e1rad \u00e9s sz\u00e1rad\u00e1s ut\u00e1n nem maszatol\u00f3dik el. A\u00a0piros \u00e9telfest\u00e9ktollak\u00a0nagyon sz\u00e9p, piros vonalakat k\u00e9sz\u00edtenek. &nbsp; A Rainbow Dust \u00e1ltal gy\u00e1rtott \u00e9telfest\u00e9ktollak el\u0151nyei: m\u00e9g [&hellip;]<\/p>\n","protected":false},"featured_media":12558,"comment_status":"open","ping_status":"closed","template":"","meta":[],"builder_content":"<h3><strong>Nett\u00f3 tartalom:<\/strong><\/h3> <ul> <li> <h3><strong>5 g<\/strong><\/h3> <\/li> <\/ul>\n<h3><strong>\u00d6sszetev\u0151k:<\/strong><\/h3> <ul> <li> <h3>v\u00edz, glicerin, etanol<\/h3> <\/li> <li> <h3>sz\u00ednez\u00e9k: E124, mely k\u00e1ros hat\u00e1ssal lehet gyerekekre<\/h3> <\/li> <\/ul>\n<h3><strong>Lej\u00e1rati id\u0151:<\/strong><\/h3> <ul> <li> <h3><strong>2027. j\u00fanius 29.<\/strong><\/h3> <\/li> <\/ul>\n<h3><strong>T\u00e1rol\u00e1si \u00fatmutat\u00f3:<\/strong><\/h3><ul><li><h3>s\u00f6t\u00e9t, h\u0171v\u00f6s, sz\u00e1raz helyen t\u00e1roland\u00f3<\/h3><\/li><\/ul>","_links":{"self":[{"href":"https:\/\/jhcakes.com\/shop\/wp-json\/wp\/v2\/product\/25019"}],"collection":[{"href":"https:\/\/jhcakes.com\/shop\/wp-json\/wp\/v2\/product"}],"about":[{"href":"https:\/\/jhcakes.com\/shop\/wp-json\/wp\/v2\/types\/product"}],"replies":[{"embeddable":true,"href":"https:\/\/jhcakes.com\/shop\/wp-json\/wp\/v2\/comments?post=25019"}],"wp:featuredmedia":[{"embeddable":true,"href":"https:\/\/jhcakes.com\/shop\/wp-json\/wp\/v2\/media\/12558"}],"wp:attachment":[{"href":"https:\/\/jhcakes.com\/shop\/wp-json\/wp\/v2\/media?parent=25019"}],"curies":[{"name":"wp","href":"https:\/\/api.w.org\/{rel}","templated":true}]}}