{"id":25002,"date":"2023-11-01T16:07:52","date_gmt":"2023-11-01T15:07:52","guid":{"rendered":"https:\/\/jhcakes.com\/shop\/?post_type=product&#038;p=25002"},"modified":"2025-12-09T17:35:00","modified_gmt":"2025-12-09T16:35:00","slug":"fenyes-fenyok-es-zoknik-cukorkamix","status":"publish","type":"product","link":"https:\/\/jhcakes.com\/shop\/termek\/fenyes-fenyok-es-zoknik-cukorkamix\/","title":{"rendered":"F\u00e9nyes feny\u0151k \u00e9s zoknik cukorkamix"},"content":{"rendered":"<h3 style=\"text-align: justify;\"><strong><span style=\"color: #ec008c;\">F\u00e9nyes feny\u0151k \u00e9s zoknik konfettimix<\/span><\/strong>\u00a0&#8211; \u00c9l\u00e9nkpiros kar\u00e1csonyi zoknik, f\u00e9nyesz\u00f6ld feny\u0151k t\u00e1rsas\u00e1g\u00e1ban, Kiv\u00e1l\u00f3 v\u00e1laszt\u00e1s kupactort\u00e1k \u00e9s m\u00e9zesek d\u00edsz\u00edt\u00e9s\u00e9re.<\/h3>\n<p>&nbsp;<\/p>\n<h3><strong>\u00d6sszetev\u0151k:<\/strong><\/h3>\n<ul>\n<li>\n<h3>dextr\u00f3z, maltodextrin, kukoricakem\u00e9ny\u00edt\u0151, gluk\u00f3z szirup, tapad\u00e1sg\u00e1tl\u00f3: E470b, \u00edzes\u00edt\u0151, s\u0171r\u00edt\u0151nyag: E414, alma- \u00e9s r\u00e9pakoncentr\u00e1tum, f\u00e9nyez\u0151anyagok: E904, E903<\/h3>\n<\/li>\n<li>\n<h3>sz\u00ednez\u00e9kek: E160c, E129, E102, E133, E110 &#8211; E129, E102, E110 k\u00e1ros hat\u00e1ssal lehetnek gyerekekre<\/h3>\n<\/li>\n<\/ul>\n<h3><strong>T\u00e1rol\u00e1si javaslat:<\/strong><\/h3>\n<ul>\n<li>\n<h3>alacsony p\u00e1ratartalommal rendelkez\u0151, sz\u00e1raz, h\u0171v\u00f6s helyen t\u00e1roland\u00f3<\/h3>\n<\/li>\n<\/ul>\n<h3><strong>Lej\u00e1rati id\u0151:<\/strong><\/h3>\n<ul>\n<li>\n<h3>2026. december 30.<\/h3>\n<\/li>\n<\/ul>\n<h3><strong>Nett\u00f3 s\u00faly:<\/strong><\/h3>\n<ul>\n<li>\n<h3>25 gramm<\/h3>\n<\/li>\n<\/ul>\n<div id=\"themify_builder_content-25002\" data-postid=\"25002\" class=\"themify_builder_content themify_builder_content-25002 themify_builder\">\n    <\/div>\n<!-- \/themify_builder_content -->","protected":false},"excerpt":{"rendered":"<h3><strong>Cukork\u00e1k m\u00e9rete:\u00a0<\/strong><\/h3>\n<h3>Feny\u0151k &#8211; sz: 10 mm x m: 12 mm<\/h3>\n<h3>Kar\u00e1csonyi zoknik &#8211; sz: 10 mm x m: 10 mm<\/h3>\n","protected":false},"featured_media":25003,"comment_status":"closed","ping_status":"closed","template":"","meta":[],"builder_content":"","_links":{"self":[{"href":"https:\/\/jhcakes.com\/shop\/wp-json\/wp\/v2\/product\/25002"}],"collection":[{"href":"https:\/\/jhcakes.com\/shop\/wp-json\/wp\/v2\/product"}],"about":[{"href":"https:\/\/jhcakes.com\/shop\/wp-json\/wp\/v2\/types\/product"}],"replies":[{"embeddable":true,"href":"https:\/\/jhcakes.com\/shop\/wp-json\/wp\/v2\/comments?post=25002"}],"wp:featuredmedia":[{"embeddable":true,"href":"https:\/\/jhcakes.com\/shop\/wp-json\/wp\/v2\/media\/25003"}],"wp:attachment":[{"href":"https:\/\/jhcakes.com\/shop\/wp-json\/wp\/v2\/media?parent=25002"}],"curies":[{"name":"wp","href":"https:\/\/api.w.org\/{rel}","templated":true}]}}