{"id":24993,"date":"2023-10-30T19:12:54","date_gmt":"2023-10-30T18:12:54","guid":{"rendered":"https:\/\/jhcakes.com\/shop\/?post_type=product&#038;p=24993"},"modified":"2026-01-10T20:03:42","modified_gmt":"2026-01-10T19:03:42","slug":"hofeher-matt-hopehely-konfetti","status":"publish","type":"product","link":"https:\/\/jhcakes.com\/shop\/termek\/hofeher-matt-hopehely-konfetti\/","title":{"rendered":"H\u00f3feh\u00e9r matt h\u00f3pehely konfetti"},"content":{"rendered":"<h3><strong><span style=\"color: #ec008c;\">H\u00f3feh\u00e9r matt h\u00f3pehely konfetti\u00a0<\/span><\/strong>a t\u00e9li \u00fcnnepekre, kupactort\u00e1k, m\u00e9zesek, linzerek d\u00edsz\u00edt\u00e9s\u00e9re.<\/h3>\n<h3><strong>\u00d6sszetev\u0151k:<\/strong><\/h3>\n<ul>\n<li>\n<h3>cukor, rizsliszt, repceolaj \u00e9s zs\u00edr, hidrog\u00e9niz\u00e1lt repceolaj s\u0171r\u00edt\u0151anyag: E413, \u00edzes\u00edt\u0151<\/h3>\n<\/li>\n<\/ul>\n<h3><strong>T\u00e1rol\u00e1si javaslat:<\/strong><\/h3>\n<ul>\n<li>\n<h3>alacsony p\u00e1ratartalommal rendelkez\u0151, sz\u00e1raz, h\u0171v\u00f6s helyen t\u00e1roland\u00f3<\/h3>\n<\/li>\n<\/ul>\n<h3><strong>Lej\u00e1rati id\u0151:<\/strong><\/h3>\n<ul>\n<li>\n<h3>2026. december 30.<\/h3>\n<\/li>\n<\/ul>\n<h3><strong>Nett\u00f3 s\u00faly:<\/strong><\/h3>\n<ul>\n<li>\n<h3>25 gramm<\/h3>\n<\/li>\n<\/ul>\n<div id=\"themify_builder_content-24993\" data-postid=\"24993\" class=\"themify_builder_content themify_builder_content-24993 themify_builder\">\n    <\/div>\n<!-- \/themify_builder_content -->","protected":false},"excerpt":{"rendered":"<h3><strong>H\u00f3pelyhek m\u00e9rete:<\/strong><\/h3>\n<ul>\n<li>\n<h3>kb 9 mm<\/h3>\n<\/li>\n<\/ul>\n","protected":false},"featured_media":24994,"comment_status":"closed","ping_status":"closed","template":"","meta":[],"builder_content":"","_links":{"self":[{"href":"https:\/\/jhcakes.com\/shop\/wp-json\/wp\/v2\/product\/24993"}],"collection":[{"href":"https:\/\/jhcakes.com\/shop\/wp-json\/wp\/v2\/product"}],"about":[{"href":"https:\/\/jhcakes.com\/shop\/wp-json\/wp\/v2\/types\/product"}],"replies":[{"embeddable":true,"href":"https:\/\/jhcakes.com\/shop\/wp-json\/wp\/v2\/comments?post=24993"}],"wp:featuredmedia":[{"embeddable":true,"href":"https:\/\/jhcakes.com\/shop\/wp-json\/wp\/v2\/media\/24994"}],"wp:attachment":[{"href":"https:\/\/jhcakes.com\/shop\/wp-json\/wp\/v2\/media?parent=24993"}],"curies":[{"name":"wp","href":"https:\/\/api.w.org\/{rel}","templated":true}]}}