{"id":24821,"date":"2023-06-25T16:35:33","date_gmt":"2023-06-25T14:35:33","guid":{"rendered":"https:\/\/jhcakes.com\/shop\/?post_type=product&#038;p=24821"},"modified":"2025-05-17T23:40:40","modified_gmt":"2025-05-17T21:40:40","slug":"muanyag-wilton-viragtuszett","status":"publish","type":"product","link":"https:\/\/jhcakes.com\/shop\/termek\/muanyag-wilton-viragtuszett\/","title":{"rendered":"M\u0171anyag Wilton vir\u00e1gt\u0171szett"},"content":{"rendered":"<h3>Kiv\u00e1l\u00f3 min\u0151s\u00e9g\u0171, <span style=\"color: #ec008c;\"><strong>m\u0171anyag vir\u00e1gt\u0171szett\u00a0<\/strong><\/span>glaz\u00far \u00e9s vajkr\u00e9m vir\u00e1gok k\u00e9sz\u00edt\u00e9s\u00e9hez, a Wilton c\u00e9gt\u0151l.\u00a0<span class=\"Y2IQFc\" lang=\"hu\">A szett nagy m\u00e9retv\u00e1laszt\u00e9kkal rendelkezik, \u00edgy gyakorlatilag b\u00e1rmilyen m\u00e9ret\u0171 vir\u00e1g k\u00e9sz\u00edt\u00e9s\u00e9hez alkalmas! <\/span><\/h3>\n<h3><span class=\"Y2IQFc\" lang=\"hu\">B\u00f3nuszk\u00e9nt a szettben tal\u00e1lunk egy s\u00fcllyesztett platformmal rendelkez\u0151 vir\u00e1gt\u0171t is, amely a szabv\u00e1nyos muffinok t\u00f6k\u00e9letesen csavart tetej\u0171 befejez\u00e9s\u00e9hez ny\u00fajt nagy seg\u00edts\u00e9get. <\/span><\/h3>\n<p>&nbsp;<\/p>\n<h3 style=\"text-align: justify;\"><strong>Vir\u00e1gt\u0171szett tartalma:<\/strong><\/h3>\n<ul>\n<li>\n<h3>3 db lapos vir\u00e1gt\u0171 &#8211; \u00e1tm\u00e9r\u0151k: \u00a0 \u00a0 \u00a0 \u00a0 \u00a0 \u00a0 \u00a0 \u00a0 \u00a0 \u00a0 \u00a0 \u00a0 \u00a0 \u00a0 \u00a0 \u00a0 \u00a0 \u00a0 \u00a0 37, 50, 62 mm<\/h3>\n<\/li>\n<li>\n<h3>1 db s\u00fcllyesztett alap\u00fa vir\u00e1gt\u0171 &#8211; bels\u0151 \u00e1tm\u00e9r\u0151: \u00a0 \u00a0 \u00a0 \u00a055 mm<\/h3>\n<\/li>\n<li>\n<h3>4 db vir\u00e1gt\u0171sz\u00e1r &#8211; hossz: \u00a0 \u00a0 \u00a0 \u00a0 \u00a0 \u00a0 \u00a0 \u00a0 \u00a0 \u00a0 \u00a0 \u00a0 \u00a0 \u00a0 \u00a0 \u00a0 \u00a0 \u00a0 \u00a0 \u00a0 \u00a0 \u00a0 \u00a0 \u00a060 mm<\/h3>\n<\/li>\n<\/ul>\n<p>&nbsp;<\/p>\n<h3><strong>\u00d6sszeszerel\u00e9s:<\/strong><br \/>\n<span class=\"Y2IQFc\" lang=\"hu\">A sz\u00e1rak k\u00f6nnyen beilleszthet\u0151k a platformok alatti sz\u00f6gekbe, \u00edgy biztons\u00e1gos munkalapot hoznak l\u00e9tre.\u00a0<\/span><\/h3>\n<p>&nbsp;<\/p>\n<h3 style=\"text-align: justify;\"><strong>Mit k\u00e9sz\u00edthet\u00fcnk a vir\u00e1gt\u0171szettel?<\/strong><\/h3>\n<ul>\n<li>\n<h3>sok m\u00e9ret\u0171 habzs\u00e1kos vir\u00e1gokat, leveleket<\/h3>\n<\/li>\n<\/ul>\n<h3><strong>Milyen alapanyagot haszn\u00e1ljunk?<\/strong><\/h3>\n<ul>\n<li>\n<h3>glaz\u00fart\/\u00edr\u00f3k\u00e1t<\/h3>\n<\/li>\n<li>\n<h3>vajkr\u00e9met<\/h3>\n<\/li>\n<\/ul>\n<h3><strong>Milyen kieg\u00e9sz\u00edt\u0151t aj\u00e1nlunk a vir\u00e1gt\u0171h\u00f6z?<\/strong><\/h3>\n<ul>\n<li>\n<h3>habzs\u00e1kot<\/h3>\n<\/li>\n<li>\n<h3><a href=\"https:\/\/jhcakes.com\/shop\/termek\/normal-meretu-csatolocso-szett\/\" target=\"_blank\" rel=\"noopener noreferrer\"><strong><span style=\"color: #1ba6b4;\">norm\u00e1l m\u00e9ret\u0171 csatol\u00f3cs\u00f6vet<\/span><\/strong><\/a><\/h3>\n<\/li>\n<li>\n<h3><a href=\"https:\/\/jhcakes.com\/shop\/termekkategoria\/habzsakos-diszites\/\" target=\"_blank\" rel=\"noopener noreferrer\"><span style=\"color: #1ba6b4;\"><strong>dekor\u00e1l\u00f3cs\u00f6veket<\/strong><\/span><\/a><\/h3>\n<\/li>\n<\/ul>\n<h3><strong>Alapanyag:<\/strong><\/h3>\n<ul>\n<li>\n<h3>m\u0171anyag<\/h3>\n<\/li>\n<\/ul>\n<h3 id=\"tab-description\"><strong>Kezel\u00e9si \u00fatmutat\u00f3:<\/strong><\/h3>\n<ul>\n<li>\n<h3>k\u00e9zzel moshat\u00f3, leveg\u0151n sz\u00e1r\u00edtand\u00f3<\/h3>\n<\/li>\n<\/ul>\n<div id=\"themify_builder_content-24821\" data-postid=\"24821\" class=\"themify_builder_content themify_builder_content-24821 themify_builder\">\n    <\/div>\n<!-- \/themify_builder_content -->","protected":false},"excerpt":{"rendered":"<h3><strong>Szett tartalma:<\/strong><\/h3>\n<ul>\n<li>\n<h3>3 db vir\u00e1gt\u0171 &#8211; \u00e1tm\u00e9r\u0151k: \u00a0 \u00a0 \u00a0 \u00a037, 50, 62 mm<\/h3>\n<\/li>\n<li>\n<h3>1 db muffin platform: \u00a0 \u00a0 \u00a0 \u00a0 \u00a0 \u00a055 mm<\/h3>\n<\/li>\n<li>\n<h3>4 db vir\u00e1gt\u0171sz\u00e1r &#8211; hossz: \u00a0 \u00a0 \u00a060 mm<\/h3>\n<\/li>\n<\/ul>\n","protected":false},"featured_media":24823,"comment_status":"closed","ping_status":"closed","template":"","meta":[],"builder_content":"","_links":{"self":[{"href":"https:\/\/jhcakes.com\/shop\/wp-json\/wp\/v2\/product\/24821"}],"collection":[{"href":"https:\/\/jhcakes.com\/shop\/wp-json\/wp\/v2\/product"}],"about":[{"href":"https:\/\/jhcakes.com\/shop\/wp-json\/wp\/v2\/types\/product"}],"replies":[{"embeddable":true,"href":"https:\/\/jhcakes.com\/shop\/wp-json\/wp\/v2\/comments?post=24821"}],"wp:featuredmedia":[{"embeddable":true,"href":"https:\/\/jhcakes.com\/shop\/wp-json\/wp\/v2\/media\/24823"}],"wp:attachment":[{"href":"https:\/\/jhcakes.com\/shop\/wp-json\/wp\/v2\/media?parent=24821"}],"curies":[{"name":"wp","href":"https:\/\/api.w.org\/{rel}","templated":true}]}}