{"id":24659,"date":"2023-03-12T16:41:12","date_gmt":"2023-03-12T15:41:12","guid":{"rendered":"https:\/\/jhcakes.com\/shop\/?post_type=product&#038;p=24659"},"modified":"2025-05-05T16:42:29","modified_gmt":"2025-05-05T14:42:29","slug":"pasztell-szinu-cukordara","status":"publish","type":"product","link":"https:\/\/jhcakes.com\/shop\/termek\/pasztell-szinu-cukordara\/","title":{"rendered":"Pasztell sz\u00edn\u0171 cukordara"},"content":{"rendered":"<h3><strong><span style=\"color: #ec008c;\">Pasztell sz\u00edn\u0171 cukordara &#8211; <\/span><\/strong>nagyon mutat\u00f3s, divatos darakever\u00e9k minden alkalomra. Kiv\u00e1l\u00f3 v\u00e1laszt\u00e1s csajos tort\u00e1k, babav\u00e1r\u00f3k, kupactort\u00e1k \u00e9s m\u00e9zesek d\u00edsz\u00edt\u00e9s\u00e9re is.<\/h3>\n<h3><\/h3>\n<h3><strong>\u00d6sszetev\u0151k:<\/strong><\/h3>\n<ul>\n<li>\n<h3>94% cukor, gl\u00fck\u00f3z szirup, kukoricakem\u00e9ny\u00edt\u0151, k\u00f3kusz- \u00e9s repceolaj, c\u00e9kla-, alma, p\u00f3rs\u00e1fr\u00e1ny-, szpirulina-, citromkoncentr\u00e1tum, napraforg\u00f3 emulge\u00e1l\u00f3szer: E322, f\u00e9nyez\u0151anyag: E 903<\/h3>\n<\/li>\n<li>\n<h3>sz\u00ednez\u00e9k: E132<\/h3>\n<\/li>\n<\/ul>\n<h3><strong>T\u00e1rol\u00e1si javaslat:<\/strong><\/h3>\n<ul>\n<li>\n<h3>alacsony p\u00e1ratartalommal rendelkez\u0151, sz\u00e1raz, h\u0171v\u00f6s helyen t\u00e1roland\u00f3<\/h3>\n<\/li>\n<\/ul>\n<h3><strong>Lej\u00e1rati id\u0151:<\/strong><\/h3>\n<ul>\n<li>\n<h3>2026. j\u00fanius 30.<\/h3>\n<\/li>\n<\/ul>\n<h3><strong>Nett\u00f3 s\u00faly:<\/strong><\/h3>\n<ul>\n<li>\n<h3>kb 33 gramm<\/h3>\n<\/li>\n<\/ul>\n<div id=\"themify_builder_content-24659\" data-postid=\"24659\" class=\"themify_builder_content themify_builder_content-24659 themify_builder\">\n    <\/div>\n<!-- \/themify_builder_content -->","protected":false},"excerpt":{"rendered":"<p>Pasztell sz\u00edn\u0171 cukordara &#8211; nagyon mutat\u00f3s, divatos darakever\u00e9k minden alkalomra. Kiv\u00e1l\u00f3 v\u00e1laszt\u00e1s csajos tort\u00e1k, babav\u00e1r\u00f3k, kupactort\u00e1k \u00e9s m\u00e9zesek d\u00edsz\u00edt\u00e9s\u00e9re is. \u00d6sszetev\u0151k: 94% cukor, gl\u00fck\u00f3z szirup, kukoricakem\u00e9ny\u00edt\u0151, k\u00f3kusz- \u00e9s repceolaj, c\u00e9kla-, alma, p\u00f3rs\u00e1fr\u00e1ny-, szpirulina-, citromkoncentr\u00e1tum, napraforg\u00f3 emulge\u00e1l\u00f3szer: E322, f\u00e9nyez\u0151anyag: E 903 sz\u00ednez\u00e9k: E132 T\u00e1rol\u00e1si javaslat: alacsony p\u00e1ratartalommal rendelkez\u0151, sz\u00e1raz, h\u0171v\u00f6s helyen t\u00e1roland\u00f3 Lej\u00e1rati id\u0151: 2026. j\u00fanius [&hellip;]<\/p>\n","protected":false},"featured_media":24660,"comment_status":"open","ping_status":"closed","template":"","meta":[],"builder_content":"","_links":{"self":[{"href":"https:\/\/jhcakes.com\/shop\/wp-json\/wp\/v2\/product\/24659"}],"collection":[{"href":"https:\/\/jhcakes.com\/shop\/wp-json\/wp\/v2\/product"}],"about":[{"href":"https:\/\/jhcakes.com\/shop\/wp-json\/wp\/v2\/types\/product"}],"replies":[{"embeddable":true,"href":"https:\/\/jhcakes.com\/shop\/wp-json\/wp\/v2\/comments?post=24659"}],"wp:featuredmedia":[{"embeddable":true,"href":"https:\/\/jhcakes.com\/shop\/wp-json\/wp\/v2\/media\/24660"}],"wp:attachment":[{"href":"https:\/\/jhcakes.com\/shop\/wp-json\/wp\/v2\/media?parent=24659"}],"curies":[{"name":"wp","href":"https:\/\/api.w.org\/{rel}","templated":true}]}}