{"id":24543,"date":"2023-01-02T10:57:15","date_gmt":"2023-01-02T09:57:15","guid":{"rendered":"https:\/\/jhcakes.com\/shop\/?post_type=product&#038;p=24543"},"modified":"2023-02-27T11:48:07","modified_gmt":"2023-02-27T10:48:07","slug":"csinos-tabla-kiszuro","status":"publish","type":"product","link":"https:\/\/jhcakes.com\/shop\/termek\/csinos-tabla-kiszuro\/","title":{"rendered":"Csinos t\u00e1bla kisz\u00far\u00f3"},"content":{"rendered":"<div id=\"themify_builder_content-24543\" data-postid=\"24543\" class=\"themify_builder_content themify_builder_content-24543 themify_builder\">\n    <\/div>\n<!-- \/themify_builder_content -->","protected":false},"excerpt":{"rendered":"","protected":false},"featured_media":0,"comment_status":"closed","ping_status":"closed","template":"","meta":[],"builder_content":"","_links":{"self":[{"href":"https:\/\/jhcakes.com\/shop\/wp-json\/wp\/v2\/product\/24543"}],"collection":[{"href":"https:\/\/jhcakes.com\/shop\/wp-json\/wp\/v2\/product"}],"about":[{"href":"https:\/\/jhcakes.com\/shop\/wp-json\/wp\/v2\/types\/product"}],"replies":[{"embeddable":true,"href":"https:\/\/jhcakes.com\/shop\/wp-json\/wp\/v2\/comments?post=24543"}],"wp:attachment":[{"href":"https:\/\/jhcakes.com\/shop\/wp-json\/wp\/v2\/media?parent=24543"}],"curies":[{"name":"wp","href":"https:\/\/api.w.org\/{rel}","templated":true}]}}