{"id":24131,"date":"2022-07-07T12:08:00","date_gmt":"2022-07-07T10:08:00","guid":{"rendered":"https:\/\/jhcakes.com\/shop\/?post_type=product&#038;p=24131"},"modified":"2022-09-01T21:38:21","modified_gmt":"2022-09-01T19:38:21","slug":"rugos-kisbetu-kiszuroszett-26-db","status":"publish","type":"product","link":"https:\/\/jhcakes.com\/shop\/termek\/rugos-kisbetu-kiszuroszett-26-db\/","title":{"rendered":"Rug\u00f3s kisbet\u0171 kisz\u00far\u00f3szett 26 db"},"content":{"rendered":"<h3 style=\"text-align: justify;\">Nagyon mutat\u00f3s, j\u00f3 m\u00e9ret\u0171, <span style=\"color: #ec008c;\"><strong><span style=\"color: #ec009c;\">26 d<\/span>arabos rug\u00f3s kisbet\u0171 kisz\u00far\u00f3szett<\/strong><\/span> tortadekor\u00e1l\u00f3knak, m\u00e9zesk\u00e9sz\u00edt\u0151knek. A kisz\u00far\u00f3k nem csak kisz\u00farj\u00e1k, de kisz\u00far\u00e1skor kont\u00farozz\u00e1k is a bet\u0171ket. A k\u00e9nyelmes t\u00e1rol\u00e1s c\u00e9lj\u00e1b\u00f3l, a szetthez nagyon stabil m\u0171anyag tart\u00f3doboz is tartozik.<\/h3>\n<p>&nbsp;<\/p>\n<h3><strong>Mihez aj\u00e1nljuk a kisz\u00far\u00f3szettet?<\/strong><\/h3>\n<ul>\n<li>\n<h3>m\u00e9zes \u00e9s egy\u00e9b t\u00e9sztaf\u00e9l\u00e9khez<\/h3>\n<\/li>\n<li>\n<h3>fondant, cukormassza \u00e9s marcip\u00e1n sz\u00e1mok kisz\u00far\u00e1s\u00e1hoz<\/h3>\n<\/li>\n<\/ul>\n<h3><strong>Alapanyag:<\/strong><\/h3>\n<ul>\n<li>\n<h3>m\u0171anyag &#8211; rug\u00f3s konstrukci\u00f3<\/h3>\n<\/li>\n<\/ul>\n<h3 id=\"tab-description\"><strong>Kezel\u00e9si \u00fatmutat\u00f3:<\/strong><\/h3>\n<ul>\n<li>\n<h3>k\u00e9zzel moshat\u00f3, leveg\u0151n sz\u00e1r\u00edtand\u00f3<\/h3>\n<\/li>\n<\/ul>\n<h3><strong>M\u00e1rka:<\/strong><\/h3>\n<ul>\n<li>\n<h3>Cake Star<\/h3>\n<\/li>\n<\/ul>\n<div id=\"themify_builder_content-24131\" data-postid=\"24131\" class=\"themify_builder_content themify_builder_content-24131 themify_builder\">\n    <\/div>\n<!-- \/themify_builder_content -->","protected":false},"excerpt":{"rendered":"<h3><strong>N\u00e9h\u00e1ny bet\u0171 m\u00e9rete:<\/strong><\/h3>\n<ul>\n<li>\n<h3>a: \u00a0 \u00a0 \u00a0 \u00a0sz: 25 mm x m: 25 mm<\/h3>\n<\/li>\n<li>\n<h3>f: \u00a0 \u00a0 \u00a0 \u00a0 sz: 20 mm x m: 34 mm<\/h3>\n<\/li>\n<li>\n<h3>m: \u00a0 \u00a0 \u00a0sz: 43 mm x m: 25 mm<\/h3>\n<\/li>\n<\/ul>\n","protected":false},"featured_media":24132,"comment_status":"closed","ping_status":"closed","template":"","meta":[],"builder_content":"","_links":{"self":[{"href":"https:\/\/jhcakes.com\/shop\/wp-json\/wp\/v2\/product\/24131"}],"collection":[{"href":"https:\/\/jhcakes.com\/shop\/wp-json\/wp\/v2\/product"}],"about":[{"href":"https:\/\/jhcakes.com\/shop\/wp-json\/wp\/v2\/types\/product"}],"replies":[{"embeddable":true,"href":"https:\/\/jhcakes.com\/shop\/wp-json\/wp\/v2\/comments?post=24131"}],"wp:featuredmedia":[{"embeddable":true,"href":"https:\/\/jhcakes.com\/shop\/wp-json\/wp\/v2\/media\/24132"}],"wp:attachment":[{"href":"https:\/\/jhcakes.com\/shop\/wp-json\/wp\/v2\/media?parent=24131"}],"curies":[{"name":"wp","href":"https:\/\/api.w.org\/{rel}","templated":true}]}}