{"id":24116,"date":"2022-07-07T11:49:30","date_gmt":"2022-07-07T09:49:30","guid":{"rendered":"https:\/\/jhcakes.com\/shop\/?post_type=product&#038;p=24116"},"modified":"2022-11-30T20:46:29","modified_gmt":"2022-11-30T19:46:29","slug":"rugos-szam-kiszuroszett-10-db","status":"publish","type":"product","link":"https:\/\/jhcakes.com\/shop\/termek\/rugos-szam-kiszuroszett-10-db\/","title":{"rendered":"Rug\u00f3s sz\u00e1m kisz\u00far\u00f3szett 10 db"},"content":{"rendered":"<h3 style=\"text-align: justify;\">Nagyon mutat\u00f3s, j\u00f3 m\u00e9ret\u0171, <span style=\"color: #ec008c;\"><strong><span style=\"color: #ec009c;\">10 d<\/span>arabos rug\u00f3s sz\u00e1m kisz\u00far\u00f3szett<\/strong><\/span> tortadekor\u00e1l\u00f3knak, m\u00e9zesk\u00e9sz\u00edt\u0151knek. A szettben 0-9-ig tal\u00e1lhat\u00f3k a sz\u00e1mok. A kisz\u00far\u00f3k nem csak kisz\u00farj\u00e1k, de kisz\u00far\u00e1skor kont\u00farozz\u00e1k is a sz\u00e1mokat. A k\u00e9nyelmes t\u00e1rol\u00e1s c\u00e9lj\u00e1b\u00f3l, a szetthez nagyon stabil m\u0171anyag tart\u00f3doboz is tartozik.<\/h3>\n<p>&nbsp;<\/p>\n<h3><strong>Mihez aj\u00e1nljuk a kisz\u00far\u00f3szettet?<\/strong><\/h3>\n<ul>\n<li>\n<h3>m\u00e9zes \u00e9s egy\u00e9b t\u00e9sztaf\u00e9l\u00e9khez<\/h3>\n<\/li>\n<li>\n<h3>fondant, cukormassza \u00e9s marcip\u00e1n sz\u00e1mok kisz\u00far\u00e1s\u00e1hoz<\/h3>\n<\/li>\n<\/ul>\n<h3><strong>Alapanyag:<\/strong><\/h3>\n<ul>\n<li>\n<h3>m\u0171anyag &#8211; rug\u00f3s konstrukci\u00f3<\/h3>\n<\/li>\n<\/ul>\n<h3 id=\"tab-description\"><strong>Kezel\u00e9si \u00fatmutat\u00f3:<\/strong><\/h3>\n<ul>\n<li>\n<h3>k\u00e9zzel moshat\u00f3, leveg\u0151n sz\u00e1r\u00edtand\u00f3<\/h3>\n<\/li>\n<\/ul>\n<h3><strong>M\u00e1rka:<\/strong><\/h3>\n<ul>\n<li>\n<h3>Cake Star<\/h3>\n<\/li>\n<\/ul>\n<div id=\"themify_builder_content-24116\" data-postid=\"24116\" class=\"themify_builder_content themify_builder_content-24116 themify_builder\">\n    <\/div>\n<!-- \/themify_builder_content -->","protected":false},"excerpt":{"rendered":"<h3><strong>Sz\u00e1mok magass\u00e1ga:<\/strong><\/h3>\n<ul>\n<li>\n<h3>kb. 35 mm<\/h3>\n<\/li>\n<\/ul>\n","protected":false},"featured_media":24121,"comment_status":"closed","ping_status":"closed","template":"","meta":[],"builder_content":"","_links":{"self":[{"href":"https:\/\/jhcakes.com\/shop\/wp-json\/wp\/v2\/product\/24116"}],"collection":[{"href":"https:\/\/jhcakes.com\/shop\/wp-json\/wp\/v2\/product"}],"about":[{"href":"https:\/\/jhcakes.com\/shop\/wp-json\/wp\/v2\/types\/product"}],"replies":[{"embeddable":true,"href":"https:\/\/jhcakes.com\/shop\/wp-json\/wp\/v2\/comments?post=24116"}],"wp:featuredmedia":[{"embeddable":true,"href":"https:\/\/jhcakes.com\/shop\/wp-json\/wp\/v2\/media\/24121"}],"wp:attachment":[{"href":"https:\/\/jhcakes.com\/shop\/wp-json\/wp\/v2\/media?parent=24116"}],"curies":[{"name":"wp","href":"https:\/\/api.w.org\/{rel}","templated":true}]}}