{"id":24085,"date":"2022-07-05T20:59:27","date_gmt":"2022-07-05T18:59:27","guid":{"rendered":"https:\/\/jhcakes.com\/shop\/?post_type=product&#038;p=24085"},"modified":"2022-09-18T17:03:22","modified_gmt":"2022-09-18T15:03:22","slug":"jatekos-kisbetu-kiszuroszett","status":"publish","type":"product","link":"https:\/\/jhcakes.com\/shop\/termek\/jatekos-kisbetu-kiszuroszett\/","title":{"rendered":"J\u00e1t\u00e9kos kisbet\u0171 kisz\u00far\u00f3szett"},"content":{"rendered":"<h3>Nagyon aranyos form\u00e1j\u00fa <span style=\"color: #ec008c;\"><strong>j\u00e1t\u00e9kos kisbet\u0171 kisz\u00far\u00f3szett<\/strong><\/span>\u00a0az FMM-t\u0151l. A kisz\u00fart bet\u0171ket felhaszn\u00e1lhatjuk tort\u00e1k, m\u00e9zesek, muffinok \u00e9s egy\u00e9b desszertek d\u00edsz\u00edt\u00e9s\u00e9re is.<\/h3>\n<p>&nbsp;<\/p>\n<h3><strong>Mihez aj\u00e1nljuk a kisz\u00far\u00f3szettet?<\/strong><\/h3>\n<ul>\n<li>\n<h3>fondant, cukormassza \u00e9s marcip\u00e1n bet\u0171k kisz\u00far\u00e1s\u00e1hoz<\/h3>\n<\/li>\n<\/ul>\n<h3><strong>Alapanyag:<\/strong><\/h3>\n<ul>\n<li>\n<h3>m\u0171anyag<\/h3>\n<\/li>\n<\/ul>\n<h3 id=\"tab-description\"><strong>Kezel\u00e9si \u00fatmutat\u00f3:<\/strong><\/h3>\n<ul>\n<li>\n<h3>k\u00e9zzel moshat\u00f3, leveg\u0151n sz\u00e1r\u00edtand\u00f3<\/h3>\n<\/li>\n<\/ul>\n<h3><strong>Gy\u00e1rt\u00f3:<\/strong><\/h3>\n<ul>\n<li>\n<h3>FMM \u2013 Anglia<\/h3>\n<\/li>\n<\/ul>\n<div style=\"width: 1165px; \" class=\"wp-video\"><!--[if lt IE 9]><script>document.createElement('video');<\/script><![endif]-->\n<video class=\"wp-video-shortcode\" id=\"video-24085-1\" width=\"1165\" height=\"655\" preload=\"metadata\" controls=\"controls\"><source type=\"video\/mp4\" src=\"https:\/\/jhcakes.com\/shop\/wp-content\/uploads\/2014\/05\/How-to-use-FMM-Tappits-Step-by-Step-Tutorial-Ceri-Badham.mp4?_=1\" \/><a href=\"https:\/\/jhcakes.com\/shop\/wp-content\/uploads\/2014\/05\/How-to-use-FMM-Tappits-Step-by-Step-Tutorial-Ceri-Badham.mp4\">https:\/\/jhcakes.com\/shop\/wp-content\/uploads\/2014\/05\/How-to-use-FMM-Tappits-Step-by-Step-Tutorial-Ceri-Badham.mp4<\/a><\/video><\/div>\n<div id=\"themify_builder_content-24085\" data-postid=\"24085\" class=\"themify_builder_content themify_builder_content-24085 themify_builder\">\n    <\/div>\n<!-- \/themify_builder_content -->","protected":false},"excerpt":{"rendered":"<h3><strong>N\u00e9h\u00e1ny bet\u0171 m\u00e9rete:<\/strong><\/h3>\n<ul>\n<li>a: \u00a0 \u00a0 \u00a0 \u00a0sz: 15 mm x m: 25 mm<\/li>\n<li>f: \u00a0 \u00a0 \u00a0 \u00a0 sz: 20 mm x m: 35 mm<\/li>\n<li>m: \u00a0 \u00a0 \u00a0 sz: 33 mm x m: 24 mm<\/li>\n<\/ul>\n","protected":false},"featured_media":24086,"comment_status":"closed","ping_status":"closed","template":"","meta":[],"builder_content":"","_links":{"self":[{"href":"https:\/\/jhcakes.com\/shop\/wp-json\/wp\/v2\/product\/24085"}],"collection":[{"href":"https:\/\/jhcakes.com\/shop\/wp-json\/wp\/v2\/product"}],"about":[{"href":"https:\/\/jhcakes.com\/shop\/wp-json\/wp\/v2\/types\/product"}],"replies":[{"embeddable":true,"href":"https:\/\/jhcakes.com\/shop\/wp-json\/wp\/v2\/comments?post=24085"}],"wp:featuredmedia":[{"embeddable":true,"href":"https:\/\/jhcakes.com\/shop\/wp-json\/wp\/v2\/media\/24086"}],"wp:attachment":[{"href":"https:\/\/jhcakes.com\/shop\/wp-json\/wp\/v2\/media?parent=24085"}],"curies":[{"name":"wp","href":"https:\/\/api.w.org\/{rel}","templated":true}]}}