{"id":24029,"date":"2022-06-30T21:55:13","date_gmt":"2022-06-30T19:55:13","guid":{"rendered":"https:\/\/jhcakes.com\/shop\/?post_type=product&#038;p=24029"},"modified":"2024-05-22T11:56:23","modified_gmt":"2024-05-22T09:56:23","slug":"65-mm-rozsaszirom-kiszuro-fmm","status":"publish","type":"product","link":"https:\/\/jhcakes.com\/shop\/termek\/65-mm-rozsaszirom-kiszuro-fmm\/","title":{"rendered":"65 mm r\u00f3zsaszirom kisz\u00far\u00f3 FMM"},"content":{"rendered":"<h3>Nagyon j\u00f3 min\u0151s\u00e9g\u0171 <strong><span style=\"color: #ec008c;\">r\u00f3zsaszirom kisz\u00far\u00f3\u00a0<\/span><\/strong>az FMM m\u00e1rk\u00e1t\u00f3l. Mint minden FMM kisz\u00far\u00f3t, ezt a r\u00f3zsaszirom kisz\u00far\u00f3t is az \u00e9les v\u00e1g\u00f3\u00e9l, stabil szerkezet \u00e9s nagyon csinos forma jellemzi. Kiv\u00e1l\u00f3an alkamas m\u00e9zesek k\u00e9sz\u00edt\u00e9s\u00e9re is.<\/h3>\n<p>&nbsp;<\/p>\n<h3><strong>Mihez aj\u00e1nljuk a kisz\u00far\u00f3t?<\/strong><\/h3>\n<ul>\n<li>\n<h3>cukorvir\u00e1gok<\/h3>\n<\/li>\n<li>\n<h3>tortadekor\u00e1ci\u00f3k<\/h3>\n<\/li>\n<li>\n<h3>m\u00e9zesek k\u00e9sz\u00edt\u00e9s\u00e9hez<\/h3>\n<\/li>\n<\/ul>\n<h3><strong>Alapanyag:<\/strong><\/h3>\n<ul>\n<li>\n<h3>stabil m\u0171anyag, nagyon j\u00f3 v\u00e1g\u00f3\u00e9llel ell\u00e1tva<\/h3>\n<\/li>\n<\/ul>\n<h3 id=\"tab-description\"><strong>Kezel\u00e9si \u00fatmutat\u00f3:<\/strong><\/h3>\n<ul>\n<li>\n<h3>k\u00e9zzel moshat\u00f3, leveg\u0151n sz\u00e1r\u00edtand\u00f3<\/h3>\n<\/li>\n<\/ul>\n<h3><strong>Gy\u00e1rt\u00f3:<\/strong><\/h3>\n<ul>\n<li>\n<h3>FMM &#8211; Anglia<\/h3>\n<\/li>\n<\/ul>\n<p>&nbsp;<\/p>\n<div style=\"width: 960px; \" class=\"wp-video\"><!--[if lt IE 9]><script>document.createElement('video');<\/script><![endif]-->\n<video class=\"wp-video-shortcode\" id=\"video-24029-1\" width=\"960\" height=\"540\" preload=\"metadata\" controls=\"controls\"><source type=\"video\/mp4\" src=\"https:\/\/jhcakes.com\/shop\/wp-content\/uploads\/2022\/06\/FMM-5-Petal-Rose-Cutter-40mm-low-res.mp4?_=1\" \/><a href=\"https:\/\/jhcakes.com\/shop\/wp-content\/uploads\/2022\/06\/FMM-5-Petal-Rose-Cutter-40mm-low-res.mp4\">https:\/\/jhcakes.com\/shop\/wp-content\/uploads\/2022\/06\/FMM-5-Petal-Rose-Cutter-40mm-low-res.mp4<\/a><\/video><\/div>\n<div id=\"themify_builder_content-24029\" data-postid=\"24029\" class=\"themify_builder_content themify_builder_content-24029 themify_builder\">\n    <\/div>\n<!-- \/themify_builder_content -->","protected":false},"excerpt":{"rendered":"<h3><strong>Kisz\u00far\u00f3 \u00e1tm\u00e9r\u0151je:<\/strong><\/h3>\n<ul>\n<li>\n<h3>65 mm<\/h3>\n<\/li>\n<\/ul>\n","protected":false},"featured_media":24030,"comment_status":"closed","ping_status":"closed","template":"","meta":[],"builder_content":"","_links":{"self":[{"href":"https:\/\/jhcakes.com\/shop\/wp-json\/wp\/v2\/product\/24029"}],"collection":[{"href":"https:\/\/jhcakes.com\/shop\/wp-json\/wp\/v2\/product"}],"about":[{"href":"https:\/\/jhcakes.com\/shop\/wp-json\/wp\/v2\/types\/product"}],"replies":[{"embeddable":true,"href":"https:\/\/jhcakes.com\/shop\/wp-json\/wp\/v2\/comments?post=24029"}],"wp:featuredmedia":[{"embeddable":true,"href":"https:\/\/jhcakes.com\/shop\/wp-json\/wp\/v2\/media\/24030"}],"wp:attachment":[{"href":"https:\/\/jhcakes.com\/shop\/wp-json\/wp\/v2\/media?parent=24029"}],"curies":[{"name":"wp","href":"https:\/\/api.w.org\/{rel}","templated":true}]}}