{"id":23993,"date":"2022-06-29T19:05:59","date_gmt":"2022-06-29T17:05:59","guid":{"rendered":"https:\/\/jhcakes.com\/shop\/?post_type=product&#038;p=23993"},"modified":"2023-04-04T11:04:12","modified_gmt":"2023-04-04T09:04:12","slug":"hullamos-kiszuroszett-4-db","status":"publish","type":"product","link":"https:\/\/jhcakes.com\/shop\/termek\/hullamos-kiszuroszett-4-db\/","title":{"rendered":"Hull\u00e1mos kisz\u00far\u00f3szett 4 db"},"content":{"rendered":"<h3 style=\"text-align: justify;\"><strong><span style=\"color: #ec008c;\">4 darabos hull\u00e1mos kisz\u00far\u00f3szett<\/span>\u00a0<\/strong>szuper \u00e1ron. A kisz\u00far\u00f3szett kifejezetten j\u00f3 min\u0151s\u00e9g\u0171, haszn\u00e1latkor EGY\u00c1LTAL\u00c1N nem hajlik.<\/h3>\n<p><span style=\"color: #878787;\">\u00a0<\/span><\/p>\n<h3><span style=\"color: #7a7a7a;\"><strong>Mihez aj\u00e1nljuk a kisz\u00far\u00f3t?<\/strong><\/span><\/h3>\n<ul>\n<li>\n<h3><span style=\"color: #878787;\">m\u00e9zes \u00e9s egy\u00e9b t\u00e9sztaf\u00e9l\u00e9khez<\/span><\/h3>\n<\/li>\n<li>\n<h3><span style=\"color: #878787;\">fondant, cukormassza \u00e9s marcip\u00e1n form\u00e1k kisz\u00far\u00e1s\u00e1hoz<\/span><\/h3>\n<\/li>\n<\/ul>\n<h3><strong>Alapanyag:<\/strong><\/h3>\n<ul>\n<li>\n<h3><span style=\"color: #878787;\">rozsdamentes ac\u00e9l &#8211; szuper min\u0151s\u00e9g<\/span><\/h3>\n<\/li>\n<\/ul>\n<h3><strong>Kezel\u00e9si \u00fatmutat\u00f3:<\/strong><\/h3>\n<ul>\n<li>\n<h3>k\u00e9zzel moshat\u00f3, leveg\u0151n sz\u00e1r\u00edtand\u00f3<\/h3>\n<\/li>\n<\/ul>\n<div id=\"themify_builder_content-23993\" data-postid=\"23993\" class=\"themify_builder_content themify_builder_content-23993 themify_builder\">\n    <\/div>\n<!-- \/themify_builder_content -->","protected":false},"excerpt":{"rendered":"<h3><strong>Kisz\u00far\u00f3k m\u00e9rete:<\/strong><\/h3>\n<ul>\n<li>\n<h3>sz\u00edv: \u00a0 \u00a0 \u00a0 \u00a0 \u00a0 \u00a0 \u00a0sz: 67 mm x m: 71 mm<\/h3>\n<\/li>\n<li>\n<h3>k\u00f6r: \u00a0 \u00a0 \u00a0 \u00a0 \u00a0 \u00a0 \u00a0 \u00e1: 67<\/h3>\n<\/li>\n<li>\n<h3>ov\u00e1lis: \u00a0 \u00a0 \u00a0 \u00a0 \u00a0 sz: 51 mm x m: 74 mm<\/h3>\n<\/li>\n<li>\n<h3>n\u00e9gyzet: \u00a0 \u00a0 \u00a0oldalhossz: 71 mm<\/h3>\n<\/li>\n<\/ul>\n","protected":false},"featured_media":23996,"comment_status":"open","ping_status":"closed","template":"","meta":[],"builder_content":"","_links":{"self":[{"href":"https:\/\/jhcakes.com\/shop\/wp-json\/wp\/v2\/product\/23993"}],"collection":[{"href":"https:\/\/jhcakes.com\/shop\/wp-json\/wp\/v2\/product"}],"about":[{"href":"https:\/\/jhcakes.com\/shop\/wp-json\/wp\/v2\/types\/product"}],"replies":[{"embeddable":true,"href":"https:\/\/jhcakes.com\/shop\/wp-json\/wp\/v2\/comments?post=23993"}],"wp:featuredmedia":[{"embeddable":true,"href":"https:\/\/jhcakes.com\/shop\/wp-json\/wp\/v2\/media\/23996"}],"wp:attachment":[{"href":"https:\/\/jhcakes.com\/shop\/wp-json\/wp\/v2\/media?parent=23993"}],"curies":[{"name":"wp","href":"https:\/\/api.w.org\/{rel}","templated":true}]}}