{"id":23972,"date":"2022-06-26T11:50:41","date_gmt":"2022-06-26T09:50:41","guid":{"rendered":"https:\/\/jhcakes.com\/shop\/?post_type=product&#038;p=23972"},"modified":"2024-12-25T14:34:55","modified_gmt":"2024-12-25T13:34:55","slug":"4-darabos-rudacska-kiszuroszett","status":"publish","type":"product","link":"https:\/\/jhcakes.com\/shop\/termek\/4-darabos-rudacska-kiszuroszett\/","title":{"rendered":"4 darabos rudacska kisz\u00far\u00f3szett"},"content":{"rendered":"<h3 style=\"text-align: justify;\"><strong><span style=\"color: #ec008c;\">4 darabos rudacska kisz\u00far\u00f3szett<\/span><\/strong>\u00a0minden alkalomra. Szuper min\u0151s\u00e9g, remek m\u00e9retek, nagyon cuki m\u00e9zes szettek k\u00e9sz\u00edt\u00e9s\u00e9hez.<\/h3>\n<p>&nbsp;<\/p>\n<h3><span style=\"color: #1ba6b4;\"><strong>FONTOS:\u00a0<\/strong><\/span><br \/>\nA 4 darab rudacska gy\u00e1rilag \u00f6ssze van ragasztva, teh\u00e1t a szettet csak egyszerre, egyben lehet haszn\u00e1lni.<\/h3>\n<p>&nbsp;<\/p>\n<h3><strong>Mihez aj\u00e1nljuk a kisz\u00far\u00f3szettet?<\/strong><\/h3>\n<ul>\n<li>\n<h3>m\u00e9zes \u00e9s egy\u00e9b t\u00e9sztaf\u00e9l\u00e9khez<\/h3>\n<\/li>\n<li>\n<h3>fondant, cukormassza \u00e9s marcip\u00e1n form\u00e1k kisz\u00far\u00e1s\u00e1hoz<\/h3>\n<\/li>\n<\/ul>\n<h3><strong>Alapanyag:<\/strong><\/h3>\n<ul>\n<li>\n<h3>rozsdamentes ac\u00e9l, mely haszn\u00e1latkor formatart\u00f3 marad<\/h3>\n<\/li>\n<\/ul>\n<h3 id=\"tab-description\"><strong>Kezel\u00e9si \u00fatmutat\u00f3:<\/strong><\/h3>\n<ul>\n<li>\n<h3>k\u00e9zzel moshat\u00f3, leveg\u0151n sz\u00e1r\u00edtand\u00f3<\/h3>\n<\/li>\n<\/ul>\n<div id=\"themify_builder_content-23972\" data-postid=\"23972\" class=\"themify_builder_content themify_builder_content-23972 themify_builder\">\n    <\/div>\n<!-- \/themify_builder_content -->","protected":false},"excerpt":{"rendered":"<h3><strong>1 db kisz\u00far\u00f3 m\u00e9rete:<\/strong><\/h3>\n<ul>\n<li>\n<h3>sz: 27 mm x m: 114 mm<\/h3>\n<\/li>\n<\/ul>\n<h3><strong>Teljes szett m\u00e9rete egy\u00fctt:<\/strong><\/h3>\n<ul>\n<li>\n<h3>sz: 113 mm x m: 113 mm<\/h3>\n<\/li>\n<\/ul>\n<p>&nbsp;<\/p>\n","protected":false},"featured_media":23973,"comment_status":"closed","ping_status":"closed","template":"","meta":[],"builder_content":"","_links":{"self":[{"href":"https:\/\/jhcakes.com\/shop\/wp-json\/wp\/v2\/product\/23972"}],"collection":[{"href":"https:\/\/jhcakes.com\/shop\/wp-json\/wp\/v2\/product"}],"about":[{"href":"https:\/\/jhcakes.com\/shop\/wp-json\/wp\/v2\/types\/product"}],"replies":[{"embeddable":true,"href":"https:\/\/jhcakes.com\/shop\/wp-json\/wp\/v2\/comments?post=23972"}],"wp:featuredmedia":[{"embeddable":true,"href":"https:\/\/jhcakes.com\/shop\/wp-json\/wp\/v2\/media\/23973"}],"wp:attachment":[{"href":"https:\/\/jhcakes.com\/shop\/wp-json\/wp\/v2\/media?parent=23972"}],"curies":[{"name":"wp","href":"https:\/\/api.w.org\/{rel}","templated":true}]}}