{"id":23908,"date":"2022-05-31T19:34:28","date_gmt":"2022-05-31T17:34:28","guid":{"rendered":"https:\/\/jhcakes.com\/shop\/?post_type=product&#038;p=23908"},"modified":"2024-05-17T22:39:08","modified_gmt":"2024-05-17T20:39:08","slug":"fondant-elsimito-kartyaszett","status":"publish","type":"product","link":"https:\/\/jhcakes.com\/shop\/termek\/fondant-elsimito-kartyaszett\/","title":{"rendered":"Fondant \u00e9lsim\u00edt\u00f3 k\u00e1rtyaszett"},"content":{"rendered":"<h3>Ezzel a<span style=\"color: #ec008c;\"><strong>\u00a0fondant\u00a0<\/strong><\/span><span style=\"color: #ec008c;\"><strong>\u00e9lsim\u00edt\u00f3<\/strong><\/span><span style=\"color: #ec008c;\"><strong>\u00a0k\u00e1rtyaszettel<\/strong><\/span>\u00a0szuper \u00e9lesen kisarkos\u00edthatjuk, ki\u00e9lezhetj\u00fck a tort\u00e1t fed\u0151 fondant- vagy marcip\u00e1nburkolatot. A szett k\u00e9t k\u00fcl\u00f6nb\u00f6z\u0151 \u00edv\u0171 k\u00e1rty\u00e1b\u00f3l \u00e1ll, melyek sarkos\u00edt\u00e1skor kiv\u00e1l\u00f3an passzolnak egym\u00e1shoz. Nagyon j\u00f3 min\u0151s\u00e9g\u0171 term\u00e9k a Squires Kitchen\u00a0c\u00e9gt\u0151l.<\/h3>\n<p>&nbsp;<\/p>\n<h3><strong>A Squires Kitchen \u00e1ltal gy\u00e1rt\u00f3tt fondant \u00e9lsim\u00edt\u00f3 k\u00e1rtyaszett el\u0151nyei:<\/strong><\/h3>\n<ul>\n<li>\n<h3>kiv\u00e1l\u00f3 min\u0151s\u00e9g\u0171, strapab\u00edr\u00f3 alapanyag<\/h3>\n<\/li>\n<li>\n<h3>kiv\u00e1l\u00f3 m\u00e9retez\u00e9s &#8211; kis \u00e9s nagy \u00e1tm\u00e9r\u0151j\u0171 tort\u00e1khoz egyar\u00e1nt haszn\u00e1lhat\u00f3<\/h3>\n<\/li>\n<\/ul>\n<h3><strong>Kiszerel\u00e9s:<\/strong><\/h3>\n<ul>\n<li>\n<h3>2 db fondant k\u00e1rtya egy csomagban<\/h3>\n<\/li>\n<\/ul>\n<h3><strong>Alapanyag:<\/strong><\/h3>\n<ul>\n<li>\n<h3>k\u00f6nnyen hajl\u00edthat\u00f3 m\u0171anyag<\/h3>\n<\/li>\n<\/ul>\n<h3 id=\"tab-description\"><strong>Kezel\u00e9si \u00fatmutat\u00f3:<\/strong><\/h3>\n<ul>\n<li>\n<h3>k\u00e9zzel moshat\u00f3, leveg\u0151n sz\u00e1r\u00edtand\u00f3<\/h3>\n<\/li>\n<\/ul>\n<h3><strong>Gy\u00e1rt\u00f3:<\/strong><\/h3>\n<ul>\n<li>\n<h3>Squires Kitchen &#8211; Anglia<\/h3>\n<\/li>\n<\/ul>\n<div id=\"themify_builder_content-23908\" data-postid=\"23908\" class=\"themify_builder_content themify_builder_content-23908 themify_builder\">\n    <\/div>\n<!-- \/themify_builder_content -->","protected":false},"excerpt":{"rendered":"<h3><strong>K\u00e1rty\u00e1k m\u00e9rete:<\/strong><\/h3>\n<ul>\n<li>\n<h3>sz\u00e9less\u00e9g: \u00a0 \u00a0 \u00a0 \u00a0 \u00a0 \u00a0 \u00a0 80 mm<\/h3>\n<\/li>\n<li>\n<h3>hossz\u00fas\u00e1g: \u00a0 \u00a0 \u00a0 \u00a0 \u00a0 \u00a0105 mm<\/h3>\n<\/li>\n<\/ul>\n","protected":false},"featured_media":23913,"comment_status":"closed","ping_status":"closed","template":"","meta":[],"builder_content":"","_links":{"self":[{"href":"https:\/\/jhcakes.com\/shop\/wp-json\/wp\/v2\/product\/23908"}],"collection":[{"href":"https:\/\/jhcakes.com\/shop\/wp-json\/wp\/v2\/product"}],"about":[{"href":"https:\/\/jhcakes.com\/shop\/wp-json\/wp\/v2\/types\/product"}],"replies":[{"embeddable":true,"href":"https:\/\/jhcakes.com\/shop\/wp-json\/wp\/v2\/comments?post=23908"}],"wp:featuredmedia":[{"embeddable":true,"href":"https:\/\/jhcakes.com\/shop\/wp-json\/wp\/v2\/media\/23913"}],"wp:attachment":[{"href":"https:\/\/jhcakes.com\/shop\/wp-json\/wp\/v2\/media?parent=23908"}],"curies":[{"name":"wp","href":"https:\/\/api.w.org\/{rel}","templated":true}]}}