{"id":23900,"date":"2022-05-31T17:18:05","date_gmt":"2022-05-31T15:18:05","guid":{"rendered":"https:\/\/jhcakes.com\/shop\/?post_type=product&#038;p=23900"},"modified":"2025-11-13T13:15:13","modified_gmt":"2025-11-13T12:15:13","slug":"egyenes-torta-oldal-simito-pme","status":"publish","type":"product","link":"https:\/\/jhcakes.com\/shop\/termek\/egyenes-torta-oldal-simito-pme\/","title":{"rendered":"Egyenes torta oldal sim\u00edt\u00f3 PME"},"content":{"rendered":"<h3>Nagyon stabil, j\u00f3 min\u0151s\u00e9g\u0171,\u00a0<strong><span style=\"color: #ec008c;\">egyenes, torta oldal sim\u00edt\u00f3\u00a0<\/span><\/strong>a PME c\u00e9gt\u0151l.<\/h3>\n<p>&nbsp;<\/p>\n<h3><strong>Kiv\u00e1l\u00f3an alkalmas:<\/strong><\/h3>\n<ul>\n<li>\n<h3>vajkr\u00e9m<\/h3>\n<\/li>\n<li>\n<h3>gan\u00e1zs<\/h3>\n<\/li>\n<li>\n<h3>glaz\u00far elh\u00faz\u00e1s\u00e1ra, elsim\u00edt\u00e1s\u00e1ra<\/h3>\n<\/li>\n<\/ul>\n<h3><strong>Kiszerel\u00e9s:<\/strong><\/h3>\n<ul>\n<li>\n<h3>1 db<\/h3>\n<\/li>\n<\/ul>\n<h3><strong>Alapanyag:<\/strong><\/h3>\n<ul>\n<li>\n<h3>m\u0171anyag<\/h3>\n<\/li>\n<\/ul>\n<h3 id=\"tab-description\"><strong>Kezel\u00e9si \u00fatmutat\u00f3:<\/strong><\/h3>\n<ul>\n<li>\n<h3>k\u00e9zzel moshat\u00f3, leveg\u0151n sz\u00e1r\u00edtand\u00f3<\/h3>\n<\/li>\n<\/ul>\n<h3><strong>Gy\u00e1rt\u00f3:<\/strong><\/h3>\n<ul>\n<li>\n<h3>PME &#8211; Anglia<\/h3>\n<\/li>\n<\/ul>\n<div id=\"themify_builder_content-23900\" data-postid=\"23900\" class=\"themify_builder_content themify_builder_content-23900 themify_builder\">\n    <\/div>\n<!-- \/themify_builder_content -->","protected":false},"excerpt":{"rendered":"<h3><strong>S\u00edm\u00edt\u00f3 m\u00e9rete:<\/strong><\/h3>\n<ul>\n<li>\n<h3>sz\u00e9less\u00e9g: \u00a0 \u00a0 \u00a0 \u00a0 \u00a0 \u00a093 mm<\/h3>\n<\/li>\n<li>\n<h3>magass\u00e1g: \u00a0 \u00a0 \u00a0 \u00a0 134 mm<\/h3>\n<\/li>\n<\/ul>\n","protected":false},"featured_media":23901,"comment_status":"closed","ping_status":"closed","template":"","meta":[],"builder_content":"","_links":{"self":[{"href":"https:\/\/jhcakes.com\/shop\/wp-json\/wp\/v2\/product\/23900"}],"collection":[{"href":"https:\/\/jhcakes.com\/shop\/wp-json\/wp\/v2\/product"}],"about":[{"href":"https:\/\/jhcakes.com\/shop\/wp-json\/wp\/v2\/types\/product"}],"replies":[{"embeddable":true,"href":"https:\/\/jhcakes.com\/shop\/wp-json\/wp\/v2\/comments?post=23900"}],"wp:featuredmedia":[{"embeddable":true,"href":"https:\/\/jhcakes.com\/shop\/wp-json\/wp\/v2\/media\/23901"}],"wp:attachment":[{"href":"https:\/\/jhcakes.com\/shop\/wp-json\/wp\/v2\/media?parent=23900"}],"curies":[{"name":"wp","href":"https:\/\/api.w.org\/{rel}","templated":true}]}}