{"id":23620,"date":"2022-03-23T18:14:17","date_gmt":"2022-03-23T17:14:17","guid":{"rendered":"https:\/\/jhcakes.com\/shop\/?post_type=product&#038;p=23620"},"modified":"2022-10-06T16:02:37","modified_gmt":"2022-10-06T14:02:37","slug":"pavoni-cukorcsipke-sablon","status":"publish","type":"product","link":"https:\/\/jhcakes.com\/shop\/termek\/pavoni-cukorcsipke-sablon\/","title":{"rendered":"Pavoni cukorcsipke sablon"},"content":{"rendered":"<h3><span style=\"color: #878787;\"><span style=\"color: #ec008c;\"><strong>Pavoni cukorcsipke sablon &#8211;<\/strong><\/span><\/span><span style=\"color: #878787;\">\u00a0h\u00e1rom r\u00e9szletb\u0151l \u00e1ll\u00f3 szett, mely nagyon apr\u00f3l\u00e9kos mint\u00e1val rendelkezik. A h\u00e1rom csipke cs\u00edk sok lehet\u0151s\u00e9get \u00e9s vari\u00e1ci\u00f3t k\u00edn\u00e1l minden tortadekor\u00e1l\u00f3 sz\u00e1m\u00e1ra.<\/span><\/h3>\n<p>&nbsp;<\/p>\n<h3><strong>Alapanyag:<\/strong><\/h3>\n<ul>\n<li>\n<h3>\u00e9telk\u00e9sz\u00edt\u00e9sre enged\u00e9lyezett szilikon<\/h3>\n<\/li>\n<\/ul>\n<h3 id=\"tab-description\"><strong>Kezel\u00e9si \u00fatmutat\u00f3:<\/strong><\/h3>\n<ul>\n<li>\n<h3>k\u00e9zzel moshat\u00f3, leveg\u0151n sz\u00e1r\u00edtand\u00f3<\/h3>\n<\/li>\n<\/ul>\n<h3><strong>Gy\u00e1rt\u00f3:<\/strong><\/h3>\n<ul>\n<li>\n<h3>Pavoni &#8211; Olaszorsz\u00e1g<\/h3>\n<\/li>\n<\/ul>\n<div id=\"themify_builder_content-23620\" data-postid=\"23620\" class=\"themify_builder_content themify_builder_content-23620 themify_builder\">\n    <\/div>\n<!-- \/themify_builder_content -->","protected":false},"excerpt":{"rendered":"<h3><strong>Teljes sablon m\u00e9rete:\u00a0<\/strong><\/h3>\n<ul>\n<li>\n<h3>sz\u00e9less\u00e9g: \u00a0 \u00a0 \u00a0 \u00a0 \u00a0 300 mm<\/h3>\n<\/li>\n<li>\n<h3>magass\u00e1g: \u00a0 \u00a0 \u00a0 \u00a0 \u00a0 \u00a040 mm<\/h3>\n<\/li>\n<\/ul>\n","protected":false},"featured_media":23622,"comment_status":"open","ping_status":"closed","template":"","meta":[],"builder_content":"","_links":{"self":[{"href":"https:\/\/jhcakes.com\/shop\/wp-json\/wp\/v2\/product\/23620"}],"collection":[{"href":"https:\/\/jhcakes.com\/shop\/wp-json\/wp\/v2\/product"}],"about":[{"href":"https:\/\/jhcakes.com\/shop\/wp-json\/wp\/v2\/types\/product"}],"replies":[{"embeddable":true,"href":"https:\/\/jhcakes.com\/shop\/wp-json\/wp\/v2\/comments?post=23620"}],"wp:featuredmedia":[{"embeddable":true,"href":"https:\/\/jhcakes.com\/shop\/wp-json\/wp\/v2\/media\/23622"}],"wp:attachment":[{"href":"https:\/\/jhcakes.com\/shop\/wp-json\/wp\/v2\/media?parent=23620"}],"curies":[{"name":"wp","href":"https:\/\/api.w.org\/{rel}","templated":true}]}}