{"id":23601,"date":"2022-03-22T19:12:33","date_gmt":"2022-03-22T18:12:33","guid":{"rendered":"https:\/\/jhcakes.com\/shop\/?post_type=product&#038;p=23601"},"modified":"2026-04-05T18:11:35","modified_gmt":"2026-04-05T16:11:35","slug":"madartoll-vago-es-erezoszett","status":"publish","type":"product","link":"https:\/\/jhcakes.com\/shop\/termek\/madartoll-vago-es-erezoszett\/","title":{"rendered":"Mad\u00e1rtoll v\u00e1g\u00f3 \u00e9s erez\u0151szett"},"content":{"rendered":"<h3><span style=\"color: #333333;\">Gy\u00f6ny\u00f6r\u0171, nagy m\u00e9ret\u0171, apr\u00f3l\u00e9kos r\u00e9szletekkel ell\u00e1tott<\/span>\u00a0<strong><span style=\"color: #ec008c;\">mad\u00e1rtoll v\u00e1g\u00f3 \u00e9s erez\u0151szett<\/span><\/strong>\u00a0<span style=\"color: #333333;\">az angol Squires Kitchen c\u00e9gt\u0151l. A Squires Kitchen c\u00e9gre jellemz\u0151en a szilikon form\u00e1z\u00f3 nagyon j\u00f3 min\u0151s\u00e9g\u0171 alapanyagb\u00f3l k\u00e9sz\u00fclt, ez\u00e9rt a massz\u00e1k k\u00f6nnyen kiemelhet\u0151k a m\u00e9lyed\u00e9sekb\u0151l \u00e9s m\u00e9g forr\u00f3 izomalt haszn\u00e1lata is enged\u00e9lyezett. Tart\u00f3s min\u0151s\u00e9g, \u00f6r\u00f6m ezt az eszk\u00f6zt k\u00e9zbevenni :).<\/span><\/h3>\n<p>&nbsp;<\/p>\n<h3><span style=\"color: #333333;\"><strong>Hogyan haszn\u00e1ljuk a szilikonb\u00f3l k\u00e9sz\u00fclt v\u00e1g\u00f3 \u00e9s erez\u0151szettet?<\/strong><\/span><\/h3>\n<ul>\n<li>\n<h3><span style=\"color: #333333;\">nyomkodjuk vagy \u00f6nts\u00fck a kiv\u00e1lasztott alapanyagot a m\u00e9lyed\u00e9ssel rendelkez\u0151 form\u00e1ba<\/span><\/h3>\n<\/li>\n<li>\n<h3><span style=\"color: #333333;\">helyezz\u00fck a szett m\u00e1sik darabj\u00e1t a forma tetej\u00e9re<\/span><\/h3>\n<\/li>\n<li>\n<h3><span style=\"color: #333333;\">nyomjuk a k\u00e9t form\u00e1t egym\u00e1sba<\/span><\/h3>\n<\/li>\n<li>\n<h3><span style=\"color: #333333;\">\u00f6sszenyom\u00e1skor egyszerre form\u00e1ra is v\u00e1gjuk \u00e9s erezz\u00fck is a bet\u00f6lt\u00f6tt alapanyagot<\/span><\/h3>\n<\/li>\n<\/ul>\n<h3><span style=\"color: #333333;\"><strong>Milyen alapanyagot haszn\u00e1lhatunk a szilikon form\u00e1z\u00f3hoz?<\/strong><\/span><\/h3>\n<ul>\n<li>\n<h3><span style=\"color: #333333;\">fondantot<\/span><\/h3>\n<\/li>\n<li>\n<h3><span style=\"color: #333333;\">cukormassz\u00e1t<\/span><\/h3>\n<\/li>\n<li>\n<h3><span style=\"color: #333333;\">marcip\u00e1nt<\/span><\/h3>\n<\/li>\n<li>\n<h3><span style=\"color: #333333;\">forr\u00f3 cukor\u00f6ntetet, izomaltot<\/span><\/h3>\n<\/li>\n<li>\n<h3><span style=\"color: #333333;\">modellez\u0151 csokol\u00e1d\u00e9t<\/span><\/h3>\n<\/li>\n<li>\n<h3><span style=\"color: #333333;\">felolvasztott csokol\u00e1d\u00e9t<\/span><\/h3>\n<\/li>\n<\/ul>\n<h3><span style=\"color: #333333;\"><strong>Kiszerel\u00e9s:<\/strong><\/span><\/h3>\n<ul>\n<li>\n<h3><span style=\"color: #333333;\">a szett 2 darab, 1 db negat\u00edv \u00e9s 1 db pozit\u00edv szilikonb\u00f3l \u00e1ll<\/span><\/h3>\n<\/li>\n<\/ul>\n<h3><span style=\"color: #333333;\"><strong>Kezel\u00e9si \u00fatmutat\u00f3:<\/strong><\/span><\/h3>\n<ul>\n<li>\n<h3><span style=\"color: #333333;\">k\u00e9zzel moshat\u00f3, leveg\u0151n sz\u00e1r\u00edtand\u00f3<\/span><\/h3>\n<\/li>\n<\/ul>\n<h3><span style=\"color: #333333;\"><strong>Gy\u00e1rt\u00f3:<\/strong><\/span><\/h3>\n<ul>\n<li>\n<h3><span style=\"color: #333333;\">Squires Kitchen &#8211; Anglia<\/span><\/h3>\n<\/li>\n<\/ul>\n<div id=\"themify_builder_content-23601\" data-postid=\"23601\" class=\"themify_builder_content themify_builder_content-23601 themify_builder\">\n    <\/div>\n<!-- \/themify_builder_content -->","protected":false},"excerpt":{"rendered":"<h3><span style=\"color: #333333;\"><strong>Minta m\u00e9rete:<\/strong><\/span><\/h3>\n<ul>\n<li>\n<h3><span style=\"color: #333333;\">sz\u00e9less\u00e9g: \u00a0 \u00a0 \u00a0 \u00a0 \u00a035 mm<\/span><\/h3>\n<\/li>\n<li>\n<h3><span style=\"color: #333333;\">hossz\u00fas\u00e1g: \u00a0 \u00a0 \u00a0 \u00a095 mm<\/span><\/h3>\n<\/li>\n<\/ul>\n","protected":false},"featured_media":23604,"comment_status":"open","ping_status":"closed","template":"","meta":[],"builder_content":"","_links":{"self":[{"href":"https:\/\/jhcakes.com\/shop\/wp-json\/wp\/v2\/product\/23601"}],"collection":[{"href":"https:\/\/jhcakes.com\/shop\/wp-json\/wp\/v2\/product"}],"about":[{"href":"https:\/\/jhcakes.com\/shop\/wp-json\/wp\/v2\/types\/product"}],"replies":[{"embeddable":true,"href":"https:\/\/jhcakes.com\/shop\/wp-json\/wp\/v2\/comments?post=23601"}],"wp:featuredmedia":[{"embeddable":true,"href":"https:\/\/jhcakes.com\/shop\/wp-json\/wp\/v2\/media\/23604"}],"wp:attachment":[{"href":"https:\/\/jhcakes.com\/shop\/wp-json\/wp\/v2\/media?parent=23601"}],"curies":[{"name":"wp","href":"https:\/\/api.w.org\/{rel}","templated":true}]}}