{"id":23596,"date":"2022-03-21T18:51:45","date_gmt":"2022-03-21T17:51:45","guid":{"rendered":"https:\/\/jhcakes.com\/shop\/?post_type=product&#038;p=23596"},"modified":"2022-11-23T18:03:36","modified_gmt":"2022-11-23T17:03:36","slug":"sotetbarna-viragkoto-szalag-2","status":"publish","type":"product","link":"https:\/\/jhcakes.com\/shop\/termek\/sotetbarna-viragkoto-szalag-2\/","title":{"rendered":"S\u00f6t\u00e9tbarna vir\u00e1gk\u00f6t\u0151 szalag"},"content":{"rendered":"<h3><strong><span style=\"color: #ec008c;\">S\u00f6t\u00e9tbarna vir\u00e1gk\u00f6t\u0151 szalag,\u00a0<\/span><\/strong>melyet cukorvir\u00e1gok \u00e9s egy\u00e9b k\u00e9zm\u0171ves term\u00e9kek k\u00e9sz\u00edt\u00e9s\u00e9hez aj\u00e1nlunk.<\/h3>\n<p>&nbsp;<\/p>\n<h3><strong>Kiszerel\u00e9s:<\/strong><\/h3>\n<ul>\n<li>\n<h3>1 tekercs<\/h3>\n<\/li>\n<\/ul>\n<div id=\"themify_builder_content-23596\" data-postid=\"23596\" class=\"themify_builder_content themify_builder_content-23596 themify_builder\">\n    <\/div>\n<!-- \/themify_builder_content -->","protected":false},"excerpt":{"rendered":"<h3><strong>Vir\u00e1gk\u00f6t\u0151 szalag m\u00e9rete:<\/strong><\/h3>\n<ul>\n<li>\n<h3>sz\u00e9less\u00e9g: \u00a0 \u00a0 \u00a0 \u00a0 \u00a0 \u00a0 \u00a012 mm<\/h3>\n<\/li>\n<li>\n<h3>hossz\u00fas\u00e1g: \u00a0 \u00a0 27,4 m\u00e9ter<\/h3>\n<\/li>\n<\/ul>\n","protected":false},"featured_media":23588,"comment_status":"open","ping_status":"closed","template":"","meta":[],"builder_content":"","_links":{"self":[{"href":"https:\/\/jhcakes.com\/shop\/wp-json\/wp\/v2\/product\/23596"}],"collection":[{"href":"https:\/\/jhcakes.com\/shop\/wp-json\/wp\/v2\/product"}],"about":[{"href":"https:\/\/jhcakes.com\/shop\/wp-json\/wp\/v2\/types\/product"}],"replies":[{"embeddable":true,"href":"https:\/\/jhcakes.com\/shop\/wp-json\/wp\/v2\/comments?post=23596"}],"wp:featuredmedia":[{"embeddable":true,"href":"https:\/\/jhcakes.com\/shop\/wp-json\/wp\/v2\/media\/23588"}],"wp:attachment":[{"href":"https:\/\/jhcakes.com\/shop\/wp-json\/wp\/v2\/media?parent=23596"}],"curies":[{"name":"wp","href":"https:\/\/api.w.org\/{rel}","templated":true}]}}