{"id":23565,"date":"2022-03-12T18:47:56","date_gmt":"2022-03-12T17:47:56","guid":{"rendered":"https:\/\/jhcakes.com\/shop\/?post_type=product&#038;p=23565"},"modified":"2025-06-05T15:51:46","modified_gmt":"2025-06-05T13:51:46","slug":"kis-pizzavago-fondanthoz","status":"publish","type":"product","link":"https:\/\/jhcakes.com\/shop\/termek\/kis-pizzavago-fondanthoz\/","title":{"rendered":"Kis pizzav\u00e1g\u00f3 fondanthoz"},"content":{"rendered":"<h3><strong><span style=\"color: #ec008c;\">Kis pizzav\u00e1g\u00f3 <\/span><\/strong>fondanthoz, m\u00e9zes form\u00e1k kiv\u00e1g\u00e1s\u00e1hoz.<\/h3>\n<p>&nbsp;<\/p>\n<h3><strong>Alapanyag:<\/strong><\/h3>\n<ul>\n<li>\n<h3>f\u00e9m<\/h3>\n<\/li>\n<\/ul>\n<h3 id=\"tab-description\"><strong>Kezel\u00e9si \u00fatmutat\u00f3:<\/strong><\/h3>\n<ul>\n<li>\n<h3>k\u00e9zzel \u00e9s mosogat\u00f3g\u00e9ppel is moshat\u00f3<\/h3>\n<\/li>\n<\/ul>\n<div id=\"themify_builder_content-23565\" data-postid=\"23565\" class=\"themify_builder_content themify_builder_content-23565 themify_builder\">\n    <\/div>\n<!-- \/themify_builder_content -->","protected":false},"excerpt":{"rendered":"<h3><strong>Pizzav\u00e1g\u00f3 m\u00e9rete:<\/strong><\/h3>\n<ul>\n<li>\n<h3>ker\u00e9k \u00e1tm\u00e9r\u0151je: \u00a0 \u00a0 \u00a070 mm<\/h3>\n<\/li>\n<\/ul>\n","protected":false},"featured_media":23566,"comment_status":"closed","ping_status":"closed","template":"","meta":[],"builder_content":"","_links":{"self":[{"href":"https:\/\/jhcakes.com\/shop\/wp-json\/wp\/v2\/product\/23565"}],"collection":[{"href":"https:\/\/jhcakes.com\/shop\/wp-json\/wp\/v2\/product"}],"about":[{"href":"https:\/\/jhcakes.com\/shop\/wp-json\/wp\/v2\/types\/product"}],"replies":[{"embeddable":true,"href":"https:\/\/jhcakes.com\/shop\/wp-json\/wp\/v2\/comments?post=23565"}],"wp:featuredmedia":[{"embeddable":true,"href":"https:\/\/jhcakes.com\/shop\/wp-json\/wp\/v2\/media\/23566"}],"wp:attachment":[{"href":"https:\/\/jhcakes.com\/shop\/wp-json\/wp\/v2\/media?parent=23565"}],"curies":[{"name":"wp","href":"https:\/\/api.w.org\/{rel}","templated":true}]}}