{"id":23557,"date":"2022-03-12T18:20:06","date_gmt":"2022-03-12T17:20:06","guid":{"rendered":"https:\/\/jhcakes.com\/shop\/?post_type=product&#038;p=23557"},"modified":"2025-06-05T15:49:35","modified_gmt":"2025-06-05T13:49:35","slug":"csipet-kanal-meroszett-3-db","status":"publish","type":"product","link":"https:\/\/jhcakes.com\/shop\/termek\/csipet-kanal-meroszett-3-db\/","title":{"rendered":"Csipet kan\u00e1l m\u00e9r\u0151szett &#8211; 3 db"},"content":{"rendered":"<h3><strong><span style=\"color: #ec008c;\">Csipet kan\u00e1l m\u00e9r\u0151szett<\/span><\/strong>\u00a0g\u00e9lfest\u00e9kek, porfest\u00e9kek, f\u0171szerek adagol\u00e1s\u00e1hoz.<\/h3>\n<p>&nbsp;<\/p>\n<h3><strong>Alapanyag:<\/strong><\/h3>\n<ul>\n<li>\n<h3>f\u00e9m<\/h3>\n<\/li>\n<\/ul>\n<h3 id=\"tab-description\"><strong>Kezel\u00e9si \u00fatmutat\u00f3:<\/strong><\/h3>\n<ul>\n<li>\n<h3>k\u00e9zzel \u00e9s mosogat\u00f3g\u00e9ppel is moshat\u00f3<\/h3>\n<\/li>\n<\/ul>\n<div id=\"themify_builder_content-23557\" data-postid=\"23557\" class=\"themify_builder_content themify_builder_content-23557 themify_builder\">\n    <\/div>\n<!-- \/themify_builder_content -->","protected":false},"excerpt":{"rendered":"<p>Csipet kan\u00e1l m\u00e9r\u0151szett\u00a0g\u00e9lfest\u00e9kek, porfest\u00e9kek, f\u0171szerek adagol\u00e1s\u00e1hoz. &nbsp; Alapanyag: f\u00e9m Kezel\u00e9si \u00fatmutat\u00f3: k\u00e9zzel \u00e9s mosogat\u00f3g\u00e9ppel is moshat\u00f3<\/p>\n","protected":false},"featured_media":23559,"comment_status":"closed","ping_status":"closed","template":"","meta":[],"builder_content":"","_links":{"self":[{"href":"https:\/\/jhcakes.com\/shop\/wp-json\/wp\/v2\/product\/23557"}],"collection":[{"href":"https:\/\/jhcakes.com\/shop\/wp-json\/wp\/v2\/product"}],"about":[{"href":"https:\/\/jhcakes.com\/shop\/wp-json\/wp\/v2\/types\/product"}],"replies":[{"embeddable":true,"href":"https:\/\/jhcakes.com\/shop\/wp-json\/wp\/v2\/comments?post=23557"}],"wp:featuredmedia":[{"embeddable":true,"href":"https:\/\/jhcakes.com\/shop\/wp-json\/wp\/v2\/media\/23559"}],"wp:attachment":[{"href":"https:\/\/jhcakes.com\/shop\/wp-json\/wp\/v2\/media?parent=23557"}],"curies":[{"name":"wp","href":"https:\/\/api.w.org\/{rel}","templated":true}]}}