{"id":23553,"date":"2022-03-12T17:46:33","date_gmt":"2022-03-12T16:46:33","guid":{"rendered":"https:\/\/jhcakes.com\/shop\/?post_type=product&#038;p=23553"},"modified":"2022-05-10T02:08:56","modified_gmt":"2022-05-10T00:08:56","slug":"szines-kanal-meroszett-5-db","status":"publish","type":"product","link":"https:\/\/jhcakes.com\/shop\/termek\/szines-kanal-meroszett-5-db\/","title":{"rendered":"Sz\u00ednes kan\u00e1l m\u00e9r\u0151szett &#8211; 5 db"},"content":{"rendered":"<h3><strong><span style=\"color: #ec008c;\">Sz\u00ednes kan\u00e1l m\u00e9r\u0151szett<\/span><\/strong>\u00a0mindenkorra.<\/h3>\n<p>&nbsp;<\/p>\n<h3><strong>A szett az al\u00e1bbi m\u00e9reteket tartalmazza:<\/strong><\/h3>\n<ul>\n<li>\n<h3>legnagyobb kan\u00e1l: 1 ev\u0151kan\u00e1l &#8211; 15 ml<\/h3>\n<\/li>\n<li>\n<h3>egyel kisebb kan\u00e1l: 1\/2 ev\u0151kan\u00e1l &#8211; 7,5 ml<\/h3>\n<\/li>\n<li>\n<h3>egyel kisebb kan\u00e1l: 1 k\u00e1v\u00e9skan\u00e1l &#8211; 5 ml<\/h3>\n<\/li>\n<li>\n<h3>egyel kisebb kan\u00e1l: 1\/2 k\u00e1v\u00e9skan\u00e1l &#8211; 2,5 ml<\/h3>\n<\/li>\n<li>\n<h3>legkisebb kan\u00e1l: 1\/4 k\u00e1v\u00e9skan\u00e1l &#8211; 1,25 ml<\/h3>\n<\/li>\n<\/ul>\n<h3><strong>Tartoz\u00e9k:<\/strong><\/h3>\n<ul>\n<li>\n<h3>1 db m\u0171anyag, levehet\u0151 gy\u0171r\u0171, mely a kanalakat \u00f6sszetartja<\/h3>\n<\/li>\n<\/ul>\n<h3><strong>Alapanyag:<\/strong><\/h3>\n<ul>\n<li>\n<h3>\u00e9telk\u00e9sz\u00edt\u00e9shez enged\u00e9lyezett m\u0171anyag<\/h3>\n<\/li>\n<\/ul>\n<h3 id=\"tab-description\"><strong>Kezel\u00e9si \u00fatmutat\u00f3:<\/strong><\/h3>\n<ul>\n<li>\n<h3>k\u00e9zzel \u00e9s mosogat\u00f3g\u00e9ppel is moshat\u00f3<\/h3>\n<\/li>\n<\/ul>\n<div id=\"themify_builder_content-23553\" data-postid=\"23553\" class=\"themify_builder_content themify_builder_content-23553 themify_builder\">\n    <\/div>\n<!-- \/themify_builder_content -->","protected":false},"excerpt":{"rendered":"<p>Sz\u00ednes kan\u00e1l m\u00e9r\u0151szett\u00a0mindenkorra. &nbsp; A szett az al\u00e1bbi m\u00e9reteket tartalmazza: legnagyobb kan\u00e1l: 1 ev\u0151kan\u00e1l &#8211; 15 ml egyel kisebb kan\u00e1l: 1\/2 ev\u0151kan\u00e1l &#8211; 7,5 ml egyel kisebb kan\u00e1l: 1 k\u00e1v\u00e9skan\u00e1l &#8211; 5 ml egyel kisebb kan\u00e1l: 1\/2 k\u00e1v\u00e9skan\u00e1l &#8211; 2,5 ml legkisebb kan\u00e1l: 1\/4 k\u00e1v\u00e9skan\u00e1l &#8211; 1,25 ml Tartoz\u00e9k: 1 db m\u0171anyag, levehet\u0151 gy\u0171r\u0171, mely [&hellip;]<\/p>\n","protected":false},"featured_media":23554,"comment_status":"closed","ping_status":"closed","template":"","meta":[],"builder_content":"","_links":{"self":[{"href":"https:\/\/jhcakes.com\/shop\/wp-json\/wp\/v2\/product\/23553"}],"collection":[{"href":"https:\/\/jhcakes.com\/shop\/wp-json\/wp\/v2\/product"}],"about":[{"href":"https:\/\/jhcakes.com\/shop\/wp-json\/wp\/v2\/types\/product"}],"replies":[{"embeddable":true,"href":"https:\/\/jhcakes.com\/shop\/wp-json\/wp\/v2\/comments?post=23553"}],"wp:featuredmedia":[{"embeddable":true,"href":"https:\/\/jhcakes.com\/shop\/wp-json\/wp\/v2\/media\/23554"}],"wp:attachment":[{"href":"https:\/\/jhcakes.com\/shop\/wp-json\/wp\/v2\/media?parent=23553"}],"curies":[{"name":"wp","href":"https:\/\/api.w.org\/{rel}","templated":true}]}}