{"id":23549,"date":"2022-03-12T17:26:52","date_gmt":"2022-03-12T16:26:52","guid":{"rendered":"https:\/\/jhcakes.com\/shop\/?post_type=product&#038;p=23549"},"modified":"2025-05-18T11:53:24","modified_gmt":"2025-05-18T09:53:24","slug":"szines-cup-meroedenyszett","status":"publish","type":"product","link":"https:\/\/jhcakes.com\/shop\/termek\/szines-cup-meroedenyszett\/","title":{"rendered":"Sz\u00ednes cup m\u00e9r\u0151ed\u00e9nyszett"},"content":{"rendered":"<h3><strong><span style=\"color: #ec008c;\">Sz\u00ednes cup m\u00e9r\u0151ed\u00e9nyszett<\/span><\/strong>\u00a0mindenkorra.<\/h3>\n<p>&nbsp;<\/p>\n<h3><strong>A szett az al\u00e1bbi m\u00e9reteket tartalmazza:<\/strong><\/h3>\n<ul>\n<li>\n<h3>legnagyobb m\u00e9r\u0151ed\u00e9ny: 1 b\u00f6gre &#8211; 250 ml<\/h3>\n<\/li>\n<li>\n<h3>egyel kisebb m\u00e9r\u0151ed\u00e9ny: 1\/2 b\u00f6gre &#8211; 125 ml<\/h3>\n<\/li>\n<li>\n<h3>egyel kisebb m\u00e9r\u0151ed\u00e9ny: 1\/3 b\u00f6gre &#8211; 85 ml<\/h3>\n<\/li>\n<li>\n<h3>legkisebb m\u00e9r\u0151ed\u00e9ny: 1\/4 b\u00f6gre &#8211; 60 ml<\/h3>\n<\/li>\n<\/ul>\n<h3><strong>Tartoz\u00e9k:<\/strong><\/h3>\n<ul>\n<li>\n<h3>1 db m\u0171anyag, levehet\u0151 gy\u0171r\u0171, mely az ed\u00e9nyeket \u00f6sszetartja<\/h3>\n<\/li>\n<\/ul>\n<h3><strong>Alapanyag:<\/strong><\/h3>\n<ul>\n<li>\n<h3>\u00e9telk\u00e9sz\u00edt\u00e9shez enged\u00e9lyezett m\u0171anyag<\/h3>\n<\/li>\n<\/ul>\n<h3 id=\"tab-description\"><strong>Kezel\u00e9si \u00fatmutat\u00f3:<\/strong><\/h3>\n<ul>\n<li>\n<h3>k\u00e9zzel \u00e9s mosogat\u00f3g\u00e9ppel is moshat\u00f3<\/h3>\n<\/li>\n<\/ul>\n<div id=\"themify_builder_content-23549\" data-postid=\"23549\" class=\"themify_builder_content themify_builder_content-23549 themify_builder\">\n    <\/div>\n<!-- \/themify_builder_content -->","protected":false},"excerpt":{"rendered":"<p>Sz\u00ednes cup m\u00e9r\u0151ed\u00e9nyszett\u00a0mindenkorra. &nbsp; A szett az al\u00e1bbi m\u00e9reteket tartalmazza: legnagyobb m\u00e9r\u0151ed\u00e9ny: 1 b\u00f6gre &#8211; 250 ml egyel kisebb m\u00e9r\u0151ed\u00e9ny: 1\/2 b\u00f6gre &#8211; 125 ml egyel kisebb m\u00e9r\u0151ed\u00e9ny: 1\/3 b\u00f6gre &#8211; 85 ml legkisebb m\u00e9r\u0151ed\u00e9ny: 1\/4 b\u00f6gre &#8211; 60 ml Tartoz\u00e9k: 1 db m\u0171anyag, levehet\u0151 gy\u0171r\u0171, mely az ed\u00e9nyeket \u00f6sszetartja Alapanyag: \u00e9telk\u00e9sz\u00edt\u00e9shez enged\u00e9lyezett m\u0171anyag Kezel\u00e9si [&hellip;]<\/p>\n","protected":false},"featured_media":23550,"comment_status":"closed","ping_status":"closed","template":"","meta":[],"builder_content":"","_links":{"self":[{"href":"https:\/\/jhcakes.com\/shop\/wp-json\/wp\/v2\/product\/23549"}],"collection":[{"href":"https:\/\/jhcakes.com\/shop\/wp-json\/wp\/v2\/product"}],"about":[{"href":"https:\/\/jhcakes.com\/shop\/wp-json\/wp\/v2\/types\/product"}],"replies":[{"embeddable":true,"href":"https:\/\/jhcakes.com\/shop\/wp-json\/wp\/v2\/comments?post=23549"}],"wp:featuredmedia":[{"embeddable":true,"href":"https:\/\/jhcakes.com\/shop\/wp-json\/wp\/v2\/media\/23550"}],"wp:attachment":[{"href":"https:\/\/jhcakes.com\/shop\/wp-json\/wp\/v2\/media?parent=23549"}],"curies":[{"name":"wp","href":"https:\/\/api.w.org\/{rel}","templated":true}]}}