{"id":23532,"date":"2022-03-11T19:21:30","date_gmt":"2022-03-11T18:21:30","guid":{"rendered":"https:\/\/jhcakes.com\/shop\/?post_type=product&#038;p=23532"},"modified":"2023-03-05T19:43:59","modified_gmt":"2023-03-05T18:43:59","slug":"kis-meretu-nyujto-pme","status":"publish","type":"product","link":"https:\/\/jhcakes.com\/shop\/termek\/kis-meretu-nyujto-pme\/","title":{"rendered":"Kis m\u00e9ret\u0171 ny\u00fajt\u00f3 &#8211; PME"},"content":{"rendered":"<h3 style=\"text-align: justify;\"><span style=\"color: #ec008c;\"><strong>Kis m\u00e9ret\u0171 ny\u00fajt\u00f3\u00a0<\/strong><\/span><span style=\"color: #ec008c;\"><span style=\"color: #878787;\">az angliai PME c\u00e9gt\u0151l. N\u00e9lk\u00fcl\u00f6zhetetlen eszk\u00f6z t<\/span><\/span><span style=\"color: #ec008c;\"><span style=\"color: #878787;\">ortadekor\u00e1l\u00f3knak, cukorvir\u00e1g k\u00e9sz\u00edt\u0151knek.<br \/>\nA ny\u00fajt\u00f3 fel\u00fclete t\u00f6k\u00e9letesen sima, \u00edgy haszn\u00e1latkor nem nyom bar\u00e1zd\u00e1kat, cs\u00edkokat a massz\u00e1ba, ami\u00a0<\/span><\/span><span style=\"color: #ec008c;\"><span style=\"color: #878787;\">gyakori hib\u00e1ja az\u00a0<\/span><\/span><span style=\"color: #ec008c;\"><span style=\"color: #878787;\">olcs\u00f3bb ny\u00fajt\u00f3knak<\/span><\/span><span style=\"color: #ec008c;\"><span style=\"color: #878787;\">.\u00a0<\/span><\/span><\/h3>\n<p>&nbsp;<\/p>\n<h3><strong>Alapanyag:<\/strong><\/h3>\n<ul>\n<li>\n<h3>felpol\u00edrozott, tapad\u00e1sg\u00e1tl\u00f3 m\u0171anyag<\/h3>\n<\/li>\n<\/ul>\n<div id=\"themify_builder_content-23532\" data-postid=\"23532\" class=\"themify_builder_content themify_builder_content-23532 themify_builder\">\n    <\/div>\n<!-- \/themify_builder_content -->","protected":false},"excerpt":{"rendered":"<h3><strong>Ny\u00fajt\u00f3 m\u00e9rete:<\/strong><\/h3>\n<ul>\n<li>\n<h3>hossz: \u00a0 \u00a0 \u00a0 \u00a0 \u00a0230 mm<\/h3>\n<\/li>\n<li>\n<h3>\u00e1tm\u00e9r\u0151: \u00a0 \u00a0 \u00a0 \u00a0 25 mm<\/h3>\n<\/li>\n<\/ul>\n","protected":false},"featured_media":23740,"comment_status":"closed","ping_status":"closed","template":"","meta":[],"builder_content":"","_links":{"self":[{"href":"https:\/\/jhcakes.com\/shop\/wp-json\/wp\/v2\/product\/23532"}],"collection":[{"href":"https:\/\/jhcakes.com\/shop\/wp-json\/wp\/v2\/product"}],"about":[{"href":"https:\/\/jhcakes.com\/shop\/wp-json\/wp\/v2\/types\/product"}],"replies":[{"embeddable":true,"href":"https:\/\/jhcakes.com\/shop\/wp-json\/wp\/v2\/comments?post=23532"}],"wp:featuredmedia":[{"embeddable":true,"href":"https:\/\/jhcakes.com\/shop\/wp-json\/wp\/v2\/media\/23740"}],"wp:attachment":[{"href":"https:\/\/jhcakes.com\/shop\/wp-json\/wp\/v2\/media?parent=23532"}],"curies":[{"name":"wp","href":"https:\/\/api.w.org\/{rel}","templated":true}]}}