{"id":23529,"date":"2022-03-11T18:16:53","date_gmt":"2022-03-11T17:16:53","guid":{"rendered":"https:\/\/jhcakes.com\/shop\/?post_type=product&#038;p=23529"},"modified":"2022-05-17T20:20:39","modified_gmt":"2022-05-17T18:20:39","slug":"forgathato-tortaallvany-pme","status":"publish","type":"product","link":"https:\/\/jhcakes.com\/shop\/termek\/forgathato-tortaallvany-pme\/","title":{"rendered":"Forgathat\u00f3 torta\u00e1llv\u00e1ny &#8211; PME"},"content":{"rendered":"<h3 style=\"text-align: justify;\"><span style=\"color: #ec008c;\"><span style=\"color: #878787;\">\u00a0Nagy t\u00e1lc\u00e1s, <span style=\"color: #ec008c;\">forgathat\u00f3 torta\u00e1llv\u00e1ny<\/span> az angol PME c\u00e9gt\u0151l.<\/span><\/span><\/h3>\n<p>&nbsp;<\/p>\n<h3><strong>Tulajdons\u00e1gok:<\/strong><\/h3>\n<ul>\n<li>\n<h3>nagy \u00e1tm\u00e9r\u0151j\u0171 forgathat\u00f3 t\u00e1lca<\/h3>\n<\/li>\n<li>\n<h3>k\u00f6nny\u0171, akad\u00e1lymentes forgathat\u00f3s\u00e1g<\/h3>\n<\/li>\n<li>\n<h3>feh\u00e9r, moshat\u00f3 cs\u00fasz\u00e1sg\u00e1tl\u00f3 al\u00e1t\u00e9t<\/h3>\n<\/li>\n<li>\n<h3>cs\u00fasz\u00e1sg\u00e1tl\u00f3 talpak<\/h3>\n<\/li>\n<\/ul>\n<h3><strong>Alapanyag:<\/strong><\/h3>\n<ul>\n<li>\n<h3>m\u0171anyag<\/h3>\n<\/li>\n<\/ul>\n<h3><strong>Kezel\u00e9si \u00fatmutat\u00f3:<\/strong><\/h3>\n<ul>\n<li>\n<h3>k\u00e9zzel moshat\u00f3, leveg\u0151n sz\u00e1r\u00edtand\u00f3<\/h3>\n<\/li>\n<\/ul>\n<div id=\"themify_builder_content-23529\" data-postid=\"23529\" class=\"themify_builder_content themify_builder_content-23529 themify_builder\">\n    <\/div>\n<!-- \/themify_builder_content -->","protected":false},"excerpt":{"rendered":"<h3><strong>Torta\u00e1llv\u00e1ny m\u00e9retei:<\/strong><\/h3>\n<ul>\n<li>\n<h3>forg\u00f3 t\u00e1lca \u00e1tm\u00e9r\u0151je: \u00a0 \u00a031,5 cm<\/h3>\n<\/li>\n<li>\n<h3>magass\u00e1g: \u00a0 \u00a0 \u00a0 \u00a0 \u00a0 \u00a0 \u00a0 \u00a0 \u00a0 \u00a0 \u00a0 \u00a0 \u00a0 8 cm<\/h3>\n<\/li>\n<\/ul>\n","protected":false},"featured_media":23530,"comment_status":"closed","ping_status":"closed","template":"","meta":[],"builder_content":"","_links":{"self":[{"href":"https:\/\/jhcakes.com\/shop\/wp-json\/wp\/v2\/product\/23529"}],"collection":[{"href":"https:\/\/jhcakes.com\/shop\/wp-json\/wp\/v2\/product"}],"about":[{"href":"https:\/\/jhcakes.com\/shop\/wp-json\/wp\/v2\/types\/product"}],"replies":[{"embeddable":true,"href":"https:\/\/jhcakes.com\/shop\/wp-json\/wp\/v2\/comments?post=23529"}],"wp:featuredmedia":[{"embeddable":true,"href":"https:\/\/jhcakes.com\/shop\/wp-json\/wp\/v2\/media\/23530"}],"wp:attachment":[{"href":"https:\/\/jhcakes.com\/shop\/wp-json\/wp\/v2\/media?parent=23529"}],"curies":[{"name":"wp","href":"https:\/\/api.w.org\/{rel}","templated":true}]}}